{"id":14278,"date":"2023-10-07T11:21:58","date_gmt":"2023-10-07T08:21:58","guid":{"rendered":"https:\/\/www.ksttukku.fi\/kauppa\/?post_type=product&#038;p=14278"},"modified":"2023-10-07T11:51:32","modified_gmt":"2023-10-07T08:51:32","slug":"kimber-riippuvalaisin-50-cm-musta","status":"publish","type":"product","link":"https:\/\/www.ksttukku.fi\/kauppa\/tuote\/kimber-riippuvalaisin-50-cm-musta\/","title":{"rendered":"Kimber riippuvalaisin  50 cm musta"},"content":{"rendered":"<p>Minimalistinen kupu, mutta h\u00e4mment\u00e4v\u00e4n hyv\u00e4 valoteho! Todella kaunis kokonaisuus jossa harjattu messinkiholkki ja musta metallivarjostin.<\/p>\n<p>Klassinen ja niin kaunis!<\/p>\n<p>Koukkukiinnitys+pistoke<\/p>\n<ul class=\"product-technical-data\">\n<li>Halkaisija: 50 cm<\/li>\n<li>Kiinte\u00e4 LED 37 W (sis\u00e4ltyy)<\/li>\n<li>2773 lm<\/li>\n<li>3000 K<\/li>\n<li>Johdon pituus: 3 m (s\u00e4\u00e4dett\u00e4viss\u00e4)<\/li>\n<li>TRIAC-himmennett\u00e4v\u00e4<\/li>\n<li>Messinkinen varsi<\/li>\n<li>\u00a0Matta musta, \u00f8 50 cm<\/li>\n<\/ul>\n","protected":false},"excerpt":{"rendered":"<p>Minimalistinen kupu, mutta h\u00e4mment\u00e4v\u00e4n hyv\u00e4 valoteho! Todella kaunis kokonaisuus jossa harjattu messinkiholkki ja musta metallivarjostin. Klassinen ja niin kaunis! Koukkukiinnitys+pistoke Halkaisija: 50 cm Kiinte\u00e4 LED 37 W (sis\u00e4ltyy) 2773 lm 3000 K Johdon pituus: 3 m (s\u00e4\u00e4dett\u00e4viss\u00e4) TRIAC-himmennett\u00e4v\u00e4 Messinkinen varsi \u00a0Matta musta, \u00f8 50 cm<\/p>\n","protected":false},"featured_media":14279,"comment_status":"closed","ping_status":"closed","template":"","meta":[],"product_brand":[],"product_cat":[49,35,34],"product_tag":[],"class_list":{"0":"post-14278","1":"product","2":"type-product","3":"status-publish","4":"has-post-thumbnail","6":"product_cat-riippuvalaisimet","7":"product_cat-sisavalaisimet","8":"product_cat-valaisimet","10":"first","11":"instock","12":"taxable","13":"shipping-taxable","14":"purchasable","15":"product-type-simple"},"_links":{"self":[{"href":"https:\/\/www.ksttukku.fi\/kauppa\/wp-json\/wp\/v2\/product\/14278","targetHints":{"allow":["GET"]}}],"collection":[{"href":"https:\/\/www.ksttukku.fi\/kauppa\/wp-json\/wp\/v2\/product"}],"about":[{"href":"https:\/\/www.ksttukku.fi\/kauppa\/wp-json\/wp\/v2\/types\/product"}],"replies":[{"embeddable":true,"href":"https:\/\/www.ksttukku.fi\/kauppa\/wp-json\/wp\/v2\/comments?post=14278"}],"wp:featuredmedia":[{"embeddable":true,"href":"https:\/\/www.ksttukku.fi\/kauppa\/wp-json\/wp\/v2\/media\/14279"}],"wp:attachment":[{"href":"https:\/\/www.ksttukku.fi\/kauppa\/wp-json\/wp\/v2\/media?parent=14278"}],"wp:term":[{"taxonomy":"product_brand","embeddable":true,"href":"https:\/\/www.ksttukku.fi\/kauppa\/wp-json\/wp\/v2\/product_brand?post=14278"},{"taxonomy":"product_cat","embeddable":true,"href":"https:\/\/www.ksttukku.fi\/kauppa\/wp-json\/wp\/v2\/product_cat?post=14278"},{"taxonomy":"product_tag","embeddable":true,"href":"https:\/\/www.ksttukku.fi\/kauppa\/wp-json\/wp\/v2\/product_tag?post=14278"}],"curies":[{"name":"wp","href":"https:\/\/api.w.org\/{rel}","templated":true}]}}