{"id":14282,"date":"2023-10-09T17:19:55","date_gmt":"2023-10-09T14:19:55","guid":{"rendered":"https:\/\/www.ksttukku.fi\/kauppa\/?post_type=product&#038;p=14282"},"modified":"2023-10-09T17:19:56","modified_gmt":"2023-10-09T14:19:56","slug":"champagne-3-kattovalaisin","status":"publish","type":"product","link":"https:\/\/www.ksttukku.fi\/kauppa\/tuote\/champagne-3-kattovalaisin\/","title":{"rendered":"Champagne 3-kattovalaisin"},"content":{"rendered":"<p>Champagne -valaisimet luovat s\u00e4ihkeell\u00e4n tilaan glamouria ja luxusta \u2013 t\u00e4st\u00e4 viestii jo niiden nimikin! Upea valon ja ilon tuoja pirist\u00e4m\u00e4\u00e4n tilaa kuin tilaa. TRIAC himmennett\u00e4v\u00e4n\u00e4 Champagne sopii my\u00f6s tunnelmallisempaan illanviettoon.<\/p>\n<ul class=\"product-technical-data\">\n<li>Halkaisija: 22 cm<\/li>\n<li>Kiinte\u00e4 LED: 3 x 10 W (sis\u00e4ltyy)<\/li>\n<li>3000 K<\/li>\n<li>Johdon pituus: 3 m (s\u00e4\u00e4dett\u00e4viss\u00e4)<\/li>\n<li>Ruuvikiinnitys<\/li>\n<li>Messinki \/ akryylikristalli<\/li>\n<\/ul>\n","protected":false},"excerpt":{"rendered":"<p><img loading=\"lazy\" decoding=\"async\" class=\"alignleft size-medium wp-image-14284\" src=\"https:\/\/www.ksttukku.fi\/kauppa\/wp-content\/uploads\/2023\/10\/valaisin-gronlund-champange-2-300x169.jpg\" alt=\"\" width=\"300\" height=\"169\" srcset=\"https:\/\/www.ksttukku.fi\/kauppa\/wp-content\/uploads\/2023\/10\/valaisin-gronlund-champange-2-300x169.jpg 300w, https:\/\/www.ksttukku.fi\/kauppa\/wp-content\/uploads\/2023\/10\/valaisin-gronlund-champange-2-768x432.jpg 768w, https:\/\/www.ksttukku.fi\/kauppa\/wp-content\/uploads\/2023\/10\/valaisin-gronlund-champange-2-416x234.jpg 416w, https:\/\/www.ksttukku.fi\/kauppa\/wp-content\/uploads\/2023\/10\/valaisin-gronlund-champange-2.jpg 1024w\" sizes=\"auto, (max-width: 300px) 100vw, 300px\" \/><\/p>\n","protected":false},"featured_media":14283,"comment_status":"closed","ping_status":"closed","template":"","meta":[],"product_brand":[],"product_cat":[49,35,34],"product_tag":[],"class_list":{"0":"post-14282","1":"product","2":"type-product","3":"status-publish","4":"has-post-thumbnail","6":"product_cat-riippuvalaisimet","7":"product_cat-sisavalaisimet","8":"product_cat-valaisimet","10":"first","11":"instock","12":"taxable","13":"shipping-taxable","14":"purchasable","15":"product-type-simple"},"_links":{"self":[{"href":"https:\/\/www.ksttukku.fi\/kauppa\/wp-json\/wp\/v2\/product\/14282","targetHints":{"allow":["GET"]}}],"collection":[{"href":"https:\/\/www.ksttukku.fi\/kauppa\/wp-json\/wp\/v2\/product"}],"about":[{"href":"https:\/\/www.ksttukku.fi\/kauppa\/wp-json\/wp\/v2\/types\/product"}],"replies":[{"embeddable":true,"href":"https:\/\/www.ksttukku.fi\/kauppa\/wp-json\/wp\/v2\/comments?post=14282"}],"wp:featuredmedia":[{"embeddable":true,"href":"https:\/\/www.ksttukku.fi\/kauppa\/wp-json\/wp\/v2\/media\/14283"}],"wp:attachment":[{"href":"https:\/\/www.ksttukku.fi\/kauppa\/wp-json\/wp\/v2\/media?parent=14282"}],"wp:term":[{"taxonomy":"product_brand","embeddable":true,"href":"https:\/\/www.ksttukku.fi\/kauppa\/wp-json\/wp\/v2\/product_brand?post=14282"},{"taxonomy":"product_cat","embeddable":true,"href":"https:\/\/www.ksttukku.fi\/kauppa\/wp-json\/wp\/v2\/product_cat?post=14282"},{"taxonomy":"product_tag","embeddable":true,"href":"https:\/\/www.ksttukku.fi\/kauppa\/wp-json\/wp\/v2\/product_tag?post=14282"}],"curies":[{"name":"wp","href":"https:\/\/api.w.org\/{rel}","templated":true}]}}