{"id":14287,"date":"2023-10-09T18:13:38","date_gmt":"2023-10-09T15:13:38","guid":{"rendered":"https:\/\/www.ksttukku.fi\/kauppa\/?post_type=product&#038;p=14287"},"modified":"2023-10-09T18:19:20","modified_gmt":"2023-10-09T15:19:20","slug":"kimber-poytavalaisin-valkoinen-messinki","status":"publish","type":"product","link":"https:\/\/www.ksttukku.fi\/kauppa\/tuote\/kimber-poytavalaisin-valkoinen-messinki\/","title":{"rendered":"Kimber-p\u00f6yt\u00e4valaisin valkoinen\/messinki"},"content":{"rendered":"<p>Suosittu Kimber-p\u00f6yt\u00e4- ja lattiavalaisimessa on minimalistinen siro kupu, mutta jonka suuri pinta-ala takaa tasaisen ja tehokkaan valon.<\/p>\n<p>P\u00f6yt\u00e4valaisin valkoinen\/messinki<\/p>\n<ul class=\"product-technical-data\">\n<li>Korkeus: 51 cm<\/li>\n<li>Halkaisija: 40 cm<\/li>\n<li>Kiinte\u00e4 LED, 21 W (sis\u00e4ltyy)<\/li>\n<li>1500 lm<\/li>\n<li>3000 K<\/li>\n<\/ul>\n","protected":false},"excerpt":{"rendered":"<p>Suosittu Kimber-p\u00f6yt\u00e4- ja lattiavalaisimessa on minimalistinen siro kupu, mutta jonka suuri pinta-ala takaa tasaisen ja tehokkaan valon. P\u00f6yt\u00e4valaisin valkoinen\/messinki Korkeus: 51 cm Halkaisija: 40 cm Kiinte\u00e4 LED, 21 W (sis\u00e4ltyy) 1500 lm 3000 K<\/p>\n","protected":false},"featured_media":14288,"comment_status":"closed","ping_status":"closed","template":"","meta":[],"product_brand":[],"product_cat":[44,35,34],"product_tag":[],"class_list":{"0":"post-14287","1":"product","2":"type-product","3":"status-publish","4":"has-post-thumbnail","6":"product_cat-poytavalaisimet","7":"product_cat-sisavalaisimet","8":"product_cat-valaisimet","10":"first","11":"instock","12":"taxable","13":"shipping-taxable","14":"purchasable","15":"product-type-simple"},"_links":{"self":[{"href":"https:\/\/www.ksttukku.fi\/kauppa\/wp-json\/wp\/v2\/product\/14287","targetHints":{"allow":["GET"]}}],"collection":[{"href":"https:\/\/www.ksttukku.fi\/kauppa\/wp-json\/wp\/v2\/product"}],"about":[{"href":"https:\/\/www.ksttukku.fi\/kauppa\/wp-json\/wp\/v2\/types\/product"}],"replies":[{"embeddable":true,"href":"https:\/\/www.ksttukku.fi\/kauppa\/wp-json\/wp\/v2\/comments?post=14287"}],"wp:featuredmedia":[{"embeddable":true,"href":"https:\/\/www.ksttukku.fi\/kauppa\/wp-json\/wp\/v2\/media\/14288"}],"wp:attachment":[{"href":"https:\/\/www.ksttukku.fi\/kauppa\/wp-json\/wp\/v2\/media?parent=14287"}],"wp:term":[{"taxonomy":"product_brand","embeddable":true,"href":"https:\/\/www.ksttukku.fi\/kauppa\/wp-json\/wp\/v2\/product_brand?post=14287"},{"taxonomy":"product_cat","embeddable":true,"href":"https:\/\/www.ksttukku.fi\/kauppa\/wp-json\/wp\/v2\/product_cat?post=14287"},{"taxonomy":"product_tag","embeddable":true,"href":"https:\/\/www.ksttukku.fi\/kauppa\/wp-json\/wp\/v2\/product_tag?post=14287"}],"curies":[{"name":"wp","href":"https:\/\/api.w.org\/{rel}","templated":true}]}}