{"id":14289,"date":"2023-10-09T19:23:48","date_gmt":"2023-10-09T16:23:48","guid":{"rendered":"https:\/\/www.ksttukku.fi\/kauppa\/?post_type=product&#038;p=14289"},"modified":"2023-10-09T19:23:48","modified_gmt":"2023-10-09T16:23:48","slug":"rigel-asennusprofiili-2m","status":"publish","type":"product","link":"https:\/\/www.ksttukku.fi\/kauppa\/tuote\/rigel-asennusprofiili-2m\/","title":{"rendered":"Rigel asennusprofiili 2m"},"content":{"rendered":"<p>Galvanoitu, ter\u00e4ksinen asennusprofiili Rigel led-nauhalle. Profiilin pituus 2000 mm. Varmistaa suoran asennuksen ja nauhan pysyvyyden asennuspinnassa. Profiilissa on 3,5 x 20 uppokantaruuveille sopivat rei\u00e4t 180 mm v\u00e4lein, yhteens\u00e4 12 kpl. P\u00e4\u00e4tytulpat j\u00e4\u00e4v\u00e4t profiilin ulkopuolelle.<\/p>\n","protected":false},"excerpt":{"rendered":"<p>Asennusprofiili 2000X17 mm RIGEL LED-nauhalle. Galvanoitua ter\u00e4st\u00e4.<\/p>\n","protected":false},"featured_media":14290,"comment_status":"closed","ping_status":"closed","template":"","meta":[],"product_brand":[],"product_cat":[34,45],"product_tag":[],"class_list":{"0":"post-14289","1":"product","2":"type-product","3":"status-publish","4":"has-post-thumbnail","6":"product_cat-valaisimet","7":"product_cat-valonauhat","9":"first","10":"instock","11":"taxable","12":"shipping-taxable","13":"purchasable","14":"product-type-simple"},"_links":{"self":[{"href":"https:\/\/www.ksttukku.fi\/kauppa\/wp-json\/wp\/v2\/product\/14289","targetHints":{"allow":["GET"]}}],"collection":[{"href":"https:\/\/www.ksttukku.fi\/kauppa\/wp-json\/wp\/v2\/product"}],"about":[{"href":"https:\/\/www.ksttukku.fi\/kauppa\/wp-json\/wp\/v2\/types\/product"}],"replies":[{"embeddable":true,"href":"https:\/\/www.ksttukku.fi\/kauppa\/wp-json\/wp\/v2\/comments?post=14289"}],"wp:featuredmedia":[{"embeddable":true,"href":"https:\/\/www.ksttukku.fi\/kauppa\/wp-json\/wp\/v2\/media\/14290"}],"wp:attachment":[{"href":"https:\/\/www.ksttukku.fi\/kauppa\/wp-json\/wp\/v2\/media?parent=14289"}],"wp:term":[{"taxonomy":"product_brand","embeddable":true,"href":"https:\/\/www.ksttukku.fi\/kauppa\/wp-json\/wp\/v2\/product_brand?post=14289"},{"taxonomy":"product_cat","embeddable":true,"href":"https:\/\/www.ksttukku.fi\/kauppa\/wp-json\/wp\/v2\/product_cat?post=14289"},{"taxonomy":"product_tag","embeddable":true,"href":"https:\/\/www.ksttukku.fi\/kauppa\/wp-json\/wp\/v2\/product_tag?post=14289"}],"curies":[{"name":"wp","href":"https:\/\/api.w.org\/{rel}","templated":true}]}}