{"id":14315,"date":"2023-10-16T15:59:47","date_gmt":"2023-10-16T12:59:47","guid":{"rendered":"https:\/\/www.ksttukku.fi\/kauppa\/?post_type=product&#038;p=14315"},"modified":"2023-10-16T15:59:47","modified_gmt":"2023-10-16T12:59:47","slug":"led-paperitahti-valkoinen-43-cm","status":"publish","type":"product","link":"https:\/\/www.ksttukku.fi\/kauppa\/tuote\/led-paperitahti-valkoinen-43-cm\/","title":{"rendered":"LED-paperit\u00e4hti valkoinen 43 cm"},"content":{"rendered":"<p>Ihastuttava paristok\u00e4ytt\u00f6inen paperit\u00e4hti. 10 kpl l\u00e4mmin valkoinen LED. 30 cm johto paristokotelolle.<\/p>\n<p>P20, vain sis\u00e4k\u00e4ytt\u00f6\u00f6n.<\/p>\n<p>Paristot eiv\u00e4t sis\u00e4lly pakkaukseen.<\/p>\n","protected":false},"excerpt":{"rendered":"<p>Ihastuttava paristok\u00e4ytt\u00f6inen paperit\u00e4hti. 10 kpl l\u00e4mmin valkoinen LED. 30 cm johto paristokotelolle. P20, vain sis\u00e4k\u00e4ytt\u00f6\u00f6n. Paristot eiv\u00e4t sis\u00e4lly pakkaukseen.<\/p>\n","protected":false},"featured_media":14316,"comment_status":"closed","ping_status":"closed","template":"","meta":[],"product_brand":[],"product_cat":[176,198,34],"product_tag":[],"class_list":{"0":"post-14315","1":"product","2":"type-product","3":"status-publish","4":"has-post-thumbnail","6":"product_cat-joulu-ja-koristevalot","7":"product_cat-paperitahdet","8":"product_cat-valaisimet","10":"first","11":"instock","12":"taxable","13":"shipping-taxable","14":"purchasable","15":"product-type-simple"},"_links":{"self":[{"href":"https:\/\/www.ksttukku.fi\/kauppa\/wp-json\/wp\/v2\/product\/14315","targetHints":{"allow":["GET"]}}],"collection":[{"href":"https:\/\/www.ksttukku.fi\/kauppa\/wp-json\/wp\/v2\/product"}],"about":[{"href":"https:\/\/www.ksttukku.fi\/kauppa\/wp-json\/wp\/v2\/types\/product"}],"replies":[{"embeddable":true,"href":"https:\/\/www.ksttukku.fi\/kauppa\/wp-json\/wp\/v2\/comments?post=14315"}],"wp:featuredmedia":[{"embeddable":true,"href":"https:\/\/www.ksttukku.fi\/kauppa\/wp-json\/wp\/v2\/media\/14316"}],"wp:attachment":[{"href":"https:\/\/www.ksttukku.fi\/kauppa\/wp-json\/wp\/v2\/media?parent=14315"}],"wp:term":[{"taxonomy":"product_brand","embeddable":true,"href":"https:\/\/www.ksttukku.fi\/kauppa\/wp-json\/wp\/v2\/product_brand?post=14315"},{"taxonomy":"product_cat","embeddable":true,"href":"https:\/\/www.ksttukku.fi\/kauppa\/wp-json\/wp\/v2\/product_cat?post=14315"},{"taxonomy":"product_tag","embeddable":true,"href":"https:\/\/www.ksttukku.fi\/kauppa\/wp-json\/wp\/v2\/product_tag?post=14315"}],"curies":[{"name":"wp","href":"https:\/\/api.w.org\/{rel}","templated":true}]}}