{"id":14318,"date":"2023-10-16T16:36:16","date_gmt":"2023-10-16T13:36:16","guid":{"rendered":"https:\/\/www.ksttukku.fi\/kauppa\/?post_type=product&#038;p=14318"},"modified":"2023-10-16T16:37:31","modified_gmt":"2023-10-16T13:37:31","slug":"valkoinen-jalallinen-poytatahti","status":"publish","type":"product","link":"https:\/\/www.ksttukku.fi\/kauppa\/tuote\/valkoinen-jalallinen-poytatahti\/","title":{"rendered":"valkoinen jalallinen p\u00f6yt\u00e4t\u00e4hti"},"content":{"rendered":"<p>Ihastuttava valkoinen\u00a0 p\u00f6yt\u00e4t\u00e4hti jalustalla.<\/p>\n<p>Valaisimeen sopivat kaikki E14-kantaiset polttimot, joiden teho on korkeintaan 25 W.<\/p>\n<p>Korkeus: 65cm<\/p>\n<p>Leveys: 40cm<\/p>\n<p>Johdonpituus 240cm,johdossa v\u00e4likytkin.<\/p>\n<p>Varjostimen materiaali:\u00a0 paperi<\/p>\n","protected":false},"excerpt":{"rendered":"<p>Ihastuttava valkoinen\u00a0 p\u00f6yt\u00e4t\u00e4hti jalustalla. Valaisimeen sopivat kaikki E14-kantaiset polttimot, joiden teho on korkeintaan 25 W. Korkeus: 65cm Leveys: 40cm Johdonpituus 240cm,johdossa v\u00e4likytkin. Varjostimen materiaali:\u00a0 paperi<\/p>\n","protected":false},"featured_media":14319,"comment_status":"closed","ping_status":"closed","template":"","meta":[],"product_brand":[],"product_cat":[176,491,198,377],"product_tag":[],"class_list":{"0":"post-14318","1":"product","2":"type-product","3":"status-publish","4":"has-post-thumbnail","6":"product_cat-joulu-ja-koristevalot","7":"product_cat-kodin-sisustustuotteet","8":"product_cat-paperitahdet","9":"product_cat-sisustus-lahjatavarat","11":"first","12":"instock","13":"taxable","14":"shipping-taxable","15":"purchasable","16":"product-type-simple"},"_links":{"self":[{"href":"https:\/\/www.ksttukku.fi\/kauppa\/wp-json\/wp\/v2\/product\/14318","targetHints":{"allow":["GET"]}}],"collection":[{"href":"https:\/\/www.ksttukku.fi\/kauppa\/wp-json\/wp\/v2\/product"}],"about":[{"href":"https:\/\/www.ksttukku.fi\/kauppa\/wp-json\/wp\/v2\/types\/product"}],"replies":[{"embeddable":true,"href":"https:\/\/www.ksttukku.fi\/kauppa\/wp-json\/wp\/v2\/comments?post=14318"}],"wp:featuredmedia":[{"embeddable":true,"href":"https:\/\/www.ksttukku.fi\/kauppa\/wp-json\/wp\/v2\/media\/14319"}],"wp:attachment":[{"href":"https:\/\/www.ksttukku.fi\/kauppa\/wp-json\/wp\/v2\/media?parent=14318"}],"wp:term":[{"taxonomy":"product_brand","embeddable":true,"href":"https:\/\/www.ksttukku.fi\/kauppa\/wp-json\/wp\/v2\/product_brand?post=14318"},{"taxonomy":"product_cat","embeddable":true,"href":"https:\/\/www.ksttukku.fi\/kauppa\/wp-json\/wp\/v2\/product_cat?post=14318"},{"taxonomy":"product_tag","embeddable":true,"href":"https:\/\/www.ksttukku.fi\/kauppa\/wp-json\/wp\/v2\/product_tag?post=14318"}],"curies":[{"name":"wp","href":"https:\/\/api.w.org\/{rel}","templated":true}]}}