{"id":14321,"date":"2023-10-16T16:55:44","date_gmt":"2023-10-16T13:55:44","guid":{"rendered":"https:\/\/www.ksttukku.fi\/kauppa\/?post_type=product&#038;p=14321"},"modified":"2023-10-16T16:55:46","modified_gmt":"2023-10-16T13:55:46","slug":"paristokayttoinen-koristelyhty","status":"publish","type":"product","link":"https:\/\/www.ksttukku.fi\/kauppa\/tuote\/paristokayttoinen-koristelyhty\/","title":{"rendered":"Paristok\u00e4ytt\u00f6inen koristelyhty"},"content":{"rendered":"<p>Paristok\u00e4ytt\u00f6inen koristelyhty ajastintoiminnolla,puusiluetti.<\/p>\n<p>2x AA patteri(ei sis\u00e4lly tuotteeseen)<\/p>\n<p>korkeus:29cm<\/p>\n<p>Leveys: 11cm<\/p>\n<p>&nbsp;<\/p>\n","protected":false},"excerpt":{"rendered":"<p><img loading=\"lazy\" decoding=\"async\" class=\"alignleft size-medium wp-image-14323\" src=\"https:\/\/www.ksttukku.fi\/kauppa\/wp-content\/uploads\/2023\/10\/Konstsmide-00-300x300.jpeg\" alt=\"\" width=\"300\" height=\"300\" srcset=\"https:\/\/www.ksttukku.fi\/kauppa\/wp-content\/uploads\/2023\/10\/Konstsmide-00-300x300.jpeg 300w, https:\/\/www.ksttukku.fi\/kauppa\/wp-content\/uploads\/2023\/10\/Konstsmide-00-150x150.jpeg 150w, https:\/\/www.ksttukku.fi\/kauppa\/wp-content\/uploads\/2023\/10\/Konstsmide-00-768x768.jpeg 768w, https:\/\/www.ksttukku.fi\/kauppa\/wp-content\/uploads\/2023\/10\/Konstsmide-00-324x324.jpeg 324w, https:\/\/www.ksttukku.fi\/kauppa\/wp-content\/uploads\/2023\/10\/Konstsmide-00-416x416.jpeg 416w, https:\/\/www.ksttukku.fi\/kauppa\/wp-content\/uploads\/2023\/10\/Konstsmide-00-100x100.jpeg 100w, https:\/\/www.ksttukku.fi\/kauppa\/wp-content\/uploads\/2023\/10\/Konstsmide-00.jpeg 1000w\" sizes=\"auto, (max-width: 300px) 100vw, 300px\" \/><\/p>\n","protected":false},"featured_media":14322,"comment_status":"closed","ping_status":"closed","template":"","meta":[],"product_brand":[],"product_cat":[176,491,199,484,377],"product_tag":[],"class_list":{"0":"post-14321","1":"product","2":"type-product","3":"status-publish","4":"has-post-thumbnail","6":"product_cat-joulu-ja-koristevalot","7":"product_cat-kodin-sisustustuotteet","8":"product_cat-koristevalot","9":"product_cat-lyhdyt","10":"product_cat-sisustus-lahjatavarat","12":"first","13":"instock","14":"taxable","15":"shipping-taxable","16":"purchasable","17":"product-type-simple"},"_links":{"self":[{"href":"https:\/\/www.ksttukku.fi\/kauppa\/wp-json\/wp\/v2\/product\/14321","targetHints":{"allow":["GET"]}}],"collection":[{"href":"https:\/\/www.ksttukku.fi\/kauppa\/wp-json\/wp\/v2\/product"}],"about":[{"href":"https:\/\/www.ksttukku.fi\/kauppa\/wp-json\/wp\/v2\/types\/product"}],"replies":[{"embeddable":true,"href":"https:\/\/www.ksttukku.fi\/kauppa\/wp-json\/wp\/v2\/comments?post=14321"}],"wp:featuredmedia":[{"embeddable":true,"href":"https:\/\/www.ksttukku.fi\/kauppa\/wp-json\/wp\/v2\/media\/14322"}],"wp:attachment":[{"href":"https:\/\/www.ksttukku.fi\/kauppa\/wp-json\/wp\/v2\/media?parent=14321"}],"wp:term":[{"taxonomy":"product_brand","embeddable":true,"href":"https:\/\/www.ksttukku.fi\/kauppa\/wp-json\/wp\/v2\/product_brand?post=14321"},{"taxonomy":"product_cat","embeddable":true,"href":"https:\/\/www.ksttukku.fi\/kauppa\/wp-json\/wp\/v2\/product_cat?post=14321"},{"taxonomy":"product_tag","embeddable":true,"href":"https:\/\/www.ksttukku.fi\/kauppa\/wp-json\/wp\/v2\/product_tag?post=14321"}],"curies":[{"name":"wp","href":"https:\/\/api.w.org\/{rel}","templated":true}]}}