{"id":14328,"date":"2023-10-16T18:06:05","date_gmt":"2023-10-16T15:06:05","guid":{"rendered":"https:\/\/www.ksttukku.fi\/kauppa\/?post_type=product&#038;p=14328"},"modified":"2023-10-16T18:06:06","modified_gmt":"2023-10-16T15:06:06","slug":"koriste-enkeli-valolla","status":"publish","type":"product","link":"https:\/\/www.ksttukku.fi\/kauppa\/tuote\/koriste-enkeli-valolla\/","title":{"rendered":"Koriste-enkeli valolla."},"content":{"rendered":"<p>L\u00e4mp\u00f6ist\u00e4 tunnelmaa ihanalla enkelivalaisimella<\/p>\n<p>Materiaali: metallikehikko\/pahvi<\/p>\n<p>Kanta: E 14<\/p>\n<p>johto 5 m+v\u00e4likytkin<\/p>\n<p>Korkeus: 26cm<\/p>\n<p>&nbsp;<\/p>\n<p>&nbsp;<\/p>\n","protected":false},"excerpt":{"rendered":"<p><img loading=\"lazy\" decoding=\"async\" class=\"alignleft size-medium wp-image-14330\" src=\"https:\/\/www.ksttukku.fi\/kauppa\/wp-content\/uploads\/2023\/10\/Konstsmide-08-300x300.jpeg\" alt=\"\" width=\"300\" height=\"300\" srcset=\"https:\/\/www.ksttukku.fi\/kauppa\/wp-content\/uploads\/2023\/10\/Konstsmide-08-300x300.jpeg 300w, https:\/\/www.ksttukku.fi\/kauppa\/wp-content\/uploads\/2023\/10\/Konstsmide-08-150x150.jpeg 150w, https:\/\/www.ksttukku.fi\/kauppa\/wp-content\/uploads\/2023\/10\/Konstsmide-08-768x768.jpeg 768w, https:\/\/www.ksttukku.fi\/kauppa\/wp-content\/uploads\/2023\/10\/Konstsmide-08-324x324.jpeg 324w, https:\/\/www.ksttukku.fi\/kauppa\/wp-content\/uploads\/2023\/10\/Konstsmide-08-416x416.jpeg 416w, https:\/\/www.ksttukku.fi\/kauppa\/wp-content\/uploads\/2023\/10\/Konstsmide-08-100x100.jpeg 100w, https:\/\/www.ksttukku.fi\/kauppa\/wp-content\/uploads\/2023\/10\/Konstsmide-08.jpeg 1000w\" sizes=\"auto, (max-width: 300px) 100vw, 300px\" \/><\/p>\n","protected":false},"featured_media":14329,"comment_status":"closed","ping_status":"closed","template":"","meta":[],"product_brand":[],"product_cat":[176,199,44,35,34],"product_tag":[],"class_list":{"0":"post-14328","1":"product","2":"type-product","3":"status-publish","4":"has-post-thumbnail","6":"product_cat-joulu-ja-koristevalot","7":"product_cat-koristevalot","8":"product_cat-poytavalaisimet","9":"product_cat-sisavalaisimet","10":"product_cat-valaisimet","12":"first","13":"instock","14":"taxable","15":"shipping-taxable","16":"purchasable","17":"product-type-simple"},"_links":{"self":[{"href":"https:\/\/www.ksttukku.fi\/kauppa\/wp-json\/wp\/v2\/product\/14328","targetHints":{"allow":["GET"]}}],"collection":[{"href":"https:\/\/www.ksttukku.fi\/kauppa\/wp-json\/wp\/v2\/product"}],"about":[{"href":"https:\/\/www.ksttukku.fi\/kauppa\/wp-json\/wp\/v2\/types\/product"}],"replies":[{"embeddable":true,"href":"https:\/\/www.ksttukku.fi\/kauppa\/wp-json\/wp\/v2\/comments?post=14328"}],"wp:featuredmedia":[{"embeddable":true,"href":"https:\/\/www.ksttukku.fi\/kauppa\/wp-json\/wp\/v2\/media\/14329"}],"wp:attachment":[{"href":"https:\/\/www.ksttukku.fi\/kauppa\/wp-json\/wp\/v2\/media?parent=14328"}],"wp:term":[{"taxonomy":"product_brand","embeddable":true,"href":"https:\/\/www.ksttukku.fi\/kauppa\/wp-json\/wp\/v2\/product_brand?post=14328"},{"taxonomy":"product_cat","embeddable":true,"href":"https:\/\/www.ksttukku.fi\/kauppa\/wp-json\/wp\/v2\/product_cat?post=14328"},{"taxonomy":"product_tag","embeddable":true,"href":"https:\/\/www.ksttukku.fi\/kauppa\/wp-json\/wp\/v2\/product_tag?post=14328"}],"curies":[{"name":"wp","href":"https:\/\/api.w.org\/{rel}","templated":true}]}}