{"id":14343,"date":"2023-10-18T10:24:25","date_gmt":"2023-10-18T07:24:25","guid":{"rendered":"https:\/\/www.ksttukku.fi\/kauppa\/?post_type=product&#038;p=14343"},"modified":"2023-10-18T10:24:54","modified_gmt":"2023-10-18T07:24:54","slug":"airam-selesa-koristevalo","status":"publish","type":"product","link":"https:\/\/www.ksttukku.fi\/kauppa\/tuote\/airam-selesa-koristevalo\/","title":{"rendered":"Airam selesa koristevalo"},"content":{"rendered":"<p>Ihanaa tunnelmaa kotisi sisustukseen. Asettele<br \/>\nhaitarimaisesti taittuva rivitalo p\u00f6yd\u00e4lle tai<br \/>\nikkunalaudalle.\u00a0 v\u00e4ri, valkoinen<br \/>\nLed l\u00e4mmin valkoinen, ei vaihdettava. Ei sis\u00e4ll\u00e4<br \/>\nparistoja. Materiaali metalli. On\/off-kytkin.<\/p>\n<p>pituus: 44 cm<\/p>\n<p>korkeus:14 cm<\/p>\n","protected":false},"excerpt":{"rendered":"<p>Ihanaa tunnelmaa kotisi sisustukseen. Asettele haitarimaisesti taittuva rivitalo p\u00f6yd\u00e4lle tai ikkunalaudalle.\u00a0 v\u00e4ri, valkoinen Led l\u00e4mmin valkoinen, ei vaihdettava. Ei sis\u00e4ll\u00e4 paristoja. Materiaali metalli. On\/off-kytkin. pituus: 44 cm korkeus:14 cm<\/p>\n","protected":false},"featured_media":14344,"comment_status":"closed","ping_status":"closed","template":"","meta":[],"product_brand":[],"product_cat":[176,491,199,180,377],"product_tag":[],"class_list":{"0":"post-14343","1":"product","2":"type-product","3":"status-publish","4":"has-post-thumbnail","6":"product_cat-joulu-ja-koristevalot","7":"product_cat-kodin-sisustustuotteet","8":"product_cat-koristevalot","9":"product_cat-paristovalosarjat","10":"product_cat-sisustus-lahjatavarat","12":"first","13":"instock","14":"taxable","15":"shipping-taxable","16":"purchasable","17":"product-type-simple"},"_links":{"self":[{"href":"https:\/\/www.ksttukku.fi\/kauppa\/wp-json\/wp\/v2\/product\/14343","targetHints":{"allow":["GET"]}}],"collection":[{"href":"https:\/\/www.ksttukku.fi\/kauppa\/wp-json\/wp\/v2\/product"}],"about":[{"href":"https:\/\/www.ksttukku.fi\/kauppa\/wp-json\/wp\/v2\/types\/product"}],"replies":[{"embeddable":true,"href":"https:\/\/www.ksttukku.fi\/kauppa\/wp-json\/wp\/v2\/comments?post=14343"}],"wp:featuredmedia":[{"embeddable":true,"href":"https:\/\/www.ksttukku.fi\/kauppa\/wp-json\/wp\/v2\/media\/14344"}],"wp:attachment":[{"href":"https:\/\/www.ksttukku.fi\/kauppa\/wp-json\/wp\/v2\/media?parent=14343"}],"wp:term":[{"taxonomy":"product_brand","embeddable":true,"href":"https:\/\/www.ksttukku.fi\/kauppa\/wp-json\/wp\/v2\/product_brand?post=14343"},{"taxonomy":"product_cat","embeddable":true,"href":"https:\/\/www.ksttukku.fi\/kauppa\/wp-json\/wp\/v2\/product_cat?post=14343"},{"taxonomy":"product_tag","embeddable":true,"href":"https:\/\/www.ksttukku.fi\/kauppa\/wp-json\/wp\/v2\/product_tag?post=14343"}],"curies":[{"name":"wp","href":"https:\/\/api.w.org\/{rel}","templated":true}]}}