{"id":14358,"date":"2023-10-19T18:59:17","date_gmt":"2023-10-19T15:59:17","guid":{"rendered":"https:\/\/www.ksttukku.fi\/kauppa\/?post_type=product&#038;p=14358"},"modified":"2023-10-19T18:59:19","modified_gmt":"2023-10-19T15:59:19","slug":"arte-korkea-tarvikekaappi-peiliovella-valkoinen","status":"publish","type":"product","link":"https:\/\/www.ksttukku.fi\/kauppa\/tuote\/arte-korkea-tarvikekaappi-peiliovella-valkoinen\/","title":{"rendered":"ARTE korkea tarvikekaappi peiliovella valkoinen"},"content":{"rendered":"<p>\u2022 Viisi s\u00e4\u00e4dett\u00e4v\u00e4\u00e4 lasihylly\u00e4<br \/>\n\u2022 Pehme\u00e4sti sulkeutuva ovi, k\u00e4tisyys vaihdettavissa<br \/>\n\u2022 Oven reuna toimii vetimen\u00e4<br \/>\n\u2022 Koottava, s\u00e4\u00e4dett\u00e4v\u00e4 kiinnitysj\u00e4rjestelm\u00e4<\/p>\n<p>\u2022 Leveys \u2013 36 cm<br \/>\n\u2022 Syvyys \u2013 15 cm<br \/>\n\u2022 Korkeus \u2013 160 cm<\/p>\n","protected":false},"excerpt":{"rendered":"<p>\u2022 Viisi s\u00e4\u00e4dett\u00e4v\u00e4\u00e4 lasihylly\u00e4 \u2022 Pehme\u00e4sti sulkeutuva ovi, k\u00e4tisyys vaihdettavissa \u2022 Oven reuna toimii vetimen\u00e4 \u2022 Koottava, s\u00e4\u00e4dett\u00e4v\u00e4 kiinnitysj\u00e4rjestelm\u00e4 \u2022 Leveys \u2013 36 cm \u2022 Syvyys \u2013 15 cm \u2022 Korkeus \u2013 160 cm<\/p>\n","protected":false},"featured_media":14359,"comment_status":"closed","ping_status":"closed","template":"","meta":[],"product_brand":[],"product_cat":[151,150],"product_tag":[],"class_list":{"0":"post-14358","1":"product","2":"type-product","3":"status-publish","4":"has-post-thumbnail","6":"product_cat-kalusteet","7":"product_cat-kylpyhuone","9":"first","10":"instock","11":"taxable","12":"shipping-taxable","13":"purchasable","14":"product-type-simple"},"_links":{"self":[{"href":"https:\/\/www.ksttukku.fi\/kauppa\/wp-json\/wp\/v2\/product\/14358","targetHints":{"allow":["GET"]}}],"collection":[{"href":"https:\/\/www.ksttukku.fi\/kauppa\/wp-json\/wp\/v2\/product"}],"about":[{"href":"https:\/\/www.ksttukku.fi\/kauppa\/wp-json\/wp\/v2\/types\/product"}],"replies":[{"embeddable":true,"href":"https:\/\/www.ksttukku.fi\/kauppa\/wp-json\/wp\/v2\/comments?post=14358"}],"wp:featuredmedia":[{"embeddable":true,"href":"https:\/\/www.ksttukku.fi\/kauppa\/wp-json\/wp\/v2\/media\/14359"}],"wp:attachment":[{"href":"https:\/\/www.ksttukku.fi\/kauppa\/wp-json\/wp\/v2\/media?parent=14358"}],"wp:term":[{"taxonomy":"product_brand","embeddable":true,"href":"https:\/\/www.ksttukku.fi\/kauppa\/wp-json\/wp\/v2\/product_brand?post=14358"},{"taxonomy":"product_cat","embeddable":true,"href":"https:\/\/www.ksttukku.fi\/kauppa\/wp-json\/wp\/v2\/product_cat?post=14358"},{"taxonomy":"product_tag","embeddable":true,"href":"https:\/\/www.ksttukku.fi\/kauppa\/wp-json\/wp\/v2\/product_tag?post=14358"}],"curies":[{"name":"wp","href":"https:\/\/api.w.org\/{rel}","templated":true}]}}