{"id":14362,"date":"2023-10-20T14:44:52","date_gmt":"2023-10-20T11:44:52","guid":{"rendered":"https:\/\/www.ksttukku.fi\/kauppa\/?post_type=product&#038;p=14362"},"modified":"2023-10-20T14:45:11","modified_gmt":"2023-10-20T11:45:11","slug":"megamann-fonda","status":"publish","type":"product","link":"https:\/\/www.ksttukku.fi\/kauppa\/tuote\/megamann-fonda\/","title":{"rendered":"Megamann Fonda kattovalaisin IP66"},"content":{"rendered":"<p>Sis\u00e4\u00e4nrakennettu valonl\u00e4hde<br data-sanitized-data-mce-fragment=\"1\" \/>MEGAMAN\u00ae FONDA IP66 -yleisvalaisin soveltuu ulko- ja sis\u00e4tiloihin niin kosteisiin kuin<br data-sanitized-data-mce-fragment=\"1\" \/>kuiviinkin tiloihin. Valaisin sopii erityisen hyvin my\u00f6s kest\u00e4vyytt\u00e4 vaativiin olosuhteisiin,<br data-sanitized-data-mce-fragment=\"1\" \/>iskunkest\u00e4vyys IK10. Valaisin on helppo asentaa joko kattopintaan tai suoraan<br data-sanitized-data-mce-fragment=\"1\" \/>jakorasian p\u00e4\u00e4lle. Valaisin on ketjutettavissa.<br data-sanitized-data-mce-fragment=\"1\" \/>Valaisimen teho on valittavissa 10 \/ 15 \/ 22 W, kuten my\u00f6s valon v\u00e4ril\u00e4mp\u00f6tila<br data-sanitized-data-mce-fragment=\"1\" \/>3000 K \/ 4000 K \/ Mix.<br data-sanitized-data-mce-fragment=\"1\" \/>MEGAMAN\u00ae FONDA on valmistettu polykarbonaatista ja on suojattu UV-s\u00e4teilt\u00e4. Sen<br data-sanitized-data-mce-fragment=\"1\" \/>kotelointiluokka on IP66. Valaisimen k\u00e4ytt\u00f6l\u00e4mp\u00f6tila on -30\u00b0C &#8211; +50\u00b0C<\/p>\n","protected":false},"excerpt":{"rendered":"<p><img loading=\"lazy\" decoding=\"async\" class=\"alignleft size-medium wp-image-14364\" src=\"https:\/\/www.ksttukku.fi\/kauppa\/wp-content\/uploads\/2023\/10\/Harju-Fonda-300x300.jpeg\" alt=\"\" width=\"300\" height=\"300\" srcset=\"https:\/\/www.ksttukku.fi\/kauppa\/wp-content\/uploads\/2023\/10\/Harju-Fonda-300x300.jpeg 300w, https:\/\/www.ksttukku.fi\/kauppa\/wp-content\/uploads\/2023\/10\/Harju-Fonda-1024x1024.jpeg 1024w, https:\/\/www.ksttukku.fi\/kauppa\/wp-content\/uploads\/2023\/10\/Harju-Fonda-150x150.jpeg 150w, https:\/\/www.ksttukku.fi\/kauppa\/wp-content\/uploads\/2023\/10\/Harju-Fonda-768x768.jpeg 768w, https:\/\/www.ksttukku.fi\/kauppa\/wp-content\/uploads\/2023\/10\/Harju-Fonda-1536x1536.jpeg 1536w, https:\/\/www.ksttukku.fi\/kauppa\/wp-content\/uploads\/2023\/10\/Harju-Fonda-2048x2048.jpeg 2048w, https:\/\/www.ksttukku.fi\/kauppa\/wp-content\/uploads\/2023\/10\/Harju-Fonda-324x324.jpeg 324w, https:\/\/www.ksttukku.fi\/kauppa\/wp-content\/uploads\/2023\/10\/Harju-Fonda-416x416.jpeg 416w, https:\/\/www.ksttukku.fi\/kauppa\/wp-content\/uploads\/2023\/10\/Harju-Fonda-100x100.jpeg 100w\" sizes=\"auto, (max-width: 300px) 100vw, 300px\" \/><\/p>\n","protected":false},"featured_media":14363,"comment_status":"closed","ping_status":"closed","template":"","meta":[],"product_brand":[],"product_cat":[174,40,51,35,36,34],"product_tag":[],"class_list":{"0":"post-14362","1":"product","2":"type-product","3":"status-publish","4":"has-post-thumbnail","6":"product_cat-riippuvalaisimet-ulkovalaisimet","7":"product_cat-kattovalaisimet","8":"product_cat-pinta-asennettavat","9":"product_cat-sisavalaisimet","10":"product_cat-ulkovalaisimet","11":"product_cat-valaisimet","13":"first","14":"instock","15":"taxable","16":"shipping-taxable","17":"purchasable","18":"product-type-simple"},"_links":{"self":[{"href":"https:\/\/www.ksttukku.fi\/kauppa\/wp-json\/wp\/v2\/product\/14362","targetHints":{"allow":["GET"]}}],"collection":[{"href":"https:\/\/www.ksttukku.fi\/kauppa\/wp-json\/wp\/v2\/product"}],"about":[{"href":"https:\/\/www.ksttukku.fi\/kauppa\/wp-json\/wp\/v2\/types\/product"}],"replies":[{"embeddable":true,"href":"https:\/\/www.ksttukku.fi\/kauppa\/wp-json\/wp\/v2\/comments?post=14362"}],"wp:featuredmedia":[{"embeddable":true,"href":"https:\/\/www.ksttukku.fi\/kauppa\/wp-json\/wp\/v2\/media\/14363"}],"wp:attachment":[{"href":"https:\/\/www.ksttukku.fi\/kauppa\/wp-json\/wp\/v2\/media?parent=14362"}],"wp:term":[{"taxonomy":"product_brand","embeddable":true,"href":"https:\/\/www.ksttukku.fi\/kauppa\/wp-json\/wp\/v2\/product_brand?post=14362"},{"taxonomy":"product_cat","embeddable":true,"href":"https:\/\/www.ksttukku.fi\/kauppa\/wp-json\/wp\/v2\/product_cat?post=14362"},{"taxonomy":"product_tag","embeddable":true,"href":"https:\/\/www.ksttukku.fi\/kauppa\/wp-json\/wp\/v2\/product_tag?post=14362"}],"curies":[{"name":"wp","href":"https:\/\/api.w.org\/{rel}","templated":true}]}}