{"id":14369,"date":"2023-10-21T13:57:06","date_gmt":"2023-10-21T10:57:06","guid":{"rendered":"https:\/\/www.ksttukku.fi\/kauppa\/?post_type=product&#038;p=14369"},"modified":"2023-10-21T13:57:06","modified_gmt":"2023-10-21T10:57:06","slug":"led-paneelivalaisin-uppo-pinta-asennettava-6w-420lm-musta-himmennettava-3cct","status":"publish","type":"product","link":"https:\/\/www.ksttukku.fi\/kauppa\/tuote\/led-paneelivalaisin-uppo-pinta-asennettava-6w-420lm-musta-himmennettava-3cct\/","title":{"rendered":"LED-paneelivalaisin uppo-\/pinta-asennettava 6W 420lm musta, himmennett\u00e4v\u00e4, 3CCT"},"content":{"rendered":"<div class=\"p-3\">\n<div class=\"row d-flex\">\n<section class=\"col-lg-12 page-content main-wrapper\">\n<div class=\"product-info\" role=\"main\">\n<div class=\"row d-flex\">\n<div class=\"info-cell col-lg-6 col-12\">\n<div id=\"Tuotekuvaus\" class=\"tab-pane active\">\n<div class=\"product-description\">\n<div class=\"web-description\">Himmennett\u00e4v\u00e4 helposti asennettava led-paneelivalaisin sis\u00e4k\u00e4ytt\u00f6\u00f6n uppo- ja pinta-asennukseen. Teho 6 W, valoteho 420 lm, v\u00e4ril\u00e4mp\u00f6tila vaihdettavissa 3000 K, 4000 K, 6500 K. Tuotteen mitat: \u00d8 140 mm, korkeus 19,5 mm. Uppoasennuksessa asennusreik\u00e4 \u00d8 55 &#8211; 100 mm.<br \/>\npaneelivalaisimen asentaminen on eritt\u00e4in helppoa ja nopeaa. Mukana toimitettavan asennusraudan avulla valaisin voidaan asentaa jakorasiaan tai asunnon kattopintaan. Asennusjousilla valaisin voidaan kytke\u00e4 my\u00f6s uppoasenteisena, jolloin asennusrei\u00e4n koko tulee olla halkaisijaltaan 55 &#8211; 100 mm. Asennusjouset sis\u00e4ltyv\u00e4t toimitukseen.<\/p>\n<p>Valaisimessa on sis\u00e4\u00e4nrakennettuna liit\u00e4nt\u00e4laite, joten valaisin kytket\u00e4\u00e4n suoraan verkkovirtaan. Valaisimen runko on valmistettu kest\u00e4v\u00e4st\u00e4 muovista. Tuote on kaksoiseristetty.<br \/>\nValaisukulma 120 astetta. Voi himment\u00e4\u00e4 (takareunas\u00e4\u00e4t\u00f6).<\/p><\/div>\n<div class=\"web-description\">\nJ\u00e4nnite 230 V. PF &gt; 0,5. Ra &gt;80. IP20. Takuu 3 vuotta. K\u00e4ytt\u00f6ik\u00e4 noin 30 000 tuntia. Led-valaisimen valoteho 6 W vastaa hehkulampun noin 40 W tehoa<\/div>\n<div><\/div>\n<\/div>\n<\/div>\n<\/div>\n<\/div>\n<\/div>\n<\/section>\n<\/div>\n<\/div>\n","protected":false},"excerpt":{"rendered":"<p>Himmennett\u00e4v\u00e4 helposti asennettava led-paneelivalaisin sis\u00e4k\u00e4ytt\u00f6\u00f6n uppo- ja pinta-asennukseen. Teho 6 W, valoteho 420 lm, v\u00e4ril\u00e4mp\u00f6tila vaihdettavissa 3000 K, 4000 K, 6500 K. Tuotteen mitat: \u00d8 140 mm, korkeus 19,5 mm. Uppoasennuksessa asennusreik\u00e4 \u00d8 55 &#8211; 100 mm. paneelivalaisimen asentaminen on eritt\u00e4in helppoa ja nopeaa. Mukana toimitettavan asennusraudan avulla valaisin voidaan asentaa jakorasiaan tai asunnon kattopintaan. [&hellip;]<\/p>\n","protected":false},"featured_media":14374,"comment_status":"closed","ping_status":"closed","template":"","meta":[],"product_brand":[],"product_cat":[46,51,35,52,34],"product_tag":[],"class_list":{"0":"post-14369","1":"product","2":"type-product","3":"status-publish","4":"has-post-thumbnail","6":"product_cat-alasvalot","7":"product_cat-pinta-asennettavat","8":"product_cat-sisavalaisimet","9":"product_cat-upotettavat","10":"product_cat-valaisimet","12":"first","13":"instock","14":"taxable","15":"shipping-taxable","16":"purchasable","17":"product-type-simple"},"_links":{"self":[{"href":"https:\/\/www.ksttukku.fi\/kauppa\/wp-json\/wp\/v2\/product\/14369","targetHints":{"allow":["GET"]}}],"collection":[{"href":"https:\/\/www.ksttukku.fi\/kauppa\/wp-json\/wp\/v2\/product"}],"about":[{"href":"https:\/\/www.ksttukku.fi\/kauppa\/wp-json\/wp\/v2\/types\/product"}],"replies":[{"embeddable":true,"href":"https:\/\/www.ksttukku.fi\/kauppa\/wp-json\/wp\/v2\/comments?post=14369"}],"wp:featuredmedia":[{"embeddable":true,"href":"https:\/\/www.ksttukku.fi\/kauppa\/wp-json\/wp\/v2\/media\/14374"}],"wp:attachment":[{"href":"https:\/\/www.ksttukku.fi\/kauppa\/wp-json\/wp\/v2\/media?parent=14369"}],"wp:term":[{"taxonomy":"product_brand","embeddable":true,"href":"https:\/\/www.ksttukku.fi\/kauppa\/wp-json\/wp\/v2\/product_brand?post=14369"},{"taxonomy":"product_cat","embeddable":true,"href":"https:\/\/www.ksttukku.fi\/kauppa\/wp-json\/wp\/v2\/product_cat?post=14369"},{"taxonomy":"product_tag","embeddable":true,"href":"https:\/\/www.ksttukku.fi\/kauppa\/wp-json\/wp\/v2\/product_tag?post=14369"}],"curies":[{"name":"wp","href":"https:\/\/api.w.org\/{rel}","templated":true}]}}