{"id":14394,"date":"2023-10-23T17:46:00","date_gmt":"2023-10-23T14:46:00","guid":{"rendered":"https:\/\/www.ksttukku.fi\/kauppa\/?post_type=product&#038;p=14394"},"modified":"2025-10-09T12:13:42","modified_gmt":"2025-10-09T09:13:42","slug":"wally-seinavalo-2x3w-250lm","status":"publish","type":"product","link":"https:\/\/www.ksttukku.fi\/kauppa\/tuote\/wally-seinavalo-2x3w-250lm\/","title":{"rendered":"Wally sein\u00e4valo 2x3W 250lm"},"content":{"rendered":"<div class=\"long-product-name\" data-v-1141fb2a=\"\">WALLY sein\u00e4valo. Valonl\u00e4hde 2 x 3 W COB LED, ei vaihdettava. 250lm. Valo 100%, off. Virtal\u00e4hde 4 x AAA. Runko muovia. Musta. Leveys 115 mm, pituus 76 mm.<\/div>\n<div class=\"short-description scylla-wysiwyg std text--left\" data-v-1141fb2a=\"\">\n<p>Paristoilla toimiva Wally loistaa valoa siell\u00e4, mihin s\u00e4hk\u00f6 ei kulje. Valon keskell\u00e4 on iso on\/off-kytkin, johon k\u00e4si osuu helposti pime\u00e4ss\u00e4kin. Pieni kokoinen Wally on n\u00e4pp\u00e4r\u00e4 asentaa teipill\u00e4 tai ruuveilla pintaan, esim. kaapin sis\u00e4lle, hyllyyn tai varastoon. Runkov\u00e4ri musta.<\/p>\n<\/div>\n","protected":false},"excerpt":{"rendered":"<p>WALLY sein\u00e4valo. Valonl\u00e4hde 2 x 3 W COB LED, ei vaihdettava. 250lm. Valo 100%, off. Virtal\u00e4hde 4 x AAA. Runko muovia. Musta. Leveys 115 mm, pituus 76 mm. Paristoilla toimiva Wally loistaa valoa siell\u00e4, mihin s\u00e4hk\u00f6 ei kulje. Valon keskell\u00e4 on iso on\/off-kytkin, johon k\u00e4si osuu helposti pime\u00e4ss\u00e4kin. Pieni kokoinen Wally on n\u00e4pp\u00e4r\u00e4 asentaa teipill\u00e4 [&hellip;]<\/p>\n","protected":false},"featured_media":14398,"comment_status":"closed","ping_status":"closed","template":"","meta":[],"product_brand":[],"product_cat":[310,309,57,34],"product_tag":[],"class_list":{"0":"post-14394","1":"product","2":"type-product","3":"status-publish","4":"has-post-thumbnail","6":"product_cat-kasivalaisimet","7":"product_cat-paristovalaisimet","8":"product_cat-retkeily","9":"product_cat-valaisimet","11":"first","12":"instock","13":"taxable","14":"shipping-taxable","15":"purchasable","16":"product-type-simple"},"_links":{"self":[{"href":"https:\/\/www.ksttukku.fi\/kauppa\/wp-json\/wp\/v2\/product\/14394","targetHints":{"allow":["GET"]}}],"collection":[{"href":"https:\/\/www.ksttukku.fi\/kauppa\/wp-json\/wp\/v2\/product"}],"about":[{"href":"https:\/\/www.ksttukku.fi\/kauppa\/wp-json\/wp\/v2\/types\/product"}],"replies":[{"embeddable":true,"href":"https:\/\/www.ksttukku.fi\/kauppa\/wp-json\/wp\/v2\/comments?post=14394"}],"wp:featuredmedia":[{"embeddable":true,"href":"https:\/\/www.ksttukku.fi\/kauppa\/wp-json\/wp\/v2\/media\/14398"}],"wp:attachment":[{"href":"https:\/\/www.ksttukku.fi\/kauppa\/wp-json\/wp\/v2\/media?parent=14394"}],"wp:term":[{"taxonomy":"product_brand","embeddable":true,"href":"https:\/\/www.ksttukku.fi\/kauppa\/wp-json\/wp\/v2\/product_brand?post=14394"},{"taxonomy":"product_cat","embeddable":true,"href":"https:\/\/www.ksttukku.fi\/kauppa\/wp-json\/wp\/v2\/product_cat?post=14394"},{"taxonomy":"product_tag","embeddable":true,"href":"https:\/\/www.ksttukku.fi\/kauppa\/wp-json\/wp\/v2\/product_tag?post=14394"}],"curies":[{"name":"wp","href":"https:\/\/api.w.org\/{rel}","templated":true}]}}