{"id":14399,"date":"2023-10-23T17:59:24","date_gmt":"2023-10-23T14:59:24","guid":{"rendered":"https:\/\/www.ksttukku.fi\/kauppa\/?post_type=product&#038;p=14399"},"modified":"2025-11-14T15:32:34","modified_gmt":"2025-11-14T13:32:34","slug":"airam-siimes-kehystaulu","status":"publish","type":"product","link":"https:\/\/www.ksttukku.fi\/kauppa\/tuote\/airam-siimes-kehystaulu\/","title":{"rendered":"Airam Siimes kehystaulu"},"content":{"rendered":"<p>Kaunis p\u00f6yt\u00e4-, sein\u00e4- tai ikkunakoriste.<br \/>\numinen maisema, jossa kaurisperhe kokoontuu mets\u00e4n siimeksess\u00e4. Valo kajastaa kukkulan takaa.<br \/>\nLed l\u00e4mmin valkoinen, ei vaihdettava.<br \/>\nMateriaali puu. On\/off-kytkin.<br \/>\n2 X AA patterit ( ei sis\u00e4lly )<\/p>\n<p>Koko: 25,5cmx25cmx4,5cm<\/p>\n","protected":false},"excerpt":{"rendered":"<p>Kaunis p\u00f6yt\u00e4-, sein\u00e4- tai ikkunakoriste. uminen maisema, jossa kaurisperhe kokoontuu mets\u00e4n siimeksess\u00e4. Valo kajastaa kukkulan takaa. Led l\u00e4mmin valkoinen, ei vaihdettava. Materiaali puu. On\/off-kytkin. 2 X AA patterit ( ei sis\u00e4lly ) Koko: 25,5cmx25cmx4,5cm<\/p>\n","protected":false},"featured_media":14400,"comment_status":"closed","ping_status":"closed","template":"","meta":[],"product_brand":[],"product_cat":[176,491,199,377],"product_tag":[],"class_list":{"0":"post-14399","1":"product","2":"type-product","3":"status-publish","4":"has-post-thumbnail","6":"product_cat-joulu-ja-koristevalot","7":"product_cat-kodin-sisustustuotteet","8":"product_cat-koristevalot","9":"product_cat-sisustus-lahjatavarat","11":"first","12":"instock","13":"taxable","14":"shipping-taxable","15":"purchasable","16":"product-type-simple"},"_links":{"self":[{"href":"https:\/\/www.ksttukku.fi\/kauppa\/wp-json\/wp\/v2\/product\/14399","targetHints":{"allow":["GET"]}}],"collection":[{"href":"https:\/\/www.ksttukku.fi\/kauppa\/wp-json\/wp\/v2\/product"}],"about":[{"href":"https:\/\/www.ksttukku.fi\/kauppa\/wp-json\/wp\/v2\/types\/product"}],"replies":[{"embeddable":true,"href":"https:\/\/www.ksttukku.fi\/kauppa\/wp-json\/wp\/v2\/comments?post=14399"}],"wp:featuredmedia":[{"embeddable":true,"href":"https:\/\/www.ksttukku.fi\/kauppa\/wp-json\/wp\/v2\/media\/14400"}],"wp:attachment":[{"href":"https:\/\/www.ksttukku.fi\/kauppa\/wp-json\/wp\/v2\/media?parent=14399"}],"wp:term":[{"taxonomy":"product_brand","embeddable":true,"href":"https:\/\/www.ksttukku.fi\/kauppa\/wp-json\/wp\/v2\/product_brand?post=14399"},{"taxonomy":"product_cat","embeddable":true,"href":"https:\/\/www.ksttukku.fi\/kauppa\/wp-json\/wp\/v2\/product_cat?post=14399"},{"taxonomy":"product_tag","embeddable":true,"href":"https:\/\/www.ksttukku.fi\/kauppa\/wp-json\/wp\/v2\/product_tag?post=14399"}],"curies":[{"name":"wp","href":"https:\/\/api.w.org\/{rel}","templated":true}]}}