{"id":1440,"date":"2018-04-23T12:49:15","date_gmt":"2018-04-23T09:49:15","guid":{"rendered":"http:\/\/www.ksttukku.fi\/kauppa\/?post_type=product&#038;p=1440"},"modified":"2026-03-16T15:39:21","modified_gmt":"2026-03-16T13:39:21","slug":"saunaled-260trl-ip65-8w-500lm","status":"publish","type":"product","link":"https:\/\/www.ksttukku.fi\/kauppa\/tuote\/saunaled-260trl-ip65-8w-500lm\/","title":{"rendered":"Saunaled 260TRL, IP65, 8W, 500lm"},"content":{"rendered":"<p>Tyylik\u00e4s himmennett\u00e4v\u00e4 saunavalaisin kiinte\u00e4ll\u00e4 AC-ledill\u00e4 ja tervalepp\u00e4varjostimella. Saatavilla kolme eri mallia, joista neli\u00f6- ja vaakamallit soveltuvat sek\u00e4 pinta- ett\u00e4 uppoasennukseen. Pystymallinen valaisin voidaan asentaa my\u00f6s kulmaan. Valaisimien asennuskorkeus on maks. 1 m. Tervalep\u00e4st\u00e4 valmistetut puuvarjostimet suositellaan k\u00e4sitelt\u00e4v\u00e4n puusuoja-aineella ennen k\u00e4ytt\u00f6\u00f6nottoa. Pintak\u00e4sittelyll\u00e4 voidaan valaisin s\u00e4vytt\u00e4\u00e4 yksil\u00f6llisesti kuhunkin saunaan sopivaksi.<\/p>\n<p>Materiaali: runko alumiinia, kehys puuta<\/p>\n<p>Mitat: 268 x 270 x 66 mm<\/p>\n<p>Teho: 8 W<\/p>\n<p>Valovirta: 500 lm<\/p>\n<p>V\u00e4ril\u00e4mp\u00f6tila: 2700 K<\/p>\n","protected":false},"excerpt":{"rendered":"<p>Tyylik\u00e4s himmennett\u00e4v\u00e4 saunavalaisin kiinte\u00e4ll\u00e4 AC-ledill\u00e4 ja tervalepp\u00e4varjostimella. Saatavilla kolme eri mallia, joista neli\u00f6- ja vaakamallit soveltuvat sek\u00e4 pinta- ett\u00e4 uppoasennukseen. Pystymallinen valaisin voidaan asentaa my\u00f6s kulmaan. Valaisimien asennuskorkeus on maks. 1 m. Tervalep\u00e4st\u00e4 valmistetut puuvarjostimet suositellaan k\u00e4sitelt\u00e4v\u00e4n puusuoja-aineella ennen k\u00e4ytt\u00f6\u00f6nottoa. Pintak\u00e4sittelyll\u00e4 voidaan valaisin s\u00e4vytt\u00e4\u00e4 yksil\u00f6llisesti kuhunkin saunaan sopivaksi. Materiaali: runko alumiinia, kehys puuta Mitat: 268 [&hellip;]<\/p>\n","protected":false},"featured_media":1441,"comment_status":"closed","ping_status":"closed","template":"","meta":[],"product_brand":[],"product_cat":[50,35,34],"product_tag":[],"class_list":{"0":"post-1440","1":"product","2":"type-product","3":"status-publish","4":"has-post-thumbnail","6":"product_cat-saunavalaisimet","7":"product_cat-sisavalaisimet","8":"product_cat-valaisimet","10":"first","11":"instock","12":"taxable","13":"shipping-taxable","14":"purchasable","15":"product-type-simple"},"_links":{"self":[{"href":"https:\/\/www.ksttukku.fi\/kauppa\/wp-json\/wp\/v2\/product\/1440","targetHints":{"allow":["GET"]}}],"collection":[{"href":"https:\/\/www.ksttukku.fi\/kauppa\/wp-json\/wp\/v2\/product"}],"about":[{"href":"https:\/\/www.ksttukku.fi\/kauppa\/wp-json\/wp\/v2\/types\/product"}],"replies":[{"embeddable":true,"href":"https:\/\/www.ksttukku.fi\/kauppa\/wp-json\/wp\/v2\/comments?post=1440"}],"wp:featuredmedia":[{"embeddable":true,"href":"https:\/\/www.ksttukku.fi\/kauppa\/wp-json\/wp\/v2\/media\/1441"}],"wp:attachment":[{"href":"https:\/\/www.ksttukku.fi\/kauppa\/wp-json\/wp\/v2\/media?parent=1440"}],"wp:term":[{"taxonomy":"product_brand","embeddable":true,"href":"https:\/\/www.ksttukku.fi\/kauppa\/wp-json\/wp\/v2\/product_brand?post=1440"},{"taxonomy":"product_cat","embeddable":true,"href":"https:\/\/www.ksttukku.fi\/kauppa\/wp-json\/wp\/v2\/product_cat?post=1440"},{"taxonomy":"product_tag","embeddable":true,"href":"https:\/\/www.ksttukku.fi\/kauppa\/wp-json\/wp\/v2\/product_tag?post=1440"}],"curies":[{"name":"wp","href":"https:\/\/api.w.org\/{rel}","templated":true}]}}