{"id":14403,"date":"2023-10-23T18:26:34","date_gmt":"2023-10-23T15:26:34","guid":{"rendered":"https:\/\/www.ksttukku.fi\/kauppa\/?post_type=product&#038;p=14403"},"modified":"2025-08-25T12:04:05","modified_gmt":"2025-08-25T09:04:05","slug":"wally-paristovalo-liiketunnistimella-2x3w-200lm","status":"publish","type":"product","link":"https:\/\/www.ksttukku.fi\/kauppa\/tuote\/wally-paristovalo-liiketunnistimella-2x3w-200lm\/","title":{"rendered":"Wally paristovalo liiketunnistimella 2x3W 200lm"},"content":{"rendered":"<div class=\"long-product-name\" data-v-1141fb2a=\"\">WALLY tunnistinvalo. Valonl\u00e4hde 2 x 3 W COB LED, ei vaihdettava. 200lm. Valo 100%, off. Virtal\u00e4hde 4 x AAA. Runko muovia. Valkoinen. Leveys 115 mm, pituus 76 mm.<\/div>\n<div class=\"short-description scylla-wysiwyg std text--left\" data-v-1141fb2a=\"\">\n<p>Wally liiketunnistinvalo loistaa siell\u00e4, mihin s\u00e4hk\u00f6 ei kulje. Valon keskell\u00e4 on liiketunnistin, joka liikett\u00e4 havaitessaan sytytt\u00e4\u00e4 valon 25 sekunnin ajaksi. Pieni kokoinen Wally on n\u00e4pp\u00e4r\u00e4 asentaa teipill\u00e4 tai ruuveilla pintaan, esim.vaatekaappiin tai varastoon. Runkov\u00e4ri valkoinen.<\/p>\n<p>&nbsp;<\/p>\n<\/div>\n","protected":false},"excerpt":{"rendered":"<p>WALLY tunnistinvalo. Valonl\u00e4hde 2 x 3 W COB LED, ei vaihdettava. 200lm. Valo 100%, off. Virtal\u00e4hde 4 x AAA. Runko muovia. Valkoinen. Leveys 115 mm, pituus 76 mm. Wally liiketunnistinvalo loistaa siell\u00e4, mihin s\u00e4hk\u00f6 ei kulje. Valon keskell\u00e4 on liiketunnistin, joka liikett\u00e4 havaitessaan sytytt\u00e4\u00e4 valon 25 sekunnin ajaksi. Pieni kokoinen Wally on n\u00e4pp\u00e4r\u00e4 asentaa teipill\u00e4 [&hellip;]<\/p>\n","protected":false},"featured_media":14405,"comment_status":"closed","ping_status":"closed","template":"","meta":[],"product_brand":[],"product_cat":[326,309,57,34],"product_tag":[],"class_list":{"0":"post-14403","1":"product","2":"type-product","3":"status-publish","4":"has-post-thumbnail","6":"product_cat-liiketunnistinvalot","7":"product_cat-paristovalaisimet","8":"product_cat-retkeily","9":"product_cat-valaisimet","11":"first","12":"outofstock","13":"taxable","14":"shipping-taxable","15":"purchasable","16":"product-type-simple"},"_links":{"self":[{"href":"https:\/\/www.ksttukku.fi\/kauppa\/wp-json\/wp\/v2\/product\/14403","targetHints":{"allow":["GET"]}}],"collection":[{"href":"https:\/\/www.ksttukku.fi\/kauppa\/wp-json\/wp\/v2\/product"}],"about":[{"href":"https:\/\/www.ksttukku.fi\/kauppa\/wp-json\/wp\/v2\/types\/product"}],"replies":[{"embeddable":true,"href":"https:\/\/www.ksttukku.fi\/kauppa\/wp-json\/wp\/v2\/comments?post=14403"}],"wp:featuredmedia":[{"embeddable":true,"href":"https:\/\/www.ksttukku.fi\/kauppa\/wp-json\/wp\/v2\/media\/14405"}],"wp:attachment":[{"href":"https:\/\/www.ksttukku.fi\/kauppa\/wp-json\/wp\/v2\/media?parent=14403"}],"wp:term":[{"taxonomy":"product_brand","embeddable":true,"href":"https:\/\/www.ksttukku.fi\/kauppa\/wp-json\/wp\/v2\/product_brand?post=14403"},{"taxonomy":"product_cat","embeddable":true,"href":"https:\/\/www.ksttukku.fi\/kauppa\/wp-json\/wp\/v2\/product_cat?post=14403"},{"taxonomy":"product_tag","embeddable":true,"href":"https:\/\/www.ksttukku.fi\/kauppa\/wp-json\/wp\/v2\/product_tag?post=14403"}],"curies":[{"name":"wp","href":"https:\/\/api.w.org\/{rel}","templated":true}]}}