{"id":14408,"date":"2023-10-24T14:34:03","date_gmt":"2023-10-24T11:34:03","guid":{"rendered":"https:\/\/www.ksttukku.fi\/kauppa\/?post_type=product&#038;p=14408"},"modified":"2023-10-24T14:38:53","modified_gmt":"2023-10-24T11:38:53","slug":"lastenmatto-kuulento-120x170cm","status":"publish","type":"product","link":"https:\/\/www.ksttukku.fi\/kauppa\/tuote\/lastenmatto-kuulento-120x170cm\/","title":{"rendered":"Lastenmatto Kuulento 120x170cm"},"content":{"rendered":"<p>Pehme\u00e4 ja lyhytnukkainen lastenmatto avaruus aiheisella kuosilla. Materiaali on helppohoitoinen ja p\u00f6ly\u00e4m\u00e4t\u00f6n.<\/p>\n<p>Materiaali: 100% polypropeenia, pohja sis\u00e4lt\u00e4\u00e4 juuttia<\/p>\n<p>Paksuus: 12 mm<\/p>\n<p>Hoito-ohje: S\u00e4\u00e4nn\u00f6llinen imurointi ja tuuletus. Tarvittaessa tasovesipesu max 30 astetta<\/p>\n","protected":false},"excerpt":{"rendered":"<p>Pehme\u00e4 ja lyhytnukkainen lastenmatto avaruus aiheisella kuosilla. Materiaali on helppohoitoinen ja p\u00f6ly\u00e4m\u00e4t\u00f6n. Materiaali: 100% polypropeenia, pohja sis\u00e4lt\u00e4\u00e4 juuttia Paksuus: 12 mm Hoito-ohje: S\u00e4\u00e4nn\u00f6llinen imurointi ja tuuletus. Tarvittaessa tasovesipesu max 30 astetta<\/p>\n","protected":false},"featured_media":14409,"comment_status":"closed","ping_status":"closed","template":"","meta":[],"product_brand":[],"product_cat":[25,22],"product_tag":[],"class_list":{"0":"post-14408","1":"product","2":"type-product","3":"status-publish","4":"has-post-thumbnail","6":"product_cat-lastenhuonematot","7":"product_cat-matot","9":"first","10":"instock","11":"taxable","12":"shipping-taxable","13":"purchasable","14":"product-type-simple"},"_links":{"self":[{"href":"https:\/\/www.ksttukku.fi\/kauppa\/wp-json\/wp\/v2\/product\/14408","targetHints":{"allow":["GET"]}}],"collection":[{"href":"https:\/\/www.ksttukku.fi\/kauppa\/wp-json\/wp\/v2\/product"}],"about":[{"href":"https:\/\/www.ksttukku.fi\/kauppa\/wp-json\/wp\/v2\/types\/product"}],"replies":[{"embeddable":true,"href":"https:\/\/www.ksttukku.fi\/kauppa\/wp-json\/wp\/v2\/comments?post=14408"}],"wp:featuredmedia":[{"embeddable":true,"href":"https:\/\/www.ksttukku.fi\/kauppa\/wp-json\/wp\/v2\/media\/14409"}],"wp:attachment":[{"href":"https:\/\/www.ksttukku.fi\/kauppa\/wp-json\/wp\/v2\/media?parent=14408"}],"wp:term":[{"taxonomy":"product_brand","embeddable":true,"href":"https:\/\/www.ksttukku.fi\/kauppa\/wp-json\/wp\/v2\/product_brand?post=14408"},{"taxonomy":"product_cat","embeddable":true,"href":"https:\/\/www.ksttukku.fi\/kauppa\/wp-json\/wp\/v2\/product_cat?post=14408"},{"taxonomy":"product_tag","embeddable":true,"href":"https:\/\/www.ksttukku.fi\/kauppa\/wp-json\/wp\/v2\/product_tag?post=14408"}],"curies":[{"name":"wp","href":"https:\/\/api.w.org\/{rel}","templated":true}]}}