{"id":14411,"date":"2023-10-24T16:31:26","date_gmt":"2023-10-24T13:31:26","guid":{"rendered":"https:\/\/www.ksttukku.fi\/kauppa\/?post_type=product&#038;p=14411"},"modified":"2023-10-24T16:33:39","modified_gmt":"2023-10-24T13:33:39","slug":"matto-liikenne-100x150-cm-musta-valkoinen","status":"publish","type":"product","link":"https:\/\/www.ksttukku.fi\/kauppa\/tuote\/matto-liikenne-100x150-cm-musta-valkoinen\/","title":{"rendered":"Matto Liikenne 100&#215;150 cm musta\/valkoinen"},"content":{"rendered":"<p>Tyylik\u00e4s liikennematto, joka kannustaa leikkim\u00e4\u00e4n ja samanaikaisesti toimii hienona sisustusyksityiskohtana lastenhuoneessa.<\/p>\n<p>Lasten leikkimatto on helppo pit\u00e4\u00e4 puhtaana ja huoltaa.<\/p>\n<p>Maton pohjassa on liukuestenopat<\/p>\n<p>materiaali: mikrokuitu polyesteri<\/p>\n<table id=\"product-attribute-specs-table\" class=\"data table additional-attributes\" style=\"width: 1.32436%; height: 97px;\">\n<tbody>\n<tr>\n<th class=\"col label\" style=\"width: 37.8744%;\" scope=\"row\"><\/th>\n<td class=\"col data\" style=\"width: 6.06061%;\" data-th=\"Materiaali\"><\/td>\n<\/tr>\n<\/tbody>\n<\/table>\n","protected":false},"excerpt":{"rendered":"<p>Tyylik\u00e4s liikennematto, joka kannustaa leikkim\u00e4\u00e4n ja samanaikaisesti toimii hienona sisustusyksityiskohtana lastenhuoneessa. Lasten leikkimatto on helppo pit\u00e4\u00e4 puhtaana ja huoltaa. Maton pohjassa on liukuestenopat materiaali: mikrokuitu polyesteri<\/p>\n","protected":false},"featured_media":14412,"comment_status":"closed","ping_status":"closed","template":"","meta":[],"product_brand":[],"product_cat":[25,22],"product_tag":[],"class_list":{"0":"post-14411","1":"product","2":"type-product","3":"status-publish","4":"has-post-thumbnail","6":"product_cat-lastenhuonematot","7":"product_cat-matot","9":"first","10":"instock","11":"taxable","12":"shipping-taxable","13":"purchasable","14":"product-type-simple"},"_links":{"self":[{"href":"https:\/\/www.ksttukku.fi\/kauppa\/wp-json\/wp\/v2\/product\/14411","targetHints":{"allow":["GET"]}}],"collection":[{"href":"https:\/\/www.ksttukku.fi\/kauppa\/wp-json\/wp\/v2\/product"}],"about":[{"href":"https:\/\/www.ksttukku.fi\/kauppa\/wp-json\/wp\/v2\/types\/product"}],"replies":[{"embeddable":true,"href":"https:\/\/www.ksttukku.fi\/kauppa\/wp-json\/wp\/v2\/comments?post=14411"}],"wp:featuredmedia":[{"embeddable":true,"href":"https:\/\/www.ksttukku.fi\/kauppa\/wp-json\/wp\/v2\/media\/14412"}],"wp:attachment":[{"href":"https:\/\/www.ksttukku.fi\/kauppa\/wp-json\/wp\/v2\/media?parent=14411"}],"wp:term":[{"taxonomy":"product_brand","embeddable":true,"href":"https:\/\/www.ksttukku.fi\/kauppa\/wp-json\/wp\/v2\/product_brand?post=14411"},{"taxonomy":"product_cat","embeddable":true,"href":"https:\/\/www.ksttukku.fi\/kauppa\/wp-json\/wp\/v2\/product_cat?post=14411"},{"taxonomy":"product_tag","embeddable":true,"href":"https:\/\/www.ksttukku.fi\/kauppa\/wp-json\/wp\/v2\/product_tag?post=14411"}],"curies":[{"name":"wp","href":"https:\/\/api.w.org\/{rel}","templated":true}]}}