{"id":14428,"date":"2023-10-25T12:26:14","date_gmt":"2023-10-25T09:26:14","guid":{"rendered":"https:\/\/www.ksttukku.fi\/kauppa\/?post_type=product&#038;p=14428"},"modified":"2023-10-25T12:32:24","modified_gmt":"2023-10-25T09:32:24","slug":"vallila-kesayo-effect-rug-matto-pyorea-140cm","status":"publish","type":"product","link":"https:\/\/www.ksttukku.fi\/kauppa\/tuote\/vallila-kesayo-effect-rug-matto-pyorea-140cm\/","title":{"rendered":"Vallila Kes\u00e4y\u00f6 Effect Rug matto py\u00f6re\u00e4 140cm Aqua"},"content":{"rendered":"<p>Viskoosimatossa on kaunis kiilt\u00e4v\u00e4 pinta .<\/p>\n<p>Desing Saara Kurkela<\/p>\n<p>Kevyt k\u00e4sitell\u00e4 ja pysyy hyvin paikallaan<\/p>\n<p>Hell\u00e4varainen imurointi nukan suuntaisesti.<\/p>\n<p>Puhdistus:\u00a0 laimella saippualiuoksella nukan suuntaisesti<\/p>\n<p>Laakavesipesu pesulassa 30 astetta.<\/p>\n<p>45 % akryyli, 35 % viskoosi, 20 % puuvilla<br \/>\nSBR-lateksipohja<\/p>\n<p>&nbsp;<\/p>\n","protected":false},"excerpt":{"rendered":"<p>Viskoosimatossa on kaunis kiilt\u00e4v\u00e4 pinta . Desing Saara Kurkela Kevyt k\u00e4sitell\u00e4 ja pysyy hyvin paikallaan Hell\u00e4varainen imurointi nukan suuntaisesti. Puhdistus:\u00a0 laimella saippualiuoksella nukan suuntaisesti Laakavesipesu pesulassa 30 astetta. 45 % akryyli, 35 % viskoosi, 20 % puuvilla SBR-lateksipohja &nbsp;<\/p>\n","protected":false},"featured_media":14429,"comment_status":"closed","ping_status":"closed","template":"","meta":[],"product_brand":[],"product_cat":[22,24],"product_tag":[],"class_list":{"0":"post-14428","1":"product","2":"type-product","3":"status-publish","4":"has-post-thumbnail","6":"product_cat-matot","7":"product_cat-viskoosimatot","9":"first","10":"instock","11":"taxable","12":"shipping-taxable","13":"purchasable","14":"product-type-simple"},"_links":{"self":[{"href":"https:\/\/www.ksttukku.fi\/kauppa\/wp-json\/wp\/v2\/product\/14428","targetHints":{"allow":["GET"]}}],"collection":[{"href":"https:\/\/www.ksttukku.fi\/kauppa\/wp-json\/wp\/v2\/product"}],"about":[{"href":"https:\/\/www.ksttukku.fi\/kauppa\/wp-json\/wp\/v2\/types\/product"}],"replies":[{"embeddable":true,"href":"https:\/\/www.ksttukku.fi\/kauppa\/wp-json\/wp\/v2\/comments?post=14428"}],"wp:featuredmedia":[{"embeddable":true,"href":"https:\/\/www.ksttukku.fi\/kauppa\/wp-json\/wp\/v2\/media\/14429"}],"wp:attachment":[{"href":"https:\/\/www.ksttukku.fi\/kauppa\/wp-json\/wp\/v2\/media?parent=14428"}],"wp:term":[{"taxonomy":"product_brand","embeddable":true,"href":"https:\/\/www.ksttukku.fi\/kauppa\/wp-json\/wp\/v2\/product_brand?post=14428"},{"taxonomy":"product_cat","embeddable":true,"href":"https:\/\/www.ksttukku.fi\/kauppa\/wp-json\/wp\/v2\/product_cat?post=14428"},{"taxonomy":"product_tag","embeddable":true,"href":"https:\/\/www.ksttukku.fi\/kauppa\/wp-json\/wp\/v2\/product_tag?post=14428"}],"curies":[{"name":"wp","href":"https:\/\/api.w.org\/{rel}","templated":true}]}}