{"id":14495,"date":"2023-10-27T11:01:00","date_gmt":"2023-10-27T08:01:00","guid":{"rendered":"https:\/\/www.ksttukku.fi\/kauppa\/?post_type=product&#038;p=14495"},"modified":"2024-08-17T13:46:15","modified_gmt":"2024-08-17T10:46:15","slug":"bellus-puhallinlammitin-1000w-2000w-vihrea","status":"publish","type":"product","link":"https:\/\/www.ksttukku.fi\/kauppa\/tuote\/bellus-puhallinlammitin-1000w-2000w-vihrea\/","title":{"rendered":"Bellus Puhallinl\u00e4mmitin 1000W\/2000W vihre\u00e4"},"content":{"rendered":"<p>Tyylik\u00e4s, retrohenkinen puhallinl\u00e4mmitin. Kaksi tehoaluetta (1000\/2000W) ja tuuletintoiminto.<\/p>\n<p>L\u00e4mp\u00f6tilan s\u00e4\u00e4t\u00f6 termostaattikytkimen avulla<\/p>\n<p>Turvatoimintoina ylikuumenemissuoja sek\u00e4 kaatumissuoja.<\/p>\n<p>L\u00e4mmittimess\u00e4 virran merkkivalo.<\/p>\n<p>Virtajohdon pituus 1,5 m. 220-240V 50Hz 2000W. IP21.<\/p>\n<p>Leveys: 300mm<\/p>\n<p>korkeus: 272mm<\/p>\n<p>Syvyys: 135mm<\/p>\n<p>&nbsp;<\/p>\n","protected":false},"excerpt":{"rendered":"<p>Tyylik\u00e4s, retrohenkinen puhallinl\u00e4mmitin. Kaksi tehoaluetta (1000\/2000W) ja tuuletintoiminto. L\u00e4mp\u00f6tilan s\u00e4\u00e4t\u00f6 termostaattikytkimen avulla Turvatoimintoina ylikuumenemissuoja sek\u00e4 kaatumissuoja. L\u00e4mmittimess\u00e4 virran merkkivalo. Virtajohdon pituus 1,5 m. 220-240V 50Hz 2000W. IP21. Leveys: 300mm korkeus: 272mm Syvyys: 135mm &nbsp;<\/p>\n","protected":false},"featured_media":14496,"comment_status":"closed","ping_status":"closed","template":"","meta":[],"product_brand":[],"product_cat":[207,536],"product_tag":[],"class_list":{"0":"post-14495","1":"product","2":"type-product","3":"status-publish","4":"has-post-thumbnail","6":"product_cat-koneet-tyokalut","7":"product_cat-lammittimet-koneet-tyokalut","9":"first","10":"outofstock","11":"taxable","12":"shipping-taxable","13":"purchasable","14":"product-type-simple"},"_links":{"self":[{"href":"https:\/\/www.ksttukku.fi\/kauppa\/wp-json\/wp\/v2\/product\/14495","targetHints":{"allow":["GET"]}}],"collection":[{"href":"https:\/\/www.ksttukku.fi\/kauppa\/wp-json\/wp\/v2\/product"}],"about":[{"href":"https:\/\/www.ksttukku.fi\/kauppa\/wp-json\/wp\/v2\/types\/product"}],"replies":[{"embeddable":true,"href":"https:\/\/www.ksttukku.fi\/kauppa\/wp-json\/wp\/v2\/comments?post=14495"}],"wp:featuredmedia":[{"embeddable":true,"href":"https:\/\/www.ksttukku.fi\/kauppa\/wp-json\/wp\/v2\/media\/14496"}],"wp:attachment":[{"href":"https:\/\/www.ksttukku.fi\/kauppa\/wp-json\/wp\/v2\/media?parent=14495"}],"wp:term":[{"taxonomy":"product_brand","embeddable":true,"href":"https:\/\/www.ksttukku.fi\/kauppa\/wp-json\/wp\/v2\/product_brand?post=14495"},{"taxonomy":"product_cat","embeddable":true,"href":"https:\/\/www.ksttukku.fi\/kauppa\/wp-json\/wp\/v2\/product_cat?post=14495"},{"taxonomy":"product_tag","embeddable":true,"href":"https:\/\/www.ksttukku.fi\/kauppa\/wp-json\/wp\/v2\/product_tag?post=14495"}],"curies":[{"name":"wp","href":"https:\/\/api.w.org\/{rel}","templated":true}]}}