{"id":14510,"date":"2023-10-28T11:34:57","date_gmt":"2023-10-28T08:34:57","guid":{"rendered":"https:\/\/www.ksttukku.fi\/kauppa\/?post_type=product&#038;p=14510"},"modified":"2024-10-21T10:08:20","modified_gmt":"2024-10-21T07:08:20","slug":"kranssi-30cm-kulta-2890-803","status":"publish","type":"product","link":"https:\/\/www.ksttukku.fi\/kauppa\/tuote\/kranssi-30cm-kulta-2890-803\/","title":{"rendered":"Kranssi 30cm kulta  2890-803"},"content":{"rendered":"<p>32 l\u00e4mmin valkoista ledi\u00e4<\/p>\n<p>Mitat: 30 x 30 cm<\/p>\n<p>L\u00e4pin\u00e4kyv\u00e4 johto<\/p>\n<p>Johdon pituus 5 m<\/p>\n<p>V\u00e4ri: kulta<\/p>\n","protected":false},"excerpt":{"rendered":"<p>32 l\u00e4mmin valkoista ledi\u00e4 Mitat: 30 x 30 cm L\u00e4pin\u00e4kyv\u00e4 johto Johdon pituus 5 m V\u00e4ri: kulta<\/p>\n","protected":false},"featured_media":14513,"comment_status":"closed","ping_status":"closed","template":"","meta":[],"product_brand":[],"product_cat":[176,199,198,34],"product_tag":[],"class_list":{"0":"post-14510","1":"product","2":"type-product","3":"status-publish","4":"has-post-thumbnail","6":"product_cat-joulu-ja-koristevalot","7":"product_cat-koristevalot","8":"product_cat-paperitahdet","9":"product_cat-valaisimet","11":"first","12":"instock","13":"taxable","14":"shipping-taxable","15":"purchasable","16":"product-type-simple"},"_links":{"self":[{"href":"https:\/\/www.ksttukku.fi\/kauppa\/wp-json\/wp\/v2\/product\/14510","targetHints":{"allow":["GET"]}}],"collection":[{"href":"https:\/\/www.ksttukku.fi\/kauppa\/wp-json\/wp\/v2\/product"}],"about":[{"href":"https:\/\/www.ksttukku.fi\/kauppa\/wp-json\/wp\/v2\/types\/product"}],"replies":[{"embeddable":true,"href":"https:\/\/www.ksttukku.fi\/kauppa\/wp-json\/wp\/v2\/comments?post=14510"}],"wp:featuredmedia":[{"embeddable":true,"href":"https:\/\/www.ksttukku.fi\/kauppa\/wp-json\/wp\/v2\/media\/14513"}],"wp:attachment":[{"href":"https:\/\/www.ksttukku.fi\/kauppa\/wp-json\/wp\/v2\/media?parent=14510"}],"wp:term":[{"taxonomy":"product_brand","embeddable":true,"href":"https:\/\/www.ksttukku.fi\/kauppa\/wp-json\/wp\/v2\/product_brand?post=14510"},{"taxonomy":"product_cat","embeddable":true,"href":"https:\/\/www.ksttukku.fi\/kauppa\/wp-json\/wp\/v2\/product_cat?post=14510"},{"taxonomy":"product_tag","embeddable":true,"href":"https:\/\/www.ksttukku.fi\/kauppa\/wp-json\/wp\/v2\/product_tag?post=14510"}],"curies":[{"name":"wp","href":"https:\/\/api.w.org\/{rel}","templated":true}]}}