{"id":14527,"date":"2023-10-31T12:16:17","date_gmt":"2023-10-31T10:16:17","guid":{"rendered":"https:\/\/www.ksttukku.fi\/kauppa\/?post_type=product&#038;p=14527"},"modified":"2023-10-31T12:21:13","modified_gmt":"2023-10-31T10:21:13","slug":"led-joulukoriste-laskettelurinne","status":"publish","type":"product","link":"https:\/\/www.ksttukku.fi\/kauppa\/tuote\/led-joulukoriste-laskettelurinne\/","title":{"rendered":"Led-joulukoriste laskettelurinne"},"content":{"rendered":"<p>Mekaaninen laskettelurinne musiikilla ja Led-valolla.<\/p>\n<p>Mukana USB-liit\u00e4nt\u00e4laite 1,8m<\/p>\n<p>Toimii my\u00f6s\u00a0 3 X AA pattereilla(ei sis\u00e4lly)<\/p>\n<p>Leveys:\u00a0 29cm<\/p>\n<p>Korkeus: 28cm<\/p>\n<p>&nbsp;<\/p>\n<p>&nbsp;<\/p>\n","protected":false},"excerpt":{"rendered":"<p>Mekaaninen laskettelurinne musiikilla ja Led-valolla. Mukana USB-liit\u00e4nt\u00e4laite 1,8m Toimii my\u00f6s\u00a0 3 X AA pattereilla(ei sis\u00e4lly) Leveys:\u00a0 29cm Korkeus: 28cm &nbsp; &nbsp;<\/p>\n","protected":false},"featured_media":14528,"comment_status":"closed","ping_status":"closed","template":"","meta":[],"product_brand":[],"product_cat":[176,199],"product_tag":[],"class_list":{"0":"post-14527","1":"product","2":"type-product","3":"status-publish","4":"has-post-thumbnail","6":"product_cat-joulu-ja-koristevalot","7":"product_cat-koristevalot","9":"first","10":"instock","11":"taxable","12":"shipping-taxable","13":"purchasable","14":"product-type-simple"},"_links":{"self":[{"href":"https:\/\/www.ksttukku.fi\/kauppa\/wp-json\/wp\/v2\/product\/14527","targetHints":{"allow":["GET"]}}],"collection":[{"href":"https:\/\/www.ksttukku.fi\/kauppa\/wp-json\/wp\/v2\/product"}],"about":[{"href":"https:\/\/www.ksttukku.fi\/kauppa\/wp-json\/wp\/v2\/types\/product"}],"replies":[{"embeddable":true,"href":"https:\/\/www.ksttukku.fi\/kauppa\/wp-json\/wp\/v2\/comments?post=14527"}],"wp:featuredmedia":[{"embeddable":true,"href":"https:\/\/www.ksttukku.fi\/kauppa\/wp-json\/wp\/v2\/media\/14528"}],"wp:attachment":[{"href":"https:\/\/www.ksttukku.fi\/kauppa\/wp-json\/wp\/v2\/media?parent=14527"}],"wp:term":[{"taxonomy":"product_brand","embeddable":true,"href":"https:\/\/www.ksttukku.fi\/kauppa\/wp-json\/wp\/v2\/product_brand?post=14527"},{"taxonomy":"product_cat","embeddable":true,"href":"https:\/\/www.ksttukku.fi\/kauppa\/wp-json\/wp\/v2\/product_cat?post=14527"},{"taxonomy":"product_tag","embeddable":true,"href":"https:\/\/www.ksttukku.fi\/kauppa\/wp-json\/wp\/v2\/product_tag?post=14527"}],"curies":[{"name":"wp","href":"https:\/\/api.w.org\/{rel}","templated":true}]}}