{"id":14577,"date":"2023-11-03T12:24:36","date_gmt":"2023-11-03T10:24:36","guid":{"rendered":"https:\/\/www.ksttukku.fi\/kauppa\/?post_type=product&#038;p=14577"},"modified":"2023-11-03T12:24:37","modified_gmt":"2023-11-03T10:24:37","slug":"konstsmide-5-kpl-setti-akryylipupu","status":"publish","type":"product","link":"https:\/\/www.ksttukku.fi\/kauppa\/tuote\/konstsmide-5-kpl-setti-akryylipupu\/","title":{"rendered":"Konstsmide  5 kpl \/ setti akryylipupu"},"content":{"rendered":"<p>Akryylipupuja 5 kpl\/setti\u00a0 pihalle tai sis\u00e4lle<\/p>\n<p data-sanitized-data-mce-fragment=\"1\">Liitosjohto 5 m. Muuntaja 24V, IP44. Sis\u00e4- ja ulkok\u00e4ytt\u00f6\u00f6n<\/p>\n<p data-sanitized-data-mce-fragment=\"1\">\n<p>&nbsp;<\/p>\n","protected":false},"excerpt":{"rendered":"<p>Akryylipupuja 5 kpl\/setti\u00a0 pihalle tai sis\u00e4lle Liitosjohto 5 m. Muuntaja 24V, IP44. Sis\u00e4- ja ulkok\u00e4ytt\u00f6\u00f6n &nbsp;<\/p>\n","protected":false},"featured_media":14578,"comment_status":"closed","ping_status":"closed","template":"","meta":[],"product_brand":[],"product_cat":[179,176,199],"product_tag":[],"class_list":{"0":"post-14577","1":"product","2":"type-product","3":"status-publish","4":"has-post-thumbnail","6":"product_cat-akryylivalaisimet","7":"product_cat-joulu-ja-koristevalot","8":"product_cat-koristevalot","10":"first","11":"instock","12":"taxable","13":"shipping-taxable","14":"purchasable","15":"product-type-simple"},"_links":{"self":[{"href":"https:\/\/www.ksttukku.fi\/kauppa\/wp-json\/wp\/v2\/product\/14577","targetHints":{"allow":["GET"]}}],"collection":[{"href":"https:\/\/www.ksttukku.fi\/kauppa\/wp-json\/wp\/v2\/product"}],"about":[{"href":"https:\/\/www.ksttukku.fi\/kauppa\/wp-json\/wp\/v2\/types\/product"}],"replies":[{"embeddable":true,"href":"https:\/\/www.ksttukku.fi\/kauppa\/wp-json\/wp\/v2\/comments?post=14577"}],"wp:featuredmedia":[{"embeddable":true,"href":"https:\/\/www.ksttukku.fi\/kauppa\/wp-json\/wp\/v2\/media\/14578"}],"wp:attachment":[{"href":"https:\/\/www.ksttukku.fi\/kauppa\/wp-json\/wp\/v2\/media?parent=14577"}],"wp:term":[{"taxonomy":"product_brand","embeddable":true,"href":"https:\/\/www.ksttukku.fi\/kauppa\/wp-json\/wp\/v2\/product_brand?post=14577"},{"taxonomy":"product_cat","embeddable":true,"href":"https:\/\/www.ksttukku.fi\/kauppa\/wp-json\/wp\/v2\/product_cat?post=14577"},{"taxonomy":"product_tag","embeddable":true,"href":"https:\/\/www.ksttukku.fi\/kauppa\/wp-json\/wp\/v2\/product_tag?post=14577"}],"curies":[{"name":"wp","href":"https:\/\/api.w.org\/{rel}","templated":true}]}}