{"id":14621,"date":"2023-11-13T16:48:08","date_gmt":"2023-11-13T14:48:08","guid":{"rendered":"https:\/\/www.ksttukku.fi\/kauppa\/?post_type=product&#038;p=14621"},"modified":"2026-01-12T15:36:48","modified_gmt":"2026-01-12T13:36:48","slug":"led-koristevalo-kranssi-35-cm","status":"publish","type":"product","link":"https:\/\/www.ksttukku.fi\/kauppa\/tuote\/led-koristevalo-kranssi-35-cm\/","title":{"rendered":"Led-koristevalo kranssi 35 cm"},"content":{"rendered":"<p>Kaunis valokoristekranssi sis\u00e4 &#8211; tai ulkok\u00e4ytt\u00f6\u00f6n.<\/p>\n<p>Halkaisija 35 cm, 108 mikroLED-valoa.<\/p>\n<p>Yhteens\u00e4 12 haaraa, jokaisessa haarassa 8 ledi\u00e4 (lis\u00e4ksi rungossa 12 ledi\u00e4).<\/p>\n<p>4,5v 300MA IP44 muuntaja.<\/p>\n<p>Liit\u00e4nt\u00e4johto 3 m.<\/p>\n","protected":false},"excerpt":{"rendered":"<p>Kaunis valokoristekranssi sis\u00e4 &#8211; tai ulkok\u00e4ytt\u00f6\u00f6n. Halkaisija 35 cm, 108 mikroLED-valoa. Yhteens\u00e4 12 haaraa, jokaisessa haarassa 8 ledi\u00e4 (lis\u00e4ksi rungossa 12 ledi\u00e4). 4,5v 300MA IP44 muuntaja. Liit\u00e4nt\u00e4johto 3 m.<\/p>\n","protected":false},"featured_media":14622,"comment_status":"closed","ping_status":"closed","template":"","meta":[],"product_brand":[],"product_cat":[176,199,198],"product_tag":[],"class_list":{"0":"post-14621","1":"product","2":"type-product","3":"status-publish","4":"has-post-thumbnail","6":"product_cat-joulu-ja-koristevalot","7":"product_cat-koristevalot","8":"product_cat-paperitahdet","10":"first","11":"outofstock","12":"taxable","13":"shipping-taxable","14":"purchasable","15":"product-type-simple"},"_links":{"self":[{"href":"https:\/\/www.ksttukku.fi\/kauppa\/wp-json\/wp\/v2\/product\/14621","targetHints":{"allow":["GET"]}}],"collection":[{"href":"https:\/\/www.ksttukku.fi\/kauppa\/wp-json\/wp\/v2\/product"}],"about":[{"href":"https:\/\/www.ksttukku.fi\/kauppa\/wp-json\/wp\/v2\/types\/product"}],"replies":[{"embeddable":true,"href":"https:\/\/www.ksttukku.fi\/kauppa\/wp-json\/wp\/v2\/comments?post=14621"}],"wp:featuredmedia":[{"embeddable":true,"href":"https:\/\/www.ksttukku.fi\/kauppa\/wp-json\/wp\/v2\/media\/14622"}],"wp:attachment":[{"href":"https:\/\/www.ksttukku.fi\/kauppa\/wp-json\/wp\/v2\/media?parent=14621"}],"wp:term":[{"taxonomy":"product_brand","embeddable":true,"href":"https:\/\/www.ksttukku.fi\/kauppa\/wp-json\/wp\/v2\/product_brand?post=14621"},{"taxonomy":"product_cat","embeddable":true,"href":"https:\/\/www.ksttukku.fi\/kauppa\/wp-json\/wp\/v2\/product_cat?post=14621"},{"taxonomy":"product_tag","embeddable":true,"href":"https:\/\/www.ksttukku.fi\/kauppa\/wp-json\/wp\/v2\/product_tag?post=14621"}],"curies":[{"name":"wp","href":"https:\/\/api.w.org\/{rel}","templated":true}]}}