{"id":1464,"date":"2018-04-23T18:25:31","date_gmt":"2018-04-23T15:25:31","guid":{"rendered":"http:\/\/www.ksttukku.fi\/kauppa\/?post_type=product&#038;p=1464"},"modified":"2023-09-07T16:10:52","modified_gmt":"2023-09-07T13:10:52","slug":"city-riippuvalaisin-musta","status":"publish","type":"product","link":"https:\/\/www.ksttukku.fi\/kauppa\/tuote\/city-riippuvalaisin-musta\/","title":{"rendered":"City riippuvalaisin musta"},"content":{"rendered":"<p>CITY-riippuvalaisin on muotoilultaan moderni ja raikas. Valo suodattuu alumiinisen, kaupunkikuvituksellisen varjostimen takaa kauniisti luoden tilaan pehmeytt\u00e4 ja tyyli\u00e4. Se sopii erityisen hyvin ruokap\u00f6yd\u00e4n ylle sill\u00e4 se siroaa valoa juuri sopivalla voimakkuudella. T\u00e4m\u00e4 valaisin luo todellisen vaikutuksen.<\/p>\n<p>\u2022 V\u00e4ri : Musta<br \/>\n\u2022 halk. : 40,0 cm<br \/>\n\u2022 kork. : 150,0 cm<br \/>\n\u2022 1xE27 \/ 60W (ei sis\u00e4lly pakkaukseen)<br \/>\nKoukkukiinnitys<\/p>\n","protected":false},"excerpt":{"rendered":"<p>CITY-riippuvalaisin on muotoilultaan moderni ja raikas. Valo suodattuu alumiinisen, kaupunkikuvituksellisen varjostimen takaa kauniisti luoden tilaan pehmeytt\u00e4 ja tyyli\u00e4. Se sopii erityisen hyvin ruokap\u00f6yd\u00e4n ylle sill\u00e4 se siroaa valoa juuri sopivalla voimakkuudella. T\u00e4m\u00e4 valaisin luo todellisen vaikutuksen. \u2022 V\u00e4ri : Musta \u2022 halk. : 40,0 cm \u2022 kork. : 150,0 cm \u2022 1xE27 \/ 60W (ei [&hellip;]<\/p>\n","protected":false},"featured_media":4891,"comment_status":"closed","ping_status":"closed","template":"","meta":[],"product_brand":[],"product_cat":[49,35,34],"product_tag":[],"class_list":{"0":"post-1464","1":"product","2":"type-product","3":"status-publish","4":"has-post-thumbnail","6":"product_cat-riippuvalaisimet","7":"product_cat-sisavalaisimet","8":"product_cat-valaisimet","10":"first","11":"instock","12":"taxable","13":"shipping-taxable","14":"purchasable","15":"product-type-simple"},"_links":{"self":[{"href":"https:\/\/www.ksttukku.fi\/kauppa\/wp-json\/wp\/v2\/product\/1464","targetHints":{"allow":["GET"]}}],"collection":[{"href":"https:\/\/www.ksttukku.fi\/kauppa\/wp-json\/wp\/v2\/product"}],"about":[{"href":"https:\/\/www.ksttukku.fi\/kauppa\/wp-json\/wp\/v2\/types\/product"}],"replies":[{"embeddable":true,"href":"https:\/\/www.ksttukku.fi\/kauppa\/wp-json\/wp\/v2\/comments?post=1464"}],"wp:featuredmedia":[{"embeddable":true,"href":"https:\/\/www.ksttukku.fi\/kauppa\/wp-json\/wp\/v2\/media\/4891"}],"wp:attachment":[{"href":"https:\/\/www.ksttukku.fi\/kauppa\/wp-json\/wp\/v2\/media?parent=1464"}],"wp:term":[{"taxonomy":"product_brand","embeddable":true,"href":"https:\/\/www.ksttukku.fi\/kauppa\/wp-json\/wp\/v2\/product_brand?post=1464"},{"taxonomy":"product_cat","embeddable":true,"href":"https:\/\/www.ksttukku.fi\/kauppa\/wp-json\/wp\/v2\/product_cat?post=1464"},{"taxonomy":"product_tag","embeddable":true,"href":"https:\/\/www.ksttukku.fi\/kauppa\/wp-json\/wp\/v2\/product_tag?post=1464"}],"curies":[{"name":"wp","href":"https:\/\/api.w.org\/{rel}","templated":true}]}}