{"id":14644,"date":"2023-11-17T12:19:00","date_gmt":"2023-11-17T10:19:00","guid":{"rendered":"https:\/\/www.ksttukku.fi\/kauppa\/?post_type=product&#038;p=14644"},"modified":"2024-10-24T15:53:03","modified_gmt":"2024-10-24T12:53:03","slug":"lumihiutale-akryylitahti-30cm","status":"publish","type":"product","link":"https:\/\/www.ksttukku.fi\/kauppa\/tuote\/lumihiutale-akryylitahti-30cm\/","title":{"rendered":"Lumihiutale akryylit\u00e4hti 30cm"},"content":{"rendered":"<p>Kaunis l\u00e4pikuultavasta akryylist\u00e4 valmistettu valokoriste.<\/p>\n<p>Halkaisija: 30 cm<\/p>\n<p>Johto: 5 m<\/p>\n<p>sis\u00e4k\u00e4ytt\u00f6\u00f6n<\/p>\n<p>&nbsp;<\/p>\n","protected":false},"excerpt":{"rendered":"<p>Kaunis l\u00e4pikuultavasta akryylist\u00e4 valmistettu valokoriste. Halkaisija: 30 cm Johto: 5 m sis\u00e4k\u00e4ytt\u00f6\u00f6n &nbsp;<\/p>\n","protected":false},"featured_media":14645,"comment_status":"closed","ping_status":"closed","template":"","meta":[],"product_brand":[],"product_cat":[176,199,34],"product_tag":[],"class_list":{"0":"post-14644","1":"product","2":"type-product","3":"status-publish","4":"has-post-thumbnail","6":"product_cat-joulu-ja-koristevalot","7":"product_cat-koristevalot","8":"product_cat-valaisimet","10":"first","11":"outofstock","12":"taxable","13":"shipping-taxable","14":"purchasable","15":"product-type-simple"},"_links":{"self":[{"href":"https:\/\/www.ksttukku.fi\/kauppa\/wp-json\/wp\/v2\/product\/14644","targetHints":{"allow":["GET"]}}],"collection":[{"href":"https:\/\/www.ksttukku.fi\/kauppa\/wp-json\/wp\/v2\/product"}],"about":[{"href":"https:\/\/www.ksttukku.fi\/kauppa\/wp-json\/wp\/v2\/types\/product"}],"replies":[{"embeddable":true,"href":"https:\/\/www.ksttukku.fi\/kauppa\/wp-json\/wp\/v2\/comments?post=14644"}],"wp:featuredmedia":[{"embeddable":true,"href":"https:\/\/www.ksttukku.fi\/kauppa\/wp-json\/wp\/v2\/media\/14645"}],"wp:attachment":[{"href":"https:\/\/www.ksttukku.fi\/kauppa\/wp-json\/wp\/v2\/media?parent=14644"}],"wp:term":[{"taxonomy":"product_brand","embeddable":true,"href":"https:\/\/www.ksttukku.fi\/kauppa\/wp-json\/wp\/v2\/product_brand?post=14644"},{"taxonomy":"product_cat","embeddable":true,"href":"https:\/\/www.ksttukku.fi\/kauppa\/wp-json\/wp\/v2\/product_cat?post=14644"},{"taxonomy":"product_tag","embeddable":true,"href":"https:\/\/www.ksttukku.fi\/kauppa\/wp-json\/wp\/v2\/product_tag?post=14644"}],"curies":[{"name":"wp","href":"https:\/\/api.w.org\/{rel}","templated":true}]}}