{"id":14647,"date":"2023-11-17T14:04:58","date_gmt":"2023-11-17T12:04:58","guid":{"rendered":"https:\/\/www.ksttukku.fi\/kauppa\/?post_type=product&#038;p=14647"},"modified":"2025-11-10T12:54:59","modified_gmt":"2025-11-10T10:54:59","slug":"valoketju-80led-vihrea","status":"publish","type":"product","link":"https:\/\/www.ksttukku.fi\/kauppa\/tuote\/valoketju-80led-vihrea\/","title":{"rendered":"Valoketju 80LED vihre\u00e4"},"content":{"rendered":"<p>valoketjuilla voit muuttaa mink\u00e4 tahansa tilan kutsuvaksi keitaaksi. Ihanteellinen tunnelmavalaistus terasseille, parvekkeille ja puutarhaan, h\u00e4ihin ja muihin juhliin. Tekniset tiedot: 80 kpl vihre\u00e4 LED, 3V 0,06W. Valoaihe 8 m. Ledit 10 cm v\u00e4lein. L\u00e4pin\u00e4kyv\u00e4n johdon pituus 5 m. Muuntaja 3,2V 0,96W, IP44. Sis\u00e4- ja ulkok\u00e4ytt\u00f6\u00f6n.<\/p>\n","protected":false},"excerpt":{"rendered":"<p>valoketjuilla voit muuttaa mink\u00e4 tahansa tilan kutsuvaksi keitaaksi. Ihanteellinen tunnelmavalaistus terasseille, parvekkeille ja puutarhaan, h\u00e4ihin ja muihin juhliin. Tekniset tiedot: 80 kpl vihre\u00e4 LED, 3V 0,06W. Valoaihe 8 m. Ledit 10 cm v\u00e4lein. L\u00e4pin\u00e4kyv\u00e4n johdon pituus 5 m. Muuntaja 3,2V 0,96W, IP44. Sis\u00e4- ja ulkok\u00e4ytt\u00f6\u00f6n.<\/p>\n","protected":false},"featured_media":14648,"comment_status":"closed","ping_status":"closed","template":"","meta":[],"product_brand":[],"product_cat":[176,34,177],"product_tag":[],"class_list":{"0":"post-14647","1":"product","2":"type-product","3":"status-publish","4":"has-post-thumbnail","6":"product_cat-joulu-ja-koristevalot","7":"product_cat-valaisimet","8":"product_cat-valosarjat","10":"first","11":"outofstock","12":"taxable","13":"shipping-taxable","14":"purchasable","15":"product-type-simple"},"_links":{"self":[{"href":"https:\/\/www.ksttukku.fi\/kauppa\/wp-json\/wp\/v2\/product\/14647","targetHints":{"allow":["GET"]}}],"collection":[{"href":"https:\/\/www.ksttukku.fi\/kauppa\/wp-json\/wp\/v2\/product"}],"about":[{"href":"https:\/\/www.ksttukku.fi\/kauppa\/wp-json\/wp\/v2\/types\/product"}],"replies":[{"embeddable":true,"href":"https:\/\/www.ksttukku.fi\/kauppa\/wp-json\/wp\/v2\/comments?post=14647"}],"wp:featuredmedia":[{"embeddable":true,"href":"https:\/\/www.ksttukku.fi\/kauppa\/wp-json\/wp\/v2\/media\/14648"}],"wp:attachment":[{"href":"https:\/\/www.ksttukku.fi\/kauppa\/wp-json\/wp\/v2\/media?parent=14647"}],"wp:term":[{"taxonomy":"product_brand","embeddable":true,"href":"https:\/\/www.ksttukku.fi\/kauppa\/wp-json\/wp\/v2\/product_brand?post=14647"},{"taxonomy":"product_cat","embeddable":true,"href":"https:\/\/www.ksttukku.fi\/kauppa\/wp-json\/wp\/v2\/product_cat?post=14647"},{"taxonomy":"product_tag","embeddable":true,"href":"https:\/\/www.ksttukku.fi\/kauppa\/wp-json\/wp\/v2\/product_tag?post=14647"}],"curies":[{"name":"wp","href":"https:\/\/api.w.org\/{rel}","templated":true}]}}