{"id":1467,"date":"2018-04-23T18:33:18","date_gmt":"2018-04-23T15:33:18","guid":{"rendered":"http:\/\/www.ksttukku.fi\/kauppa\/?post_type=product&#038;p=1467"},"modified":"2019-12-20T17:32:39","modified_gmt":"2019-12-20T15:32:39","slug":"city-poytavalaisin-musta-2","status":"publish","type":"product","link":"https:\/\/www.ksttukku.fi\/kauppa\/tuote\/city-poytavalaisin-musta-2\/","title":{"rendered":"City p\u00f6yt\u00e4valaisin musta"},"content":{"rendered":"<p>CITY -p\u00f6yt\u00e4valaisimen metalliseen varjostimeen on laserleikattu n\u00e4ytt\u00e4v\u00e4 suurkaupunki kuviointi, josta valo suodattuu pehme\u00e4sti l\u00e4vitse luoden tilaan pehmeytt\u00e4 ja tyyli\u00e4. T\u00e4m\u00e4 valaisin luo todellisen vaikutuksen.<\/p>\n<p>\u2022 V\u00e4ri : Musta<br \/>\n\u2022 halk. : 15,0cm<br \/>\n\u2022 kork. : 39,0cm<br \/>\n\u2022 1xE14 \/ 40W (ei sis\u00e4lly pakkaukseen)<br \/>\n\u2022 on-off kytkin johdossa.<\/p>\n","protected":false},"excerpt":{"rendered":"<p>CITY -p\u00f6yt\u00e4valaisimen metalliseen varjostimeen on laserleikattu n\u00e4ytt\u00e4v\u00e4 suurkaupunki kuviointi, josta valo suodattuu pehme\u00e4sti l\u00e4vitse luoden tilaan pehmeytt\u00e4 ja tyyli\u00e4. T\u00e4m\u00e4 valaisin luo todellisen vaikutuksen. \u2022 V\u00e4ri : Musta \u2022 halk. : 15,0cm \u2022 kork. : 39,0cm \u2022 1xE14 \/ 40W (ei sis\u00e4lly pakkaukseen) \u2022 on-off kytkin johdossa.<\/p>\n","protected":false},"featured_media":4893,"comment_status":"closed","ping_status":"closed","template":"","meta":[],"product_brand":[],"product_cat":[44,35,34],"product_tag":[],"class_list":{"0":"post-1467","1":"product","2":"type-product","3":"status-publish","4":"has-post-thumbnail","6":"product_cat-poytavalaisimet","7":"product_cat-sisavalaisimet","8":"product_cat-valaisimet","10":"first","11":"instock","12":"taxable","13":"shipping-taxable","14":"purchasable","15":"product-type-simple"},"_links":{"self":[{"href":"https:\/\/www.ksttukku.fi\/kauppa\/wp-json\/wp\/v2\/product\/1467","targetHints":{"allow":["GET"]}}],"collection":[{"href":"https:\/\/www.ksttukku.fi\/kauppa\/wp-json\/wp\/v2\/product"}],"about":[{"href":"https:\/\/www.ksttukku.fi\/kauppa\/wp-json\/wp\/v2\/types\/product"}],"replies":[{"embeddable":true,"href":"https:\/\/www.ksttukku.fi\/kauppa\/wp-json\/wp\/v2\/comments?post=1467"}],"wp:featuredmedia":[{"embeddable":true,"href":"https:\/\/www.ksttukku.fi\/kauppa\/wp-json\/wp\/v2\/media\/4893"}],"wp:attachment":[{"href":"https:\/\/www.ksttukku.fi\/kauppa\/wp-json\/wp\/v2\/media?parent=1467"}],"wp:term":[{"taxonomy":"product_brand","embeddable":true,"href":"https:\/\/www.ksttukku.fi\/kauppa\/wp-json\/wp\/v2\/product_brand?post=1467"},{"taxonomy":"product_cat","embeddable":true,"href":"https:\/\/www.ksttukku.fi\/kauppa\/wp-json\/wp\/v2\/product_cat?post=1467"},{"taxonomy":"product_tag","embeddable":true,"href":"https:\/\/www.ksttukku.fi\/kauppa\/wp-json\/wp\/v2\/product_tag?post=1467"}],"curies":[{"name":"wp","href":"https:\/\/api.w.org\/{rel}","templated":true}]}}