{"id":14721,"date":"2023-12-19T16:47:38","date_gmt":"2023-12-19T14:47:38","guid":{"rendered":"https:\/\/www.ksttukku.fi\/kauppa\/?post_type=product&#038;p=14721"},"modified":"2023-12-19T16:47:38","modified_gmt":"2023-12-19T14:47:38","slug":"tahti-valoverho-3703-103","status":"publish","type":"product","link":"https:\/\/www.ksttukku.fi\/kauppa\/tuote\/tahti-valoverho-3703-103\/","title":{"rendered":"T\u00e4hti valoverho 3703-103"},"content":{"rendered":"<p>Valoverho t\u00e4hti\u00a0 sis\u00e4k\u00e4ytt\u00f6\u00f6n, leveys 140 cm, korkeus 120 cm.<br \/>\nSarjassa 120 l\u00e4mminvalkoista LEDi\u00e4.<\/p>\n<p>Johto : 500cm<\/p>\n<p>&nbsp;<\/p>\n","protected":false},"excerpt":{"rendered":"<p>Valoverho t\u00e4hti\u00a0 sis\u00e4k\u00e4ytt\u00f6\u00f6n, leveys 140 cm, korkeus 120 cm. Sarjassa 120 l\u00e4mminvalkoista LEDi\u00e4. Johto : 500cm &nbsp;<\/p>\n","protected":false},"featured_media":14722,"comment_status":"closed","ping_status":"closed","template":"","meta":[],"product_brand":[],"product_cat":[176,199],"product_tag":[],"class_list":{"0":"post-14721","1":"product","2":"type-product","3":"status-publish","4":"has-post-thumbnail","6":"product_cat-joulu-ja-koristevalot","7":"product_cat-koristevalot","9":"first","10":"instock","11":"taxable","12":"shipping-taxable","13":"purchasable","14":"product-type-simple"},"_links":{"self":[{"href":"https:\/\/www.ksttukku.fi\/kauppa\/wp-json\/wp\/v2\/product\/14721","targetHints":{"allow":["GET"]}}],"collection":[{"href":"https:\/\/www.ksttukku.fi\/kauppa\/wp-json\/wp\/v2\/product"}],"about":[{"href":"https:\/\/www.ksttukku.fi\/kauppa\/wp-json\/wp\/v2\/types\/product"}],"replies":[{"embeddable":true,"href":"https:\/\/www.ksttukku.fi\/kauppa\/wp-json\/wp\/v2\/comments?post=14721"}],"wp:featuredmedia":[{"embeddable":true,"href":"https:\/\/www.ksttukku.fi\/kauppa\/wp-json\/wp\/v2\/media\/14722"}],"wp:attachment":[{"href":"https:\/\/www.ksttukku.fi\/kauppa\/wp-json\/wp\/v2\/media?parent=14721"}],"wp:term":[{"taxonomy":"product_brand","embeddable":true,"href":"https:\/\/www.ksttukku.fi\/kauppa\/wp-json\/wp\/v2\/product_brand?post=14721"},{"taxonomy":"product_cat","embeddable":true,"href":"https:\/\/www.ksttukku.fi\/kauppa\/wp-json\/wp\/v2\/product_cat?post=14721"},{"taxonomy":"product_tag","embeddable":true,"href":"https:\/\/www.ksttukku.fi\/kauppa\/wp-json\/wp\/v2\/product_tag?post=14721"}],"curies":[{"name":"wp","href":"https:\/\/api.w.org\/{rel}","templated":true}]}}