{"id":14750,"date":"2023-12-30T14:13:04","date_gmt":"2023-12-30T12:13:04","guid":{"rendered":"https:\/\/www.ksttukku.fi\/kauppa\/?post_type=product&#038;p=14750"},"modified":"2023-12-30T14:13:05","modified_gmt":"2023-12-30T12:13:05","slug":"konstsmide-valokoriste-maisemasiluetti-3565-710","status":"publish","type":"product","link":"https:\/\/www.ksttukku.fi\/kauppa\/tuote\/konstsmide-valokoriste-maisemasiluetti-3565-710\/","title":{"rendered":"Konstsmide valokoriste maisemasiluetti  3565-710"},"content":{"rendered":"<p data-sanitized-data-mce-fragment=\"1\">N\u00e4ytt\u00e4v\u00e4 musta metallinen\u00a0 valokoriste\u00a0 maisemasiluetti.<\/p>\n<p data-sanitized-data-mce-fragment=\"1\">36 kpl l\u00e4mminvalkoista ledi\u00e4.<\/p>\n<p data-sanitized-data-mce-fragment=\"1\">Korkeus: 360mm<\/p>\n<p data-sanitized-data-mce-fragment=\"1\">Leveys: 450mm<\/p>\n<p data-sanitized-data-mce-fragment=\"1\">V\u00e4likytkimellinen johto 1800mm<\/p>\n","protected":false},"excerpt":{"rendered":"<p>N\u00e4ytt\u00e4v\u00e4 musta metallinen\u00a0 valokoriste\u00a0 maisemasiluetti. 36 kpl l\u00e4mminvalkoista ledi\u00e4. Korkeus: 360mm Leveys: 450mm V\u00e4likytkimellinen johto 1800mm<\/p>\n","protected":false},"featured_media":14751,"comment_status":"closed","ping_status":"closed","template":"","meta":[],"product_brand":[],"product_cat":[176,199,181,34],"product_tag":[],"class_list":{"0":"post-14750","1":"product","2":"type-product","3":"status-publish","4":"has-post-thumbnail","6":"product_cat-joulu-ja-koristevalot","7":"product_cat-koristevalot","8":"product_cat-kynttelikot","9":"product_cat-valaisimet","11":"first","12":"instock","13":"sale","14":"taxable","15":"shipping-taxable","16":"purchasable","17":"product-type-simple"},"_links":{"self":[{"href":"https:\/\/www.ksttukku.fi\/kauppa\/wp-json\/wp\/v2\/product\/14750","targetHints":{"allow":["GET"]}}],"collection":[{"href":"https:\/\/www.ksttukku.fi\/kauppa\/wp-json\/wp\/v2\/product"}],"about":[{"href":"https:\/\/www.ksttukku.fi\/kauppa\/wp-json\/wp\/v2\/types\/product"}],"replies":[{"embeddable":true,"href":"https:\/\/www.ksttukku.fi\/kauppa\/wp-json\/wp\/v2\/comments?post=14750"}],"wp:featuredmedia":[{"embeddable":true,"href":"https:\/\/www.ksttukku.fi\/kauppa\/wp-json\/wp\/v2\/media\/14751"}],"wp:attachment":[{"href":"https:\/\/www.ksttukku.fi\/kauppa\/wp-json\/wp\/v2\/media?parent=14750"}],"wp:term":[{"taxonomy":"product_brand","embeddable":true,"href":"https:\/\/www.ksttukku.fi\/kauppa\/wp-json\/wp\/v2\/product_brand?post=14750"},{"taxonomy":"product_cat","embeddable":true,"href":"https:\/\/www.ksttukku.fi\/kauppa\/wp-json\/wp\/v2\/product_cat?post=14750"},{"taxonomy":"product_tag","embeddable":true,"href":"https:\/\/www.ksttukku.fi\/kauppa\/wp-json\/wp\/v2\/product_tag?post=14750"}],"curies":[{"name":"wp","href":"https:\/\/api.w.org\/{rel}","templated":true}]}}