{"id":14767,"date":"2024-01-10T17:48:51","date_gmt":"2024-01-10T15:48:51","guid":{"rendered":"https:\/\/www.ksttukku.fi\/kauppa\/?post_type=product&#038;p=14767"},"modified":"2024-01-13T13:23:52","modified_gmt":"2024-01-13T11:23:52","slug":"valopeili-fine-600mm-ip44","status":"publish","type":"product","link":"https:\/\/www.ksttukku.fi\/kauppa\/tuote\/valopeili-fine-600mm-ip44\/","title":{"rendered":"Valopeili Fine 600mm IP44"},"content":{"rendered":"<p>Fine valopeili on tyylik\u00e4s peili joka voidaan asentaa my\u00f6s kylpyhuoneeseen. Valon v\u00e4ril&#8217;mp\u00f6tila vaihdettavissa 3000 K \/ 4000 K<\/p>\n<ul>\n<li>Ripustettava, musta nahkahihna<\/li>\n<li>Musta kehys<\/li>\n<li>15 W LED-valaisin<\/li>\n<li>3000 K \/ 4000 K<\/li>\n<li>Halkaisija 600 mm<\/li>\n<li>Syvyys 40 mm<\/li>\n<li>CE-hyv\u00e4ksynt\u00e4<\/li>\n<li>IP44-luokitus<\/li>\n<\/ul>\n","protected":false},"excerpt":{"rendered":"<p>Fine valopeili on tyylik\u00e4s peili joka voidaan asentaa my\u00f6s kylpyhuoneeseen. Valon v\u00e4ril&#8217;mp\u00f6tila vaihdettavissa 3000 K \/ 4000 K Ripustettava, musta nahkahihna Musta kehys 15 W LED-valaisin 3000 K \/ 4000 K Halkaisija 600 mm Syvyys 40 mm CE-hyv\u00e4ksynt\u00e4 IP44-luokitus<\/p>\n","protected":false},"featured_media":14770,"comment_status":"closed","ping_status":"closed","template":"","meta":[],"product_brand":[],"product_cat":[150,237],"product_tag":[],"class_list":{"0":"post-14767","1":"product","2":"type-product","3":"status-publish","4":"has-post-thumbnail","6":"product_cat-kylpyhuone","7":"product_cat-valopeilit","9":"first","10":"instock","11":"sale","12":"taxable","13":"shipping-taxable","14":"purchasable","15":"product-type-simple"},"_links":{"self":[{"href":"https:\/\/www.ksttukku.fi\/kauppa\/wp-json\/wp\/v2\/product\/14767","targetHints":{"allow":["GET"]}}],"collection":[{"href":"https:\/\/www.ksttukku.fi\/kauppa\/wp-json\/wp\/v2\/product"}],"about":[{"href":"https:\/\/www.ksttukku.fi\/kauppa\/wp-json\/wp\/v2\/types\/product"}],"replies":[{"embeddable":true,"href":"https:\/\/www.ksttukku.fi\/kauppa\/wp-json\/wp\/v2\/comments?post=14767"}],"wp:featuredmedia":[{"embeddable":true,"href":"https:\/\/www.ksttukku.fi\/kauppa\/wp-json\/wp\/v2\/media\/14770"}],"wp:attachment":[{"href":"https:\/\/www.ksttukku.fi\/kauppa\/wp-json\/wp\/v2\/media?parent=14767"}],"wp:term":[{"taxonomy":"product_brand","embeddable":true,"href":"https:\/\/www.ksttukku.fi\/kauppa\/wp-json\/wp\/v2\/product_brand?post=14767"},{"taxonomy":"product_cat","embeddable":true,"href":"https:\/\/www.ksttukku.fi\/kauppa\/wp-json\/wp\/v2\/product_cat?post=14767"},{"taxonomy":"product_tag","embeddable":true,"href":"https:\/\/www.ksttukku.fi\/kauppa\/wp-json\/wp\/v2\/product_tag?post=14767"}],"curies":[{"name":"wp","href":"https:\/\/api.w.org\/{rel}","templated":true}]}}