{"id":14773,"date":"2024-01-15T15:09:16","date_gmt":"2024-01-15T13:09:16","guid":{"rendered":"https:\/\/www.ksttukku.fi\/kauppa\/?post_type=product&#038;p=14773"},"modified":"2024-01-15T15:41:07","modified_gmt":"2024-01-15T13:41:07","slug":"musta-valopallosarja-16-lamppuinen","status":"publish","type":"product","link":"https:\/\/www.ksttukku.fi\/kauppa\/tuote\/musta-valopallosarja-16-lamppuinen\/","title":{"rendered":"Musta valopallosarja 16-lamppuinen"},"content":{"rendered":"<p>N\u00e4ytt\u00e4v\u00e4 musta valopallosarja\u00a0 16-lamppuinen sisustukseen.<\/p>\n<p>L\u00e4mminvalkoinen\u00a0 valon v\u00e4ri<\/p>\n<p>Valosarjan pituus 3 m ,kokonaispituus 6 m<\/p>\n<p>IP 20<\/p>\n<p>&nbsp;<\/p>\n<p>&nbsp;<\/p>\n","protected":false},"excerpt":{"rendered":"<p>N\u00e4ytt\u00e4v\u00e4 musta valopallosarja\u00a0 16-lamppuinen sisustukseen. L\u00e4mminvalkoinen\u00a0 valon v\u00e4ri Valosarjan pituus 3 m ,kokonaispituus 6 m IP 20 &nbsp; &nbsp;<\/p>\n","protected":false},"featured_media":14774,"comment_status":"closed","ping_status":"closed","template":"","meta":[],"product_brand":[],"product_cat":[176,491,199,377,35,34],"product_tag":[],"class_list":{"0":"post-14773","1":"product","2":"type-product","3":"status-publish","4":"has-post-thumbnail","6":"product_cat-joulu-ja-koristevalot","7":"product_cat-kodin-sisustustuotteet","8":"product_cat-koristevalot","9":"product_cat-sisustus-lahjatavarat","10":"product_cat-sisavalaisimet","11":"product_cat-valaisimet","13":"first","14":"instock","15":"taxable","16":"shipping-taxable","17":"purchasable","18":"product-type-simple"},"_links":{"self":[{"href":"https:\/\/www.ksttukku.fi\/kauppa\/wp-json\/wp\/v2\/product\/14773","targetHints":{"allow":["GET"]}}],"collection":[{"href":"https:\/\/www.ksttukku.fi\/kauppa\/wp-json\/wp\/v2\/product"}],"about":[{"href":"https:\/\/www.ksttukku.fi\/kauppa\/wp-json\/wp\/v2\/types\/product"}],"replies":[{"embeddable":true,"href":"https:\/\/www.ksttukku.fi\/kauppa\/wp-json\/wp\/v2\/comments?post=14773"}],"wp:featuredmedia":[{"embeddable":true,"href":"https:\/\/www.ksttukku.fi\/kauppa\/wp-json\/wp\/v2\/media\/14774"}],"wp:attachment":[{"href":"https:\/\/www.ksttukku.fi\/kauppa\/wp-json\/wp\/v2\/media?parent=14773"}],"wp:term":[{"taxonomy":"product_brand","embeddable":true,"href":"https:\/\/www.ksttukku.fi\/kauppa\/wp-json\/wp\/v2\/product_brand?post=14773"},{"taxonomy":"product_cat","embeddable":true,"href":"https:\/\/www.ksttukku.fi\/kauppa\/wp-json\/wp\/v2\/product_cat?post=14773"},{"taxonomy":"product_tag","embeddable":true,"href":"https:\/\/www.ksttukku.fi\/kauppa\/wp-json\/wp\/v2\/product_tag?post=14773"}],"curies":[{"name":"wp","href":"https:\/\/api.w.org\/{rel}","templated":true}]}}