{"id":14782,"date":"2024-01-15T18:04:05","date_gmt":"2024-01-15T16:04:05","guid":{"rendered":"https:\/\/www.ksttukku.fi\/kauppa\/?post_type=product&#038;p=14782"},"modified":"2024-01-15T18:04:05","modified_gmt":"2024-01-15T16:04:05","slug":"blanca-kattovalaisin-46w-5600lm-4000k-3-step","status":"publish","type":"product","link":"https:\/\/www.ksttukku.fi\/kauppa\/tuote\/blanca-kattovalaisin-46w-5600lm-4000k-3-step\/","title":{"rendered":"Blanca kattovalaisin 46W, 5600lm, 4000K, 3-step"},"content":{"rendered":"<p>Blanca on tehokas yleisvalaisin joka sopii kaikkiin kodin kuiviin tiloihin.<\/p>\n<p>Valaisimen kirkkautta voi s\u00e4\u00e4t\u00e4\u00e4 kolmiportaisesti tavallisen valokatkaisimen avulla.<\/p>\n<p>Teho: 46 W<\/p>\n<p>Valovirta: 5600 lm<\/p>\n<p>V\u00e4ril\u00e4mp\u00f6tila: 4000 K<\/p>\n<p>Mitat: \u2205 53 cm, korkeus 5 cm<\/p>\n<p>V\u00e4ri: Valkoinen<\/p>\n<p>&nbsp;<\/p>\n","protected":false},"excerpt":{"rendered":"<p>Blanca on tehokas yleisvalaisin joka sopii kaikkiin kodin kuiviin tiloihin. Valaisimen kirkkautta voi s\u00e4\u00e4t\u00e4\u00e4 kolmiportaisesti tavallisen valokatkaisimen avulla. Teho: 46 W Valovirta: 5600 lm V\u00e4ril\u00e4mp\u00f6tila: 4000 K Mitat: \u2205 53 cm, korkeus 5 cm V\u00e4ri: Valkoinen &nbsp;<\/p>\n","protected":false},"featured_media":14785,"comment_status":"closed","ping_status":"closed","template":"","meta":[],"product_brand":[],"product_cat":[40,35,34],"product_tag":[],"class_list":{"0":"post-14782","1":"product","2":"type-product","3":"status-publish","4":"has-post-thumbnail","6":"product_cat-kattovalaisimet","7":"product_cat-sisavalaisimet","8":"product_cat-valaisimet","10":"first","11":"instock","12":"sale","13":"taxable","14":"shipping-taxable","15":"purchasable","16":"product-type-simple"},"_links":{"self":[{"href":"https:\/\/www.ksttukku.fi\/kauppa\/wp-json\/wp\/v2\/product\/14782","targetHints":{"allow":["GET"]}}],"collection":[{"href":"https:\/\/www.ksttukku.fi\/kauppa\/wp-json\/wp\/v2\/product"}],"about":[{"href":"https:\/\/www.ksttukku.fi\/kauppa\/wp-json\/wp\/v2\/types\/product"}],"replies":[{"embeddable":true,"href":"https:\/\/www.ksttukku.fi\/kauppa\/wp-json\/wp\/v2\/comments?post=14782"}],"wp:featuredmedia":[{"embeddable":true,"href":"https:\/\/www.ksttukku.fi\/kauppa\/wp-json\/wp\/v2\/media\/14785"}],"wp:attachment":[{"href":"https:\/\/www.ksttukku.fi\/kauppa\/wp-json\/wp\/v2\/media?parent=14782"}],"wp:term":[{"taxonomy":"product_brand","embeddable":true,"href":"https:\/\/www.ksttukku.fi\/kauppa\/wp-json\/wp\/v2\/product_brand?post=14782"},{"taxonomy":"product_cat","embeddable":true,"href":"https:\/\/www.ksttukku.fi\/kauppa\/wp-json\/wp\/v2\/product_cat?post=14782"},{"taxonomy":"product_tag","embeddable":true,"href":"https:\/\/www.ksttukku.fi\/kauppa\/wp-json\/wp\/v2\/product_tag?post=14782"}],"curies":[{"name":"wp","href":"https:\/\/api.w.org\/{rel}","templated":true}]}}