{"id":14790,"date":"2024-01-16T12:48:30","date_gmt":"2024-01-16T10:48:30","guid":{"rendered":"https:\/\/www.ksttukku.fi\/kauppa\/?post_type=product&#038;p=14790"},"modified":"2024-01-16T12:48:30","modified_gmt":"2024-01-16T10:48:30","slug":"blanca-kattovalaisin-120cm-5600lm-4000k-3-step","status":"publish","type":"product","link":"https:\/\/www.ksttukku.fi\/kauppa\/tuote\/blanca-kattovalaisin-120cm-5600lm-4000k-3-step\/","title":{"rendered":"Blanca kattovalaisin 120cm, 5600lm, 4000K, 3-step"},"content":{"rendered":"<p>Blanca on tehokas kattovalaisin joka sopii esim. keitti\u00f6\u00f6n tai kodinhoitohuoneeseen.<\/p>\n<p>Valaisimen kirkkautta voi s\u00e4\u00e4t\u00e4\u00e4 kolmiportaisesti tavallisen valokatkaisimen avulla.<\/p>\n<p>Teho: 46 W<\/p>\n<p>Valovirta: 5600 lm<\/p>\n<p>V\u00e4ril\u00e4mp\u00f6tila: 4000 K<\/p>\n<p>Mitat: 120 x 17 cm, korkeus 6 cm<\/p>\n<p>V\u00e4ri: Valkoinen<\/p>\n<p>&nbsp;<\/p>\n","protected":false},"excerpt":{"rendered":"<p>Blanca on tehokas kattovalaisin joka sopii esim. keitti\u00f6\u00f6n tai kodinhoitohuoneeseen. Valaisimen kirkkautta voi s\u00e4\u00e4t\u00e4\u00e4 kolmiportaisesti tavallisen valokatkaisimen avulla. Teho: 46 W Valovirta: 5600 lm V\u00e4ril\u00e4mp\u00f6tila: 4000 K Mitat: 120 x 17 cm, korkeus 6 cm V\u00e4ri: Valkoinen &nbsp;<\/p>\n","protected":false},"featured_media":14793,"comment_status":"closed","ping_status":"closed","template":"","meta":[],"product_brand":[],"product_cat":[40,35,34],"product_tag":[],"class_list":{"0":"post-14790","1":"product","2":"type-product","3":"status-publish","4":"has-post-thumbnail","6":"product_cat-kattovalaisimet","7":"product_cat-sisavalaisimet","8":"product_cat-valaisimet","10":"first","11":"instock","12":"taxable","13":"shipping-taxable","14":"purchasable","15":"product-type-simple"},"_links":{"self":[{"href":"https:\/\/www.ksttukku.fi\/kauppa\/wp-json\/wp\/v2\/product\/14790","targetHints":{"allow":["GET"]}}],"collection":[{"href":"https:\/\/www.ksttukku.fi\/kauppa\/wp-json\/wp\/v2\/product"}],"about":[{"href":"https:\/\/www.ksttukku.fi\/kauppa\/wp-json\/wp\/v2\/types\/product"}],"replies":[{"embeddable":true,"href":"https:\/\/www.ksttukku.fi\/kauppa\/wp-json\/wp\/v2\/comments?post=14790"}],"wp:featuredmedia":[{"embeddable":true,"href":"https:\/\/www.ksttukku.fi\/kauppa\/wp-json\/wp\/v2\/media\/14793"}],"wp:attachment":[{"href":"https:\/\/www.ksttukku.fi\/kauppa\/wp-json\/wp\/v2\/media?parent=14790"}],"wp:term":[{"taxonomy":"product_brand","embeddable":true,"href":"https:\/\/www.ksttukku.fi\/kauppa\/wp-json\/wp\/v2\/product_brand?post=14790"},{"taxonomy":"product_cat","embeddable":true,"href":"https:\/\/www.ksttukku.fi\/kauppa\/wp-json\/wp\/v2\/product_cat?post=14790"},{"taxonomy":"product_tag","embeddable":true,"href":"https:\/\/www.ksttukku.fi\/kauppa\/wp-json\/wp\/v2\/product_tag?post=14790"}],"curies":[{"name":"wp","href":"https:\/\/api.w.org\/{rel}","templated":true}]}}