{"id":14799,"date":"2024-01-16T16:17:12","date_gmt":"2024-01-16T14:17:12","guid":{"rendered":"https:\/\/www.ksttukku.fi\/kauppa\/?post_type=product&#038;p=14799"},"modified":"2024-01-16T16:18:53","modified_gmt":"2024-01-16T14:18:53","slug":"koristetyyny-luonnonvalkoinen-45cm-x-45-cm","status":"publish","type":"product","link":"https:\/\/www.ksttukku.fi\/kauppa\/tuote\/koristetyyny-luonnonvalkoinen-45cm-x-45-cm\/","title":{"rendered":"Koristetyyny luonnonvalkoinen 45cm x 45 cm"},"content":{"rendered":"<p>Mukavan pehme\u00e4,\u00a0 pitk\u00e4karvainen piilovetoketjulla varustettu sisustustyyny.<\/p>\n<p>Koko: 45 cm x 45 cm<\/p>\n<p>materiaali : 100 %\u00a0 polyester<\/p>\n<p>sis\u00e4lt\u00e4\u00e4: sis\u00e4tyynyn<\/p>\n<p>&nbsp;<\/p>\n","protected":false},"excerpt":{"rendered":"<p>Mukavan pehme\u00e4,\u00a0 pitk\u00e4karvainen piilovetoketjulla varustettu sisustustyyny. Koko: 45 cm x 45 cm materiaali : 100 %\u00a0 polyester sis\u00e4lt\u00e4\u00e4: sis\u00e4tyynyn &nbsp;<\/p>\n","protected":false},"featured_media":14802,"comment_status":"closed","ping_status":"closed","template":"","meta":[],"product_brand":[],"product_cat":[491,377,475],"product_tag":[],"class_list":{"0":"post-14799","1":"product","2":"type-product","3":"status-publish","4":"has-post-thumbnail","6":"product_cat-kodin-sisustustuotteet","7":"product_cat-sisustus-lahjatavarat","8":"product_cat-torkkupeitot-ja-tyynyt","10":"first","11":"instock","12":"taxable","13":"shipping-taxable","14":"purchasable","15":"product-type-simple"},"_links":{"self":[{"href":"https:\/\/www.ksttukku.fi\/kauppa\/wp-json\/wp\/v2\/product\/14799","targetHints":{"allow":["GET"]}}],"collection":[{"href":"https:\/\/www.ksttukku.fi\/kauppa\/wp-json\/wp\/v2\/product"}],"about":[{"href":"https:\/\/www.ksttukku.fi\/kauppa\/wp-json\/wp\/v2\/types\/product"}],"replies":[{"embeddable":true,"href":"https:\/\/www.ksttukku.fi\/kauppa\/wp-json\/wp\/v2\/comments?post=14799"}],"wp:featuredmedia":[{"embeddable":true,"href":"https:\/\/www.ksttukku.fi\/kauppa\/wp-json\/wp\/v2\/media\/14802"}],"wp:attachment":[{"href":"https:\/\/www.ksttukku.fi\/kauppa\/wp-json\/wp\/v2\/media?parent=14799"}],"wp:term":[{"taxonomy":"product_brand","embeddable":true,"href":"https:\/\/www.ksttukku.fi\/kauppa\/wp-json\/wp\/v2\/product_brand?post=14799"},{"taxonomy":"product_cat","embeddable":true,"href":"https:\/\/www.ksttukku.fi\/kauppa\/wp-json\/wp\/v2\/product_cat?post=14799"},{"taxonomy":"product_tag","embeddable":true,"href":"https:\/\/www.ksttukku.fi\/kauppa\/wp-json\/wp\/v2\/product_tag?post=14799"}],"curies":[{"name":"wp","href":"https:\/\/api.w.org\/{rel}","templated":true}]}}