{"id":14806,"date":"2024-01-18T15:35:15","date_gmt":"2024-01-18T13:35:15","guid":{"rendered":"https:\/\/www.ksttukku.fi\/kauppa\/?post_type=product&#038;p=14806"},"modified":"2024-01-18T15:35:16","modified_gmt":"2024-01-18T13:35:16","slug":"airam-minni-puuvillalanka-valosarja","status":"publish","type":"product","link":"https:\/\/www.ksttukku.fi\/kauppa\/tuote\/airam-minni-puuvillalanka-valosarja\/","title":{"rendered":"Airam Minni puuvillalanka-valosarja"},"content":{"rendered":"<p>Ohuella puuvillalangalla p\u00e4\u00e4llystetyt pallot 20 kpl.<\/p>\n<p>Led-valo l\u00e4mminvalkoinen<\/p>\n<p>Patterit: 3x AA(sis\u00e4ltyy)<\/p>\n<p>Ajastin toiminto\u00a0 6 H\/ pois 18 H<\/p>\n<p>Kirkas johto.<\/p>\n<p>&nbsp;<\/p>\n","protected":false},"excerpt":{"rendered":"<p>Ohuella puuvillalangalla p\u00e4\u00e4llystetyt pallot 20 kpl. Led-valo l\u00e4mminvalkoinen Patterit: 3x AA(sis\u00e4ltyy) Ajastin toiminto\u00a0 6 H\/ pois 18 H Kirkas johto. &nbsp;<\/p>\n","protected":false},"featured_media":14807,"comment_status":"closed","ping_status":"closed","template":"","meta":[],"product_brand":[],"product_cat":[176,199,180,34],"product_tag":[],"class_list":{"0":"post-14806","1":"product","2":"type-product","3":"status-publish","4":"has-post-thumbnail","6":"product_cat-joulu-ja-koristevalot","7":"product_cat-koristevalot","8":"product_cat-paristovalosarjat","9":"product_cat-valaisimet","11":"first","12":"instock","13":"taxable","14":"shipping-taxable","15":"purchasable","16":"product-type-simple"},"_links":{"self":[{"href":"https:\/\/www.ksttukku.fi\/kauppa\/wp-json\/wp\/v2\/product\/14806","targetHints":{"allow":["GET"]}}],"collection":[{"href":"https:\/\/www.ksttukku.fi\/kauppa\/wp-json\/wp\/v2\/product"}],"about":[{"href":"https:\/\/www.ksttukku.fi\/kauppa\/wp-json\/wp\/v2\/types\/product"}],"replies":[{"embeddable":true,"href":"https:\/\/www.ksttukku.fi\/kauppa\/wp-json\/wp\/v2\/comments?post=14806"}],"wp:featuredmedia":[{"embeddable":true,"href":"https:\/\/www.ksttukku.fi\/kauppa\/wp-json\/wp\/v2\/media\/14807"}],"wp:attachment":[{"href":"https:\/\/www.ksttukku.fi\/kauppa\/wp-json\/wp\/v2\/media?parent=14806"}],"wp:term":[{"taxonomy":"product_brand","embeddable":true,"href":"https:\/\/www.ksttukku.fi\/kauppa\/wp-json\/wp\/v2\/product_brand?post=14806"},{"taxonomy":"product_cat","embeddable":true,"href":"https:\/\/www.ksttukku.fi\/kauppa\/wp-json\/wp\/v2\/product_cat?post=14806"},{"taxonomy":"product_tag","embeddable":true,"href":"https:\/\/www.ksttukku.fi\/kauppa\/wp-json\/wp\/v2\/product_tag?post=14806"}],"curies":[{"name":"wp","href":"https:\/\/api.w.org\/{rel}","templated":true}]}}