{"id":14812,"date":"2024-01-19T13:41:10","date_gmt":"2024-01-19T11:41:10","guid":{"rendered":"https:\/\/www.ksttukku.fi\/kauppa\/?post_type=product&#038;p=14812"},"modified":"2025-02-04T13:15:47","modified_gmt":"2025-02-04T11:15:47","slug":"seinapaneeli-jarnvik-0031-magna-xl-300x12x2900mm","status":"publish","type":"product","link":"https:\/\/www.ksttukku.fi\/kauppa\/tuote\/seinapaneeli-jarnvik-0031-magna-xl-300x12x2900mm\/","title":{"rendered":"Sein\u00e4paneeli J\u00e4rnvik 0031 Magna XL 300x12x2900mm"},"content":{"rendered":"<p>Matala \/ leve\u00e4 -profiilinen tyylik\u00e4s pontillinen sein\u00e4paneeli 3D-kuosilla jossa pohja on mustaa ja p\u00e4\u00e4llinen vaaleaa koivua muistuttavaa puukuviota. Voidaan asentaa pystyyn tai vaakaan. Erikoisleve\u00e4 malli 300 mm jonka ansiosta paneeli on entist\u00e4 vaivattomampi asentaa kun valmista pintaa tulee kerralla enenn\u00e4n.<\/p>\n<p>T\u00e4ysin vedenkest\u00e4v\u00e4 ei sis\u00e4ll\u00e4 haitallisia aineita, materiaali polystyreeni. kulutusta kest\u00e4v\u00e4 \/ ei naarmuunnu helposti. Helppo ja nopea asentaa. Siistimm\u00e4n lopputuloksen saavuttamiseksi paneelin asennuksessa suositellaan k\u00e4ytett\u00e4v\u00e4n erillisi\u00e4 p\u00e4\u00e4typaloja.<\/p>\n","protected":false},"excerpt":{"rendered":"<p>Matala \/ leve\u00e4 -profiilinen tyylik\u00e4s pontillinen sein\u00e4paneeli 3D-kuosilla jossa pohja on mustaa ja p\u00e4\u00e4llinen vaaleaa koivua muistuttavaa puukuviota. Voidaan asentaa pystyyn tai vaakaan. Erikoisleve\u00e4 malli 300 mm jonka ansiosta paneeli on entist\u00e4 vaivattomampi asentaa kun valmista pintaa tulee kerralla enenn\u00e4n. T\u00e4ysin vedenkest\u00e4v\u00e4 ei sis\u00e4ll\u00e4 haitallisia aineita, materiaali polystyreeni. kulutusta kest\u00e4v\u00e4 \/ ei naarmuunnu helposti. Helppo [&hellip;]<\/p>\n","protected":false},"featured_media":14816,"comment_status":"closed","ping_status":"closed","template":"","meta":[],"product_brand":[],"product_cat":[490,245],"product_tag":[],"class_list":{"0":"post-14812","1":"product","2":"type-product","3":"status-publish","4":"has-post-thumbnail","6":"product_cat-jarnvik-seinapaneelit","7":"product_cat-sisustuslevyt","9":"first","10":"instock","11":"taxable","12":"shipping-taxable","13":"purchasable","14":"product-type-simple"},"_links":{"self":[{"href":"https:\/\/www.ksttukku.fi\/kauppa\/wp-json\/wp\/v2\/product\/14812","targetHints":{"allow":["GET"]}}],"collection":[{"href":"https:\/\/www.ksttukku.fi\/kauppa\/wp-json\/wp\/v2\/product"}],"about":[{"href":"https:\/\/www.ksttukku.fi\/kauppa\/wp-json\/wp\/v2\/types\/product"}],"replies":[{"embeddable":true,"href":"https:\/\/www.ksttukku.fi\/kauppa\/wp-json\/wp\/v2\/comments?post=14812"}],"wp:featuredmedia":[{"embeddable":true,"href":"https:\/\/www.ksttukku.fi\/kauppa\/wp-json\/wp\/v2\/media\/14816"}],"wp:attachment":[{"href":"https:\/\/www.ksttukku.fi\/kauppa\/wp-json\/wp\/v2\/media?parent=14812"}],"wp:term":[{"taxonomy":"product_brand","embeddable":true,"href":"https:\/\/www.ksttukku.fi\/kauppa\/wp-json\/wp\/v2\/product_brand?post=14812"},{"taxonomy":"product_cat","embeddable":true,"href":"https:\/\/www.ksttukku.fi\/kauppa\/wp-json\/wp\/v2\/product_cat?post=14812"},{"taxonomy":"product_tag","embeddable":true,"href":"https:\/\/www.ksttukku.fi\/kauppa\/wp-json\/wp\/v2\/product_tag?post=14812"}],"curies":[{"name":"wp","href":"https:\/\/api.w.org\/{rel}","templated":true}]}}