{"id":14822,"date":"2024-01-19T17:11:41","date_gmt":"2024-01-19T15:11:41","guid":{"rendered":"https:\/\/www.ksttukku.fi\/kauppa\/?post_type=product&#038;p=14822"},"modified":"2024-01-19T17:11:51","modified_gmt":"2024-01-19T15:11:51","slug":"safemate-korjausteippi-100mm-musta","status":"publish","type":"product","link":"https:\/\/www.ksttukku.fi\/kauppa\/tuote\/safemate-korjausteippi-100mm-musta\/","title":{"rendered":"Safemate Korjausteippi 100mm musta"},"content":{"rendered":"<table>\n<tbody>\n<tr>\n<td>Kumitettu korjausteippi on kulutusta kest\u00e4v\u00e4 ja kiinnittyy tehokkaasti. Se sopii ihanteellisesti ulkok\u00e4ytt\u00f6\u00f6n, erityisesti m\u00e4rk\u00e4pinnoille ja my\u00f6s vedenalaiseen korjaukseen. Teippi\u00e4 on helppo k\u00e4ytt\u00e4\u00e4 monissa eri k\u00e4ytt\u00f6kohteissa esimerkiksi reikien, rakojen, halkeamien ja repe\u00e4mien tai tiivistevaurioiden ja vuotokohtien paikkaamiseen.<\/td>\n<\/tr>\n<tr>\n<th class=\"right top nowrap\">Tekniset tiedot:<\/p>\n<p>Leveys: 100mm<\/p>\n<p>pituus: 1500mm<\/p>\n<p>Helppo asentaa<\/th>\n<td><\/td>\n<\/tr>\n<\/tbody>\n<\/table>\n","protected":false},"excerpt":{"rendered":"<p>Kumitettu korjausteippi on kulutusta kest\u00e4v\u00e4 ja kiinnittyy tehokkaasti. Se sopii ihanteellisesti ulkok\u00e4ytt\u00f6\u00f6n, erityisesti m\u00e4rk\u00e4pinnoille ja my\u00f6s vedenalaiseen korjaukseen. Teippi\u00e4 on helppo k\u00e4ytt\u00e4\u00e4 monissa eri k\u00e4ytt\u00f6kohteissa esimerkiksi reikien, rakojen, halkeamien ja repe\u00e4mien tai tiivistevaurioiden ja vuotokohtien paikkaamiseen. Tekniset tiedot: Leveys: 100mm pituus: 1500mm Helppo asentaa<\/p>\n","protected":false},"featured_media":14823,"comment_status":"closed","ping_status":"closed","template":"","meta":[],"product_brand":[],"product_cat":[367,207,57,206],"product_tag":[],"class_list":{"0":"post-14822","1":"product","2":"type-product","3":"status-publish","4":"has-post-thumbnail","6":"product_cat-autotarvikkeet","7":"product_cat-koneet-tyokalut","8":"product_cat-retkeily","9":"product_cat-sup-laudat","11":"first","12":"instock","13":"taxable","14":"shipping-taxable","15":"purchasable","16":"product-type-simple"},"_links":{"self":[{"href":"https:\/\/www.ksttukku.fi\/kauppa\/wp-json\/wp\/v2\/product\/14822","targetHints":{"allow":["GET"]}}],"collection":[{"href":"https:\/\/www.ksttukku.fi\/kauppa\/wp-json\/wp\/v2\/product"}],"about":[{"href":"https:\/\/www.ksttukku.fi\/kauppa\/wp-json\/wp\/v2\/types\/product"}],"replies":[{"embeddable":true,"href":"https:\/\/www.ksttukku.fi\/kauppa\/wp-json\/wp\/v2\/comments?post=14822"}],"wp:featuredmedia":[{"embeddable":true,"href":"https:\/\/www.ksttukku.fi\/kauppa\/wp-json\/wp\/v2\/media\/14823"}],"wp:attachment":[{"href":"https:\/\/www.ksttukku.fi\/kauppa\/wp-json\/wp\/v2\/media?parent=14822"}],"wp:term":[{"taxonomy":"product_brand","embeddable":true,"href":"https:\/\/www.ksttukku.fi\/kauppa\/wp-json\/wp\/v2\/product_brand?post=14822"},{"taxonomy":"product_cat","embeddable":true,"href":"https:\/\/www.ksttukku.fi\/kauppa\/wp-json\/wp\/v2\/product_cat?post=14822"},{"taxonomy":"product_tag","embeddable":true,"href":"https:\/\/www.ksttukku.fi\/kauppa\/wp-json\/wp\/v2\/product_tag?post=14822"}],"curies":[{"name":"wp","href":"https:\/\/api.w.org\/{rel}","templated":true}]}}