{"id":14826,"date":"2024-01-19T17:44:29","date_gmt":"2024-01-19T15:44:29","guid":{"rendered":"https:\/\/www.ksttukku.fi\/kauppa\/?post_type=product&#038;p=14826"},"modified":"2024-01-19T17:44:29","modified_gmt":"2024-01-19T15:44:29","slug":"safemate-akryyliteippi-kirkas-25mm","status":"publish","type":"product","link":"https:\/\/www.ksttukku.fi\/kauppa\/tuote\/safemate-akryyliteippi-kirkas-25mm\/","title":{"rendered":"Safemate akryyliteippi kirkas 25mm"},"content":{"rendered":"<p>Kiinnitysteippi tekee pit\u00e4v\u00e4st\u00e4\u00a0 kiinnityksest\u00e4 helppoa ja nopeaa.<\/p>\n<p>Kaksipuolinen teippi on ruuveja ja nauloja nopeampi,turvallisempi ja<\/p>\n<p>monipuolisempi kiinnitysratkaisu sis\u00e4- ja ulkok\u00e4ytt\u00f6\u00f6n.<\/p>\n<p>teippi on tarkoitettu esineiden pit\u00e4v\u00e4\u00e4n kiinnitykseen ja yhdist\u00e4miseen monenlaisille pinnoille,<\/p>\n<p>kuten muovi-, metalli- ja lasipinnoille.<\/p>\n<p>S\u00e4\u00e4nkest\u00e4v\u00e4<\/p>\n<p>Koko: 25mmx2000mm<\/p>\n<p>&nbsp;<\/p>\n","protected":false},"excerpt":{"rendered":"<p>Kiinnitysteippi tekee pit\u00e4v\u00e4st\u00e4\u00a0 kiinnityksest\u00e4 helppoa ja nopeaa. Kaksipuolinen teippi on ruuveja ja nauloja nopeampi,turvallisempi ja monipuolisempi kiinnitysratkaisu sis\u00e4- ja ulkok\u00e4ytt\u00f6\u00f6n. teippi on tarkoitettu esineiden pit\u00e4v\u00e4\u00e4n kiinnitykseen ja yhdist\u00e4miseen monenlaisille pinnoille, kuten muovi-, metalli- ja lasipinnoille. S\u00e4\u00e4nkest\u00e4v\u00e4 Koko: 25mmx2000mm &nbsp;<\/p>\n","protected":false},"featured_media":14827,"comment_status":"closed","ping_status":"closed","template":"","meta":[],"product_brand":[],"product_cat":[367,207,57,206],"product_tag":[],"class_list":{"0":"post-14826","1":"product","2":"type-product","3":"status-publish","4":"has-post-thumbnail","6":"product_cat-autotarvikkeet","7":"product_cat-koneet-tyokalut","8":"product_cat-retkeily","9":"product_cat-sup-laudat","11":"first","12":"instock","13":"taxable","14":"shipping-taxable","15":"purchasable","16":"product-type-simple"},"_links":{"self":[{"href":"https:\/\/www.ksttukku.fi\/kauppa\/wp-json\/wp\/v2\/product\/14826","targetHints":{"allow":["GET"]}}],"collection":[{"href":"https:\/\/www.ksttukku.fi\/kauppa\/wp-json\/wp\/v2\/product"}],"about":[{"href":"https:\/\/www.ksttukku.fi\/kauppa\/wp-json\/wp\/v2\/types\/product"}],"replies":[{"embeddable":true,"href":"https:\/\/www.ksttukku.fi\/kauppa\/wp-json\/wp\/v2\/comments?post=14826"}],"wp:featuredmedia":[{"embeddable":true,"href":"https:\/\/www.ksttukku.fi\/kauppa\/wp-json\/wp\/v2\/media\/14827"}],"wp:attachment":[{"href":"https:\/\/www.ksttukku.fi\/kauppa\/wp-json\/wp\/v2\/media?parent=14826"}],"wp:term":[{"taxonomy":"product_brand","embeddable":true,"href":"https:\/\/www.ksttukku.fi\/kauppa\/wp-json\/wp\/v2\/product_brand?post=14826"},{"taxonomy":"product_cat","embeddable":true,"href":"https:\/\/www.ksttukku.fi\/kauppa\/wp-json\/wp\/v2\/product_cat?post=14826"},{"taxonomy":"product_tag","embeddable":true,"href":"https:\/\/www.ksttukku.fi\/kauppa\/wp-json\/wp\/v2\/product_tag?post=14826"}],"curies":[{"name":"wp","href":"https:\/\/api.w.org\/{rel}","templated":true}]}}