{"id":14860,"date":"2024-01-23T13:41:35","date_gmt":"2024-01-23T11:41:35","guid":{"rendered":"https:\/\/www.ksttukku.fi\/kauppa\/?post_type=product&#038;p=14860"},"modified":"2024-01-24T10:55:42","modified_gmt":"2024-01-24T08:55:42","slug":"seinavalaisin-mario-musta","status":"publish","type":"product","link":"https:\/\/www.ksttukku.fi\/kauppa\/tuote\/seinavalaisin-mario-musta\/","title":{"rendered":"Sein\u00e4valaisin mario musta"},"content":{"rendered":"<p>Ajaton sein\u00e4valaisin kromi yksityiskohdin, jonka vapaasti suunnattavan kuvun ansiosta valon saa mieleiseen suuntaan.<\/p>\n<p>Helppok\u00e4ytt\u00f6isyytt\u00e4 lis\u00e4\u00e4 sein\u00e4levyyn integroitu kytkin, jonka ansiosta valaisimen saa helposti p\u00e4\u00e4lle ja virtajohdon saa n\u00e4tisti piiloon.<\/p>\n<p>Kanta: GU\u00a0 10 ( <span data-key=\"additional_text\" data-sanitized-data-key=\"additional_text\">Polttimot eiv\u00e4t sis\u00e4lly)<\/span><\/p>\n<p>Leveys : <span data-key=\"leveys\" data-sanitized-data-key=\"leveys\">8,5 cm<br \/>\n<\/span><\/p>\n<p>Halkaisija : <span data-key=\"halkaisija\" data-sanitized-data-key=\"halkaisija\">11.5 cm<br \/>\n<\/span><\/p>\n<p>Johdon pituus: 1.8m<\/p>\n","protected":false},"excerpt":{"rendered":"<p>Ajaton sein\u00e4valaisin kromi yksityiskohdin, jonka vapaasti suunnattavan kuvun ansiosta valon saa mieleiseen suuntaan. Helppok\u00e4ytt\u00f6isyytt\u00e4 lis\u00e4\u00e4 sein\u00e4levyyn integroitu kytkin, jonka ansiosta valaisimen saa helposti p\u00e4\u00e4lle ja virtajohdon saa n\u00e4tisti piiloon. Kanta: GU\u00a0 10 ( Polttimot eiv\u00e4t sis\u00e4lly) Leveys : 8,5 cm Halkaisija : 11.5 cm Johdon pituus: 1.8m<\/p>\n","protected":false},"featured_media":14861,"comment_status":"closed","ping_status":"closed","template":"","meta":[],"product_brand":[],"product_cat":[42,35,34],"product_tag":[],"class_list":{"0":"post-14860","1":"product","2":"type-product","3":"status-publish","4":"has-post-thumbnail","6":"product_cat-seinavalaisimet-sisavalaisimet","7":"product_cat-sisavalaisimet","8":"product_cat-valaisimet","10":"first","11":"instock","12":"taxable","13":"shipping-taxable","14":"purchasable","15":"product-type-simple"},"_links":{"self":[{"href":"https:\/\/www.ksttukku.fi\/kauppa\/wp-json\/wp\/v2\/product\/14860","targetHints":{"allow":["GET"]}}],"collection":[{"href":"https:\/\/www.ksttukku.fi\/kauppa\/wp-json\/wp\/v2\/product"}],"about":[{"href":"https:\/\/www.ksttukku.fi\/kauppa\/wp-json\/wp\/v2\/types\/product"}],"replies":[{"embeddable":true,"href":"https:\/\/www.ksttukku.fi\/kauppa\/wp-json\/wp\/v2\/comments?post=14860"}],"wp:featuredmedia":[{"embeddable":true,"href":"https:\/\/www.ksttukku.fi\/kauppa\/wp-json\/wp\/v2\/media\/14861"}],"wp:attachment":[{"href":"https:\/\/www.ksttukku.fi\/kauppa\/wp-json\/wp\/v2\/media?parent=14860"}],"wp:term":[{"taxonomy":"product_brand","embeddable":true,"href":"https:\/\/www.ksttukku.fi\/kauppa\/wp-json\/wp\/v2\/product_brand?post=14860"},{"taxonomy":"product_cat","embeddable":true,"href":"https:\/\/www.ksttukku.fi\/kauppa\/wp-json\/wp\/v2\/product_cat?post=14860"},{"taxonomy":"product_tag","embeddable":true,"href":"https:\/\/www.ksttukku.fi\/kauppa\/wp-json\/wp\/v2\/product_tag?post=14860"}],"curies":[{"name":"wp","href":"https:\/\/api.w.org\/{rel}","templated":true}]}}