{"id":14867,"date":"2024-01-24T12:17:22","date_gmt":"2024-01-24T10:17:22","guid":{"rendered":"https:\/\/www.ksttukku.fi\/kauppa\/?post_type=product&#038;p=14867"},"modified":"2024-01-24T12:17:22","modified_gmt":"2024-01-24T10:17:22","slug":"colin-2-os-seinavalaisin-valkoinen","status":"publish","type":"product","link":"https:\/\/www.ksttukku.fi\/kauppa\/tuote\/colin-2-os-seinavalaisin-valkoinen\/","title":{"rendered":"Colin 2-os sein\u00e4valaisin valkoinen"},"content":{"rendered":"<div class=\"woocommerce-product-details__short-description\">\n<p>Upea 2-osainen mattavalkoinen sein\u00e4valaisin, jonka messingin v\u00e4riset taipuisat varret tuovat n\u00e4ytt\u00e4vyytt\u00e4 sek\u00e4 mahdollistavat tehokkaan valon suuntaamisen. Sopii hienosti s\u00e4ngynp\u00e4\u00e4tyyn lukuvaloksi.<\/p>\n<p class=\"additional-text\"><span data-key=\"additional_text\">Mattamessinginv\u00e4riset flexi-putket<\/span><\/p>\n<p>Rungon materiaali: <span data-key=\"rungon_materiaali\">Metallia<\/span><\/p>\n<p>Kuvun materiaali: <span data-key=\"kuvun_materiaali\">Metallia<\/span><\/p>\n<p>Kanta: 2 x GU 10<\/p>\n<p>&#8211; korkeus: 15 cm<br \/>\n&#8211; et\u00e4isyys sein\u00e4st\u00e4: 17,5 cm<br \/>\n&#8211; leveys: 30 cm<br \/>\n&#8211; johdon pituus: 190 cm<br \/>\n&#8211; flexin pituus: 15 cm<\/p>\n<p>&nbsp;<\/p>\n<\/div>\n","protected":false},"excerpt":{"rendered":"<p>Upea 2-osainen mattavalkoinen sein\u00e4valaisin, jonka messingin v\u00e4riset taipuisat varret tuovat n\u00e4ytt\u00e4vyytt\u00e4 sek\u00e4 mahdollistavat tehokkaan valon suuntaamisen. Sopii hienosti s\u00e4ngynp\u00e4\u00e4tyyn lukuvaloksi. Mattamessinginv\u00e4riset flexi-putket Rungon materiaali: Metallia Kuvun materiaali: Metallia Kanta: 2 x GU 10 &#8211; korkeus: 15 cm &#8211; et\u00e4isyys sein\u00e4st\u00e4: 17,5 cm &#8211; leveys: 30 cm &#8211; johdon pituus: 190 cm &#8211; flexin pituus: 15 [&hellip;]<\/p>\n","protected":false},"featured_media":14868,"comment_status":"closed","ping_status":"closed","template":"","meta":[],"product_brand":[],"product_cat":[42,35,34],"product_tag":[],"class_list":{"0":"post-14867","1":"product","2":"type-product","3":"status-publish","4":"has-post-thumbnail","6":"product_cat-seinavalaisimet-sisavalaisimet","7":"product_cat-sisavalaisimet","8":"product_cat-valaisimet","10":"first","11":"instock","12":"taxable","13":"shipping-taxable","14":"purchasable","15":"product-type-simple"},"_links":{"self":[{"href":"https:\/\/www.ksttukku.fi\/kauppa\/wp-json\/wp\/v2\/product\/14867","targetHints":{"allow":["GET"]}}],"collection":[{"href":"https:\/\/www.ksttukku.fi\/kauppa\/wp-json\/wp\/v2\/product"}],"about":[{"href":"https:\/\/www.ksttukku.fi\/kauppa\/wp-json\/wp\/v2\/types\/product"}],"replies":[{"embeddable":true,"href":"https:\/\/www.ksttukku.fi\/kauppa\/wp-json\/wp\/v2\/comments?post=14867"}],"wp:featuredmedia":[{"embeddable":true,"href":"https:\/\/www.ksttukku.fi\/kauppa\/wp-json\/wp\/v2\/media\/14868"}],"wp:attachment":[{"href":"https:\/\/www.ksttukku.fi\/kauppa\/wp-json\/wp\/v2\/media?parent=14867"}],"wp:term":[{"taxonomy":"product_brand","embeddable":true,"href":"https:\/\/www.ksttukku.fi\/kauppa\/wp-json\/wp\/v2\/product_brand?post=14867"},{"taxonomy":"product_cat","embeddable":true,"href":"https:\/\/www.ksttukku.fi\/kauppa\/wp-json\/wp\/v2\/product_cat?post=14867"},{"taxonomy":"product_tag","embeddable":true,"href":"https:\/\/www.ksttukku.fi\/kauppa\/wp-json\/wp\/v2\/product_tag?post=14867"}],"curies":[{"name":"wp","href":"https:\/\/api.w.org\/{rel}","templated":true}]}}