{"id":14875,"date":"2024-01-24T17:10:17","date_gmt":"2024-01-24T15:10:17","guid":{"rendered":"https:\/\/www.ksttukku.fi\/kauppa\/?post_type=product&#038;p=14875"},"modified":"2024-01-24T17:10:18","modified_gmt":"2024-01-24T15:10:18","slug":"poytavalaisinrunko-betonia","status":"publish","type":"product","link":"https:\/\/www.ksttukku.fi\/kauppa\/tuote\/poytavalaisinrunko-betonia\/","title":{"rendered":"P\u00f6yt\u00e4valaisinrunko betonia"},"content":{"rendered":"<p>Minimalistista tyyli\u00e4 kotiisi.<\/p>\n<p>Pelkistetty betoninen p\u00f6yt\u00e4valaisimen runko<\/p>\n<p>Korkeus: 29 cm<\/p>\n<p>Halkaisija:20 cm<\/p>\n","protected":false},"excerpt":{"rendered":"<p>Minimalistista tyyli\u00e4 kotiisi. Pelkistetty betoninen p\u00f6yt\u00e4valaisimen runko Korkeus: 29 cm Halkaisija:20 cm<\/p>\n","protected":false},"featured_media":14876,"comment_status":"closed","ping_status":"closed","template":"","meta":[],"product_brand":[],"product_cat":[44,34],"product_tag":[],"class_list":{"0":"post-14875","1":"product","2":"type-product","3":"status-publish","4":"has-post-thumbnail","6":"product_cat-poytavalaisimet","7":"product_cat-valaisimet","9":"first","10":"instock","11":"taxable","12":"shipping-taxable","13":"purchasable","14":"product-type-simple"},"_links":{"self":[{"href":"https:\/\/www.ksttukku.fi\/kauppa\/wp-json\/wp\/v2\/product\/14875","targetHints":{"allow":["GET"]}}],"collection":[{"href":"https:\/\/www.ksttukku.fi\/kauppa\/wp-json\/wp\/v2\/product"}],"about":[{"href":"https:\/\/www.ksttukku.fi\/kauppa\/wp-json\/wp\/v2\/types\/product"}],"replies":[{"embeddable":true,"href":"https:\/\/www.ksttukku.fi\/kauppa\/wp-json\/wp\/v2\/comments?post=14875"}],"wp:featuredmedia":[{"embeddable":true,"href":"https:\/\/www.ksttukku.fi\/kauppa\/wp-json\/wp\/v2\/media\/14876"}],"wp:attachment":[{"href":"https:\/\/www.ksttukku.fi\/kauppa\/wp-json\/wp\/v2\/media?parent=14875"}],"wp:term":[{"taxonomy":"product_brand","embeddable":true,"href":"https:\/\/www.ksttukku.fi\/kauppa\/wp-json\/wp\/v2\/product_brand?post=14875"},{"taxonomy":"product_cat","embeddable":true,"href":"https:\/\/www.ksttukku.fi\/kauppa\/wp-json\/wp\/v2\/product_cat?post=14875"},{"taxonomy":"product_tag","embeddable":true,"href":"https:\/\/www.ksttukku.fi\/kauppa\/wp-json\/wp\/v2\/product_tag?post=14875"}],"curies":[{"name":"wp","href":"https:\/\/api.w.org\/{rel}","templated":true}]}}