{"id":14904,"date":"2024-01-27T14:34:46","date_gmt":"2024-01-27T12:34:46","guid":{"rendered":"https:\/\/www.ksttukku.fi\/kauppa\/?post_type=product&#038;p=14904"},"modified":"2024-01-27T14:34:46","modified_gmt":"2024-01-27T12:34:46","slug":"laminaattilevy-tumma-liuske-3650x650x3mm","status":"publish","type":"product","link":"https:\/\/www.ksttukku.fi\/kauppa\/tuote\/laminaattilevy-tumma-liuske-3650x650x3mm\/","title":{"rendered":"Laminaattilevy tumma liuske 3650x650x3mm"},"content":{"rendered":"<p>Resopal korkeapainelaminaattilevy on erinomainen valinta keitti\u00f6n v\u00e4litilan sein\u00e4ratkaisuksi. Levyt ovat eritt\u00e4in kosteudenkest\u00e4vi\u00e4 ja antibakteerisia. Resopal korkeapainelaminaattien l\u00e4mm\u00f6nkesto on 180 astetta ja niiden naarmunkest\u00e4vyys on hyv\u00e4. Levyt tulee varastoida aina vaaka-asennossa ja ne tulee toimittaa asennuspaikalle kahta vuorokautta ennen asennusta tasaantumaan.<\/p>\n","protected":false},"excerpt":{"rendered":"<p>Resopal korkeapainelaminaattilevy on erinomainen valinta keitti\u00f6n v\u00e4litilan sein\u00e4ratkaisuksi. Levyt ovat eritt\u00e4in kosteudenkest\u00e4vi\u00e4 ja antibakteerisia. Resopal korkeapainelaminaattien l\u00e4mm\u00f6nkesto on 180 astetta ja niiden naarmunkest\u00e4vyys on hyv\u00e4. Levyt tulee varastoida aina vaaka-asennossa ja ne tulee toimittaa asennuspaikalle kahta vuorokautta ennen asennusta tasaantumaan.<\/p>\n","protected":false},"featured_media":14905,"comment_status":"closed","ping_status":"closed","template":"","meta":[],"product_brand":[],"product_cat":[248,245],"product_tag":[],"class_list":{"0":"post-14904","1":"product","2":"type-product","3":"status-publish","4":"has-post-thumbnail","6":"product_cat-laminaatti-sisustuslevyt","7":"product_cat-sisustuslevyt","9":"first","10":"instock","11":"taxable","12":"shipping-taxable","13":"purchasable","14":"product-type-simple"},"_links":{"self":[{"href":"https:\/\/www.ksttukku.fi\/kauppa\/wp-json\/wp\/v2\/product\/14904","targetHints":{"allow":["GET"]}}],"collection":[{"href":"https:\/\/www.ksttukku.fi\/kauppa\/wp-json\/wp\/v2\/product"}],"about":[{"href":"https:\/\/www.ksttukku.fi\/kauppa\/wp-json\/wp\/v2\/types\/product"}],"replies":[{"embeddable":true,"href":"https:\/\/www.ksttukku.fi\/kauppa\/wp-json\/wp\/v2\/comments?post=14904"}],"wp:featuredmedia":[{"embeddable":true,"href":"https:\/\/www.ksttukku.fi\/kauppa\/wp-json\/wp\/v2\/media\/14905"}],"wp:attachment":[{"href":"https:\/\/www.ksttukku.fi\/kauppa\/wp-json\/wp\/v2\/media?parent=14904"}],"wp:term":[{"taxonomy":"product_brand","embeddable":true,"href":"https:\/\/www.ksttukku.fi\/kauppa\/wp-json\/wp\/v2\/product_brand?post=14904"},{"taxonomy":"product_cat","embeddable":true,"href":"https:\/\/www.ksttukku.fi\/kauppa\/wp-json\/wp\/v2\/product_cat?post=14904"},{"taxonomy":"product_tag","embeddable":true,"href":"https:\/\/www.ksttukku.fi\/kauppa\/wp-json\/wp\/v2\/product_tag?post=14904"}],"curies":[{"name":"wp","href":"https:\/\/api.w.org\/{rel}","templated":true}]}}