{"id":14924,"date":"2024-01-30T14:46:22","date_gmt":"2024-01-30T12:46:22","guid":{"rendered":"https:\/\/www.ksttukku.fi\/kauppa\/?post_type=product&#038;p=14924"},"modified":"2024-01-30T14:46:22","modified_gmt":"2024-01-30T12:46:22","slug":"grenada-klipsivalaisin-valkoinen-2","status":"publish","type":"product","link":"https:\/\/www.ksttukku.fi\/kauppa\/tuote\/grenada-klipsivalaisin-valkoinen-2\/","title":{"rendered":"Grenada klipsivalaisin valkoinen"},"content":{"rendered":"<p data-sanitized-data-mce-fragment=\"1\">Grenada klipsivalaisin on k\u00e4tev\u00e4 moneen paikkaan.<\/p>\n<p data-sanitized-data-mce-fragment=\"1\">Valaisin k\u00e4y\u00a0 kiinnitett\u00e4v\u00e4ksi hyllynreunaan tai s\u00e4ngynp\u00e4\u00e4tyyn.<\/p>\n<p data-sanitized-data-mce-fragment=\"1\">Kuvussa on k\u00e4\u00e4ntyv\u00e4 nivel, suunnattavissa moneen suuntaan.<\/p>\n<p data-sanitized-data-mce-fragment=\"1\">Materiaali: metalli<\/p>\n<p data-sanitized-data-mce-fragment=\"1\">Kanta: GU 10 ( lamppu ei sis\u00e4lly)<\/p>\n<p data-sanitized-data-mce-fragment=\"1\">on\/off kytkin<\/p>\n<p data-sanitized-data-mce-fragment=\"1\">Johdon pituus: 220cm<\/p>\n","protected":false},"excerpt":{"rendered":"<p>Grenada klipsivalaisin on k\u00e4tev\u00e4 moneen paikkaan. Valaisin k\u00e4y\u00a0 kiinnitett\u00e4v\u00e4ksi hyllynreunaan tai s\u00e4ngynp\u00e4\u00e4tyyn. Kuvussa on k\u00e4\u00e4ntyv\u00e4 nivel, suunnattavissa moneen suuntaan. Materiaali: metalli Kanta: GU 10 ( lamppu ei sis\u00e4lly) on\/off kytkin Johdon pituus: 220cm<\/p>\n","protected":false},"featured_media":14925,"comment_status":"closed","ping_status":"closed","template":"","meta":[],"product_brand":[],"product_cat":[307,41,34],"product_tag":[],"class_list":{"0":"post-14924","1":"product","2":"type-product","3":"status-publish","4":"has-post-thumbnail","6":"product_cat-klipsivalaisimet","7":"product_cat-kohdevalaisimet","8":"product_cat-valaisimet","10":"first","11":"instock","12":"taxable","13":"shipping-taxable","14":"purchasable","15":"product-type-simple"},"_links":{"self":[{"href":"https:\/\/www.ksttukku.fi\/kauppa\/wp-json\/wp\/v2\/product\/14924","targetHints":{"allow":["GET"]}}],"collection":[{"href":"https:\/\/www.ksttukku.fi\/kauppa\/wp-json\/wp\/v2\/product"}],"about":[{"href":"https:\/\/www.ksttukku.fi\/kauppa\/wp-json\/wp\/v2\/types\/product"}],"replies":[{"embeddable":true,"href":"https:\/\/www.ksttukku.fi\/kauppa\/wp-json\/wp\/v2\/comments?post=14924"}],"wp:featuredmedia":[{"embeddable":true,"href":"https:\/\/www.ksttukku.fi\/kauppa\/wp-json\/wp\/v2\/media\/14925"}],"wp:attachment":[{"href":"https:\/\/www.ksttukku.fi\/kauppa\/wp-json\/wp\/v2\/media?parent=14924"}],"wp:term":[{"taxonomy":"product_brand","embeddable":true,"href":"https:\/\/www.ksttukku.fi\/kauppa\/wp-json\/wp\/v2\/product_brand?post=14924"},{"taxonomy":"product_cat","embeddable":true,"href":"https:\/\/www.ksttukku.fi\/kauppa\/wp-json\/wp\/v2\/product_cat?post=14924"},{"taxonomy":"product_tag","embeddable":true,"href":"https:\/\/www.ksttukku.fi\/kauppa\/wp-json\/wp\/v2\/product_tag?post=14924"}],"curies":[{"name":"wp","href":"https:\/\/api.w.org\/{rel}","templated":true}]}}