{"id":14965,"date":"2024-02-06T15:01:50","date_gmt":"2024-02-06T13:01:50","guid":{"rendered":"https:\/\/www.ksttukku.fi\/kauppa\/?post_type=product&#038;p=14965"},"modified":"2024-02-06T15:01:51","modified_gmt":"2024-02-06T13:01:51","slug":"alien-lattiavalaisin-valkoinen-2","status":"publish","type":"product","link":"https:\/\/www.ksttukku.fi\/kauppa\/tuote\/alien-lattiavalaisin-valkoinen-2\/","title":{"rendered":"Alien lattiavalaisin valkoinen"},"content":{"rendered":"<p>K\u00e4yt\u00e4nn\u00f6llinen ja tyylik\u00e4s LED lattiavalaisin jossa tehokas\u00a0\u00a0 6,5W integroitu LED ja taipuisa varsi.<\/p>\n<p>Valaisimessa on pitk\u00e4 taivuteltava varsi, jolla valon voi kohdistaa halutusti.<\/p>\n<p>Materiaali: metalliKuvun\/varjostimen materiaali Muovi<\/p>\n<div class=\"row\">\n<div>\n<div class=\"row\">\n<div class=\"col-5\">Tuotteen korkeus : 1600mm<\/div>\n<\/div>\n<\/div>\n<div class=\"col-7\"><\/div>\n<\/div>\n<div class=\"row\">\n<div class=\"col-7\">On-Off Kytkin V\u00e4lijohdossa<\/div>\n<\/div>\n<div class=\"row\">\n<div class=\"col-5\">Valovirta (lm) 480 lm<\/div>\n<\/div>\n<div class=\"row\">\n<div class=\"col-5\">V\u00e4ril\u00e4mp\u00f6tila (K) 3000K<\/div>\n<div class=\"col-7\"><\/div>\n<\/div>\n","protected":false},"excerpt":{"rendered":"<p>K\u00e4yt\u00e4nn\u00f6llinen ja tyylik\u00e4s LED lattiavalaisin jossa tehokas\u00a0\u00a0 6,5W integroitu LED ja taipuisa varsi. Valaisimessa on pitk\u00e4 taivuteltava varsi, jolla valon voi kohdistaa halutusti. Materiaali: metalliKuvun\/varjostimen materiaali Muovi Tuotteen korkeus : 1600mm On-Off Kytkin V\u00e4lijohdossa Valovirta (lm) 480 lm V\u00e4ril\u00e4mp\u00f6tila (K) 3000K<\/p>\n","protected":false},"featured_media":14966,"comment_status":"closed","ping_status":"closed","template":"","meta":[],"product_brand":[],"product_cat":[43,35,34],"product_tag":[],"class_list":{"0":"post-14965","1":"product","2":"type-product","3":"status-publish","4":"has-post-thumbnail","6":"product_cat-lattiavalaisimet","7":"product_cat-sisavalaisimet","8":"product_cat-valaisimet","10":"first","11":"instock","12":"taxable","13":"shipping-taxable","14":"purchasable","15":"product-type-simple"},"_links":{"self":[{"href":"https:\/\/www.ksttukku.fi\/kauppa\/wp-json\/wp\/v2\/product\/14965","targetHints":{"allow":["GET"]}}],"collection":[{"href":"https:\/\/www.ksttukku.fi\/kauppa\/wp-json\/wp\/v2\/product"}],"about":[{"href":"https:\/\/www.ksttukku.fi\/kauppa\/wp-json\/wp\/v2\/types\/product"}],"replies":[{"embeddable":true,"href":"https:\/\/www.ksttukku.fi\/kauppa\/wp-json\/wp\/v2\/comments?post=14965"}],"wp:featuredmedia":[{"embeddable":true,"href":"https:\/\/www.ksttukku.fi\/kauppa\/wp-json\/wp\/v2\/media\/14966"}],"wp:attachment":[{"href":"https:\/\/www.ksttukku.fi\/kauppa\/wp-json\/wp\/v2\/media?parent=14965"}],"wp:term":[{"taxonomy":"product_brand","embeddable":true,"href":"https:\/\/www.ksttukku.fi\/kauppa\/wp-json\/wp\/v2\/product_brand?post=14965"},{"taxonomy":"product_cat","embeddable":true,"href":"https:\/\/www.ksttukku.fi\/kauppa\/wp-json\/wp\/v2\/product_cat?post=14965"},{"taxonomy":"product_tag","embeddable":true,"href":"https:\/\/www.ksttukku.fi\/kauppa\/wp-json\/wp\/v2\/product_tag?post=14965"}],"curies":[{"name":"wp","href":"https:\/\/api.w.org\/{rel}","templated":true}]}}