{"id":14992,"date":"2024-02-10T10:44:11","date_gmt":"2024-02-10T08:44:11","guid":{"rendered":"https:\/\/www.ksttukku.fi\/kauppa\/?post_type=product&#038;p=14992"},"modified":"2024-02-10T10:44:12","modified_gmt":"2024-02-10T08:44:12","slug":"poytavalaisimen-runko-37-cm","status":"publish","type":"product","link":"https:\/\/www.ksttukku.fi\/kauppa\/tuote\/poytavalaisimen-runko-37-cm\/","title":{"rendered":"P\u00f6yt\u00e4valaisimen runko  37 cm"},"content":{"rendered":"<p data-sanitized-data-mce-fragment=\"1\">Metallinen p\u00f6yt\u00e4valaisimen runko 37 cm korkea.<\/p>\n<p data-sanitized-data-mce-fragment=\"1\">V\u00e4ri: satiini kromi\/kultakoriste<\/p>\n<p data-sanitized-data-mce-fragment=\"1\">Kanta: E27<\/p>\n<p data-sanitized-data-mce-fragment=\"1\">Johdon pituus 160 cm<\/p>\n<p data-sanitized-data-mce-fragment=\"1\">Kytkin johdossa<\/p>\n","protected":false},"excerpt":{"rendered":"<p>Metallinen p\u00f6yt\u00e4valaisimen runko 37 cm korkea. V\u00e4ri: satiini kromi\/kultakoriste Kanta: E27 Johdon pituus 160 cm Kytkin johdossa<\/p>\n","protected":false},"featured_media":14990,"comment_status":"closed","ping_status":"closed","template":"","meta":[],"product_brand":[],"product_cat":[44,35,34],"product_tag":[],"class_list":{"0":"post-14992","1":"product","2":"type-product","3":"status-publish","4":"has-post-thumbnail","6":"product_cat-poytavalaisimet","7":"product_cat-sisavalaisimet","8":"product_cat-valaisimet","10":"first","11":"instock","12":"taxable","13":"shipping-taxable","14":"purchasable","15":"product-type-simple"},"_links":{"self":[{"href":"https:\/\/www.ksttukku.fi\/kauppa\/wp-json\/wp\/v2\/product\/14992","targetHints":{"allow":["GET"]}}],"collection":[{"href":"https:\/\/www.ksttukku.fi\/kauppa\/wp-json\/wp\/v2\/product"}],"about":[{"href":"https:\/\/www.ksttukku.fi\/kauppa\/wp-json\/wp\/v2\/types\/product"}],"replies":[{"embeddable":true,"href":"https:\/\/www.ksttukku.fi\/kauppa\/wp-json\/wp\/v2\/comments?post=14992"}],"wp:featuredmedia":[{"embeddable":true,"href":"https:\/\/www.ksttukku.fi\/kauppa\/wp-json\/wp\/v2\/media\/14990"}],"wp:attachment":[{"href":"https:\/\/www.ksttukku.fi\/kauppa\/wp-json\/wp\/v2\/media?parent=14992"}],"wp:term":[{"taxonomy":"product_brand","embeddable":true,"href":"https:\/\/www.ksttukku.fi\/kauppa\/wp-json\/wp\/v2\/product_brand?post=14992"},{"taxonomy":"product_cat","embeddable":true,"href":"https:\/\/www.ksttukku.fi\/kauppa\/wp-json\/wp\/v2\/product_cat?post=14992"},{"taxonomy":"product_tag","embeddable":true,"href":"https:\/\/www.ksttukku.fi\/kauppa\/wp-json\/wp\/v2\/product_tag?post=14992"}],"curies":[{"name":"wp","href":"https:\/\/api.w.org\/{rel}","templated":true}]}}