{"id":15018,"date":"2024-02-21T13:37:00","date_gmt":"2024-02-21T11:37:00","guid":{"rendered":"https:\/\/www.ksttukku.fi\/kauppa\/?post_type=product&#038;p=15018"},"modified":"2024-02-21T13:37:00","modified_gmt":"2024-02-21T11:37:00","slug":"spc-sisustuslevy-jarnvik-silex-tummanharmaa-960x2800x4mm","status":"publish","type":"product","link":"https:\/\/www.ksttukku.fi\/kauppa\/tuote\/spc-sisustuslevy-jarnvik-silex-tummanharmaa-960x2800x4mm\/","title":{"rendered":"SPC Sisustuslevy J\u00e4rnvik Silex tummanharmaa 960x2800x4mm"},"content":{"rendered":"<p>T\u00e4ysin uudenlainen SPC -sisustuslevy<br \/>\nJ\u00e4rnvik SPC -sisustuslevy on loistava ratkaisu niin<br \/>\nkotiin kuin julkisiinkin tiloihin, kun halutaan saada<br \/>\nsisustukseen uutta potkua, nopeasti. Soveltuu<br \/>\nk\u00e4ytett\u00e4v\u00e4ksi niin uudis- kuin saneerauskohteissakin.<br \/>\nLevy on t\u00e4ysin vedenkest\u00e4v\u00e4 ja sill\u00e4 on korkea<br \/>\npalonkest\u00e4vyys eik\u00e4 se kutistu tai laajene ajan my\u00f6t\u00e4.<br \/>\nKest\u00e4v\u00e4 rakenne moneen k\u00e4ytt\u00f6tarkoitukseen<br \/>\nSPC -sisustuslevyss\u00e4 on kivikomposiittinen runko,<br \/>\njohon on k\u00e4ytetty yli 70% kiviainesta. Pinta on<br \/>\ndigitaalisesti tulostettu mukailemaan luonnollista<br \/>\nn\u00e4kym\u00e4\u00e4, on UV -suojattu ja siin\u00e4 on lattioissakin<br \/>\nk\u00e4yt\u00f6ss\u00e4 oleva naarmuuntumisen est\u00e4v\u00e4 pintakerros.<br \/>\nSoveltuu k\u00e4ytett\u00e4v\u00e4ksi kylpyhuoneessa, vessassa,<br \/>\nkeitti\u00f6ss\u00e4, makuuhuoneessa, tehostesein\u00e4n\u00e4,<br \/>\ntoimistoissa, n\u00e4yttelytiloissa jne.<br \/>\nHelppo asentaa<br \/>\nLevy voidaan asentaa laattojen p\u00e4\u00e4lle,<br \/>\nkipsilevypinnalle, betonille, puupinnalle tai lastulevyn<br \/>\np\u00e4\u00e4lle. Levy on helppo ty\u00f6st\u00e4\u00e4 ja k\u00e4sitell\u00e4, ja sill\u00e4<br \/>\nsaadaan nopeasti valmista pintaa. Levy kiinnitet\u00e4\u00e4n<br \/>\nliimalla ja m\u00e4rk\u00e4tiloissa saumat tiivistet\u00e4\u00e4n silikonilla.<br \/>\nYmp\u00e4rist\u00f6yst\u00e4v\u00e4llinen tuote<br \/>\nItse tuote ja kaikki k\u00e4ytett\u00e4v\u00e4t materiaalit tuotetaan<br \/>\nEuroopassa, jolloin tuotteen logistiikasta aiheutuva<br \/>\nhiilijalanj\u00e4lki on yli 60% pienempi kuin esimerkiksi<br \/>\nKaukoid\u00e4ss\u00e4 tuotetuilla vastaavilla. Materiaalista 70%<br \/>\non kiviainesta ja koko tuote on 100%:sti kierr\u00e4tett\u00e4v\u00e4.<\/p>\n<p>Levyn mitat: 960 x 2800 x 4 mm<\/p>\n<p>&nbsp;<\/p>\n","protected":false},"excerpt":{"rendered":"<p>T\u00e4ysin uudenlainen SPC -sisustuslevy J\u00e4rnvik SPC -sisustuslevy on loistava ratkaisu niin kotiin kuin julkisiinkin tiloihin, kun halutaan saada sisustukseen uutta potkua, nopeasti. Soveltuu k\u00e4ytett\u00e4v\u00e4ksi niin uudis- kuin saneerauskohteissakin. Levy on t\u00e4ysin vedenkest\u00e4v\u00e4 ja sill\u00e4 on korkea palonkest\u00e4vyys eik\u00e4 se kutistu tai laajene ajan my\u00f6t\u00e4. Kest\u00e4v\u00e4 rakenne moneen k\u00e4ytt\u00f6tarkoitukseen SPC -sisustuslevyss\u00e4 on kivikomposiittinen runko, johon on [&hellip;]<\/p>\n","protected":false},"featured_media":15021,"comment_status":"closed","ping_status":"closed","template":"","meta":[],"product_brand":[],"product_cat":[537,245],"product_tag":[],"class_list":{"0":"post-15018","1":"product","2":"type-product","3":"status-publish","4":"has-post-thumbnail","6":"product_cat-jarnvik-spc-sisustuslevyt","7":"product_cat-sisustuslevyt","9":"first","10":"instock","11":"taxable","12":"shipping-taxable","13":"purchasable","14":"product-type-simple"},"_links":{"self":[{"href":"https:\/\/www.ksttukku.fi\/kauppa\/wp-json\/wp\/v2\/product\/15018","targetHints":{"allow":["GET"]}}],"collection":[{"href":"https:\/\/www.ksttukku.fi\/kauppa\/wp-json\/wp\/v2\/product"}],"about":[{"href":"https:\/\/www.ksttukku.fi\/kauppa\/wp-json\/wp\/v2\/types\/product"}],"replies":[{"embeddable":true,"href":"https:\/\/www.ksttukku.fi\/kauppa\/wp-json\/wp\/v2\/comments?post=15018"}],"wp:featuredmedia":[{"embeddable":true,"href":"https:\/\/www.ksttukku.fi\/kauppa\/wp-json\/wp\/v2\/media\/15021"}],"wp:attachment":[{"href":"https:\/\/www.ksttukku.fi\/kauppa\/wp-json\/wp\/v2\/media?parent=15018"}],"wp:term":[{"taxonomy":"product_brand","embeddable":true,"href":"https:\/\/www.ksttukku.fi\/kauppa\/wp-json\/wp\/v2\/product_brand?post=15018"},{"taxonomy":"product_cat","embeddable":true,"href":"https:\/\/www.ksttukku.fi\/kauppa\/wp-json\/wp\/v2\/product_cat?post=15018"},{"taxonomy":"product_tag","embeddable":true,"href":"https:\/\/www.ksttukku.fi\/kauppa\/wp-json\/wp\/v2\/product_tag?post=15018"}],"curies":[{"name":"wp","href":"https:\/\/api.w.org\/{rel}","templated":true}]}}