{"id":15029,"date":"2024-02-22T17:16:14","date_gmt":"2024-02-22T15:16:14","guid":{"rendered":"https:\/\/www.ksttukku.fi\/kauppa\/?post_type=product&#038;p=15029"},"modified":"2024-02-22T17:50:16","modified_gmt":"2024-02-22T15:50:16","slug":"rullakaihdin-safari-mittatilauskaihdin","status":"publish","type":"product","link":"https:\/\/www.ksttukku.fi\/kauppa\/tuote\/rullakaihdin-safari-mittatilauskaihdin\/","title":{"rendered":"Rullakaihdin safari \/ mittatilauskaihdin"},"content":{"rendered":"<p>T\u00e4m\u00e4 kaunis Safari-aiheinen rullaverho antaa uutta Ilmett\u00e4 kotiisi.<\/p>\n<div class=\"woocommerce-product-details__short-description\">\n<p>Kaihtimen kokonaisleveys on kankaan leveys +4 cm<\/p>\n<p>Kaihtimen vakiokorkeus on 190 cm<\/p>\n<p>Minimi leveys 60 cm, max. leveys 220 cm<\/p>\n<p>Kangas: polyesteri<\/p>\n<p>&nbsp;<\/p>\n<\/div>\n<div class=\"woocommerce-product-details__short-description\">\n<p>&nbsp;<\/p>\n<p>&nbsp;<\/p>\n<\/div>\n","protected":false},"excerpt":{"rendered":"<p>Kaihtimen kokonaisleveys on kankaanleveys + 4 cm<\/p>\n<p>Kaihtimen vakiokorkeus on 190 cm<\/p>\n<p>Minimi leveys 60 cm, max. leveys 220 cm<\/p>\n","protected":false},"featured_media":15030,"comment_status":"closed","ping_status":"closed","template":"","meta":[],"product_brand":[],"product_cat":[104,112],"product_tag":[],"class_list":{"0":"post-15029","1":"product","2":"type-product","3":"status-publish","4":"has-post-thumbnail","6":"product_cat-kaihtimet-ja-verhotangot","7":"product_cat-rullakaihdin","9":"first","10":"instock","11":"taxable","12":"shipping-taxable","13":"purchasable","14":"product-type-variable","15":"has-default-attributes"},"_links":{"self":[{"href":"https:\/\/www.ksttukku.fi\/kauppa\/wp-json\/wp\/v2\/product\/15029","targetHints":{"allow":["GET"]}}],"collection":[{"href":"https:\/\/www.ksttukku.fi\/kauppa\/wp-json\/wp\/v2\/product"}],"about":[{"href":"https:\/\/www.ksttukku.fi\/kauppa\/wp-json\/wp\/v2\/types\/product"}],"replies":[{"embeddable":true,"href":"https:\/\/www.ksttukku.fi\/kauppa\/wp-json\/wp\/v2\/comments?post=15029"}],"wp:featuredmedia":[{"embeddable":true,"href":"https:\/\/www.ksttukku.fi\/kauppa\/wp-json\/wp\/v2\/media\/15030"}],"wp:attachment":[{"href":"https:\/\/www.ksttukku.fi\/kauppa\/wp-json\/wp\/v2\/media?parent=15029"}],"wp:term":[{"taxonomy":"product_brand","embeddable":true,"href":"https:\/\/www.ksttukku.fi\/kauppa\/wp-json\/wp\/v2\/product_brand?post=15029"},{"taxonomy":"product_cat","embeddable":true,"href":"https:\/\/www.ksttukku.fi\/kauppa\/wp-json\/wp\/v2\/product_cat?post=15029"},{"taxonomy":"product_tag","embeddable":true,"href":"https:\/\/www.ksttukku.fi\/kauppa\/wp-json\/wp\/v2\/product_tag?post=15029"}],"curies":[{"name":"wp","href":"https:\/\/api.w.org\/{rel}","templated":true}]}}