{"id":15043,"date":"2024-02-23T16:39:22","date_gmt":"2024-02-23T14:39:22","guid":{"rendered":"https:\/\/www.ksttukku.fi\/kauppa\/?post_type=product&#038;p=15043"},"modified":"2024-02-23T16:41:01","modified_gmt":"2024-02-23T14:41:01","slug":"torkkupeitto-bloom-127x152-cm-vaaleanpunainen","status":"publish","type":"product","link":"https:\/\/www.ksttukku.fi\/kauppa\/tuote\/torkkupeitto-bloom-127x152-cm-vaaleanpunainen\/","title":{"rendered":"Torkkupeitto Kukkakuvio 127&#215;152 cm vaaleanpunainen"},"content":{"rendered":"<p>Kukkakuvioinen pehme\u00e4 ja l\u00e4mmin fleecehuopa. Koko 127 x 152 cm.<\/p>\n<p>V\u00e4ri vaaleanpunainen-valkoinen.<\/p>\n<p>Materiaali 100% polyesteri.<\/p>\n<p>Pesu 40 asteessa<\/p>\n","protected":false},"excerpt":{"rendered":"<p>Kukkakuvioinen pehme\u00e4 ja l\u00e4mmin fleecehuopa. Koko 127 x 152 cm. V\u00e4ri vaaleanpunainen-valkoinen. Materiaali 100% polyesteri. Pesu 40 asteessa<\/p>\n","protected":false},"featured_media":15044,"comment_status":"closed","ping_status":"closed","template":"","meta":[],"product_brand":[],"product_cat":[491,377,475],"product_tag":[],"class_list":{"0":"post-15043","1":"product","2":"type-product","3":"status-publish","4":"has-post-thumbnail","6":"product_cat-kodin-sisustustuotteet","7":"product_cat-sisustus-lahjatavarat","8":"product_cat-torkkupeitot-ja-tyynyt","10":"first","11":"instock","12":"taxable","13":"shipping-taxable","14":"purchasable","15":"product-type-simple"},"_links":{"self":[{"href":"https:\/\/www.ksttukku.fi\/kauppa\/wp-json\/wp\/v2\/product\/15043","targetHints":{"allow":["GET"]}}],"collection":[{"href":"https:\/\/www.ksttukku.fi\/kauppa\/wp-json\/wp\/v2\/product"}],"about":[{"href":"https:\/\/www.ksttukku.fi\/kauppa\/wp-json\/wp\/v2\/types\/product"}],"replies":[{"embeddable":true,"href":"https:\/\/www.ksttukku.fi\/kauppa\/wp-json\/wp\/v2\/comments?post=15043"}],"wp:featuredmedia":[{"embeddable":true,"href":"https:\/\/www.ksttukku.fi\/kauppa\/wp-json\/wp\/v2\/media\/15044"}],"wp:attachment":[{"href":"https:\/\/www.ksttukku.fi\/kauppa\/wp-json\/wp\/v2\/media?parent=15043"}],"wp:term":[{"taxonomy":"product_brand","embeddable":true,"href":"https:\/\/www.ksttukku.fi\/kauppa\/wp-json\/wp\/v2\/product_brand?post=15043"},{"taxonomy":"product_cat","embeddable":true,"href":"https:\/\/www.ksttukku.fi\/kauppa\/wp-json\/wp\/v2\/product_cat?post=15043"},{"taxonomy":"product_tag","embeddable":true,"href":"https:\/\/www.ksttukku.fi\/kauppa\/wp-json\/wp\/v2\/product_tag?post=15043"}],"curies":[{"name":"wp","href":"https:\/\/api.w.org\/{rel}","templated":true}]}}