{"id":15055,"date":"2024-02-24T11:43:08","date_gmt":"2024-02-24T09:43:08","guid":{"rendered":"https:\/\/www.ksttukku.fi\/kauppa\/?post_type=product&#038;p=15055"},"modified":"2024-02-24T11:43:09","modified_gmt":"2024-02-24T09:43:09","slug":"orkidea-ruukussa-59-cm-tekokasvi","status":"publish","type":"product","link":"https:\/\/www.ksttukku.fi\/kauppa\/tuote\/orkidea-ruukussa-59-cm-tekokasvi\/","title":{"rendered":"Orkidea ruukussa 59 cm tekokasvi"},"content":{"rendered":"<p>Tekokasvit ovat helppo, kaunis ja nopea tapa pirist\u00e4\u00e4 kodin tai toimiston ilmett\u00e4.<\/p>\n<p>Ne ovat my\u00f6s turvallinen valinta lemmikki-, lapsi- ja allergiaperheisiin.<\/p>\n<p>Tekokasvit ovat vaivattomia hoitaa ja ne voi my\u00f6s sijoittaa paikkoihin, joissa oikeille kasveille ei riitt\u00e4isi valoa.<\/p>\n<p>Materiaali: polyesteri, viskoosi, LDPE, rauta, EVA, polyuretaani, sementti<\/p>\n<p>&nbsp;<\/p>\n","protected":false},"excerpt":{"rendered":"<p>Tekokasvit ovat helppo, kaunis ja nopea tapa pirist\u00e4\u00e4 kodin tai toimiston ilmett\u00e4. Ne ovat my\u00f6s turvallinen valinta lemmikki-, lapsi- ja allergiaperheisiin. Tekokasvit ovat vaivattomia hoitaa ja ne voi my\u00f6s sijoittaa paikkoihin, joissa oikeille kasveille ei riitt\u00e4isi valoa. Materiaali: polyesteri, viskoosi, LDPE, rauta, EVA, polyuretaani, sementti &nbsp;<\/p>\n","protected":false},"featured_media":15056,"comment_status":"closed","ping_status":"closed","template":"","meta":[],"product_brand":[],"product_cat":[491,377],"product_tag":[],"class_list":{"0":"post-15055","1":"product","2":"type-product","3":"status-publish","4":"has-post-thumbnail","6":"product_cat-kodin-sisustustuotteet","7":"product_cat-sisustus-lahjatavarat","9":"first","10":"instock","11":"taxable","12":"shipping-taxable","13":"purchasable","14":"product-type-simple"},"_links":{"self":[{"href":"https:\/\/www.ksttukku.fi\/kauppa\/wp-json\/wp\/v2\/product\/15055","targetHints":{"allow":["GET"]}}],"collection":[{"href":"https:\/\/www.ksttukku.fi\/kauppa\/wp-json\/wp\/v2\/product"}],"about":[{"href":"https:\/\/www.ksttukku.fi\/kauppa\/wp-json\/wp\/v2\/types\/product"}],"replies":[{"embeddable":true,"href":"https:\/\/www.ksttukku.fi\/kauppa\/wp-json\/wp\/v2\/comments?post=15055"}],"wp:featuredmedia":[{"embeddable":true,"href":"https:\/\/www.ksttukku.fi\/kauppa\/wp-json\/wp\/v2\/media\/15056"}],"wp:attachment":[{"href":"https:\/\/www.ksttukku.fi\/kauppa\/wp-json\/wp\/v2\/media?parent=15055"}],"wp:term":[{"taxonomy":"product_brand","embeddable":true,"href":"https:\/\/www.ksttukku.fi\/kauppa\/wp-json\/wp\/v2\/product_brand?post=15055"},{"taxonomy":"product_cat","embeddable":true,"href":"https:\/\/www.ksttukku.fi\/kauppa\/wp-json\/wp\/v2\/product_cat?post=15055"},{"taxonomy":"product_tag","embeddable":true,"href":"https:\/\/www.ksttukku.fi\/kauppa\/wp-json\/wp\/v2\/product_tag?post=15055"}],"curies":[{"name":"wp","href":"https:\/\/api.w.org\/{rel}","templated":true}]}}